{"id":159413,"date":"2025-12-19T00:36:25","date_gmt":"2025-12-18T21:36:25","guid":{"rendered":"https:\/\/baldumarket.lt\/product\/szafka-kuchenna-dolna-2-drzwiowa-zabudowa-zlewozmywaka-d80z-sycylia-orzech\/"},"modified":"2026-02-06T14:32:44","modified_gmt":"2026-02-06T11:32:44","slug":"szafka-kuchenna-dolna-2-drzwiowa-zabudowa-zlewozmywaka-d80z-sycylia-orzech","status":"publish","type":"product","link":"https:\/\/baldumarket.lt\/lt\/product\/szafka-kuchenna-dolna-2-drzwiowa-zabudowa-zlewozmywaka-d80z-sycylia-orzech\/","title":{"rendered":"Apatin\u0117 2 dur\u0173 virtuv\u0117s spintel\u0117 su kriaukle D80Z Sicily Walnut"},"content":{"rendered":"<p>\u0160i eleganti\u0161ka apatin\u0117 spintel\u0117, puikiai tinkanti \u012fmontuojamai kriauklei, yra puikus sprendimas tiems, kurie vertina stili\u0173 ir funkcionalum\u0105 virtuv\u0117je. Pagaminta i\u0161 auk\u0161\u010diausios kokyb\u0117s med\u017eiag\u0173, ji u\u017etikrina patvarum\u0105 ir eleganti\u0161k\u0105 i\u0161vaizd\u0105. Milano rie\u0161uto spalva harmoningai dera su \u012fvairiais virtuv\u0117s i\u0161d\u0117stymais, suteikdama \u0161ilumos ir elegancijos. Spintel\u0117s dizainas orientuotas \u012f maksimal\u0173 erdv\u0117s i\u0161naudojim\u0105, tod\u0117l tai itin prakti\u0161kas virtuv\u0117s elementas. D\u0117l apgalvoto dizaino \u0161is baldas suteikia lengv\u0105 prieig\u0105 prie b\u016btiniausi\u0173 virtuv\u0117s reikmen\u0173, palengvindamas kasdien\u012f maisto ruo\u0161im\u0105. Sidabrin\u0117s plastikin\u0117s rankenos suteikia modernumo ir patogumo naudoti. Spintel\u0117 yra ne tik esteti\u0161kai patraukli, bet ir itin funkcionali. Ji buvo sukurta taip, kad b\u016bt\u0173 lengva surinkti patiems \u2013 puikus sprendimas tiems, kurie m\u0117gsta kontroliuoti interjero dizaino proces\u0105. Tai leid\u017eia jums m\u0117gautis pasitenkinimu kuriant savo svajoni\u0173 virtuv\u0119 patiems.<\/p>","protected":false},"excerpt":{"rendered":"<p>Plotis (cm): 80<br \/>\n\u016agis (cm): 82<br \/>\nGylis (cm): 47<\/p>","protected":false},"featured_media":159414,"comment_status":"open","ping_status":"open","template":"","meta":[],"product_brand":[],"product_cat":[9450,4106,9118],"product_tag":[],"class_list":{"0":"post-159413","1":"product","2":"type-product","3":"status-publish","4":"has-post-thumbnail","6":"product_cat-kitchen-system-sycylia-orzech-milano","7":"product_cat-gala-meble","8":"product_cat-kitchen-cabinets","10":"first","11":"instock","12":"purchasable","13":"product-type-simple"},"_links":{"self":[{"href":"https:\/\/baldumarket.lt\/lt\/wp-json\/wp\/v2\/product\/159413","targetHints":{"allow":["GET"]}}],"collection":[{"href":"https:\/\/baldumarket.lt\/lt\/wp-json\/wp\/v2\/product"}],"about":[{"href":"https:\/\/baldumarket.lt\/lt\/wp-json\/wp\/v2\/types\/product"}],"replies":[{"embeddable":true,"href":"https:\/\/baldumarket.lt\/lt\/wp-json\/wp\/v2\/comments?post=159413"}],"wp:featuredmedia":[{"embeddable":true,"href":"https:\/\/baldumarket.lt\/lt\/wp-json\/wp\/v2\/media\/159414"}],"wp:attachment":[{"href":"https:\/\/baldumarket.lt\/lt\/wp-json\/wp\/v2\/media?parent=159413"}],"wp:term":[{"taxonomy":"product_brand","embeddable":true,"href":"https:\/\/baldumarket.lt\/lt\/wp-json\/wp\/v2\/product_brand?post=159413"},{"taxonomy":"product_cat","embeddable":true,"href":"https:\/\/baldumarket.lt\/lt\/wp-json\/wp\/v2\/product_cat?post=159413"},{"taxonomy":"product_tag","embeddable":true,"href":"https:\/\/baldumarket.lt\/lt\/wp-json\/wp\/v2\/product_tag?post=159413"}],"curies":[{"name":"wp","href":"https:\/\/api.w.org\/{rel}","templated":true}]}}