{"id":159408,"date":"2025-12-19T00:36:15","date_gmt":"2025-12-18T21:36:15","guid":{"rendered":"https:\/\/baldumarket.lt\/product\/szafka-kuchenna-dolna-2-drzwiowa-zabudowa-zlewozmywaka-sycylia-andersen-d60z\/"},"modified":"2026-02-06T12:46:54","modified_gmt":"2026-02-06T09:46:54","slug":"szafka-kuchenna-dolna-2-drzwiowa-zabudowa-zlewozmywaka-sycylia-andersen-d60z","status":"publish","type":"product","link":"https:\/\/baldumarket.lt\/lt\/product\/szafka-kuchenna-dolna-2-drzwiowa-zabudowa-zlewozmywaka-sycylia-andersen-d60z\/","title":{"rendered":"Apatin\u0117 2 dur\u0173 virtuv\u0117s spintel\u0117 su \u012fmontuota kriaukle Sicily Andersen D60Z"},"content":{"rendered":"<p>Atraskite itali\u0161kos elegancijos \u017eaves\u012f savo virtuv\u0117je su unikalia \u201eSicylia\u201c kolekcijos virtuv\u0117s spintele i\u0161 garsaus \u201eGa\u0142a Meble\u201c prek\u0117s \u017eenklo. \u0160i stilinga kriaukl\u0117 \u017eavi ne tik savo dizainu, bet ir prakti\u0161ku po\u017ei\u016briu \u012f kasdienius poreikius. Kaimi\u0161kos Anderseno pu\u0161ies priekin\u0117je dalyje ir subtilaus, matinio balto korpuso derinys sukuria harmoning\u0105 atmosfer\u0105, puikiai tinkan\u010di\u0105 tiek maisto gaminimui, tiek poilsiui su puodeliu kavos. Patikimas \u0161ios virtuv\u0117s spintel\u0117s patvarumas matomas i\u0161 auk\u0161tos kokyb\u0117s MDF ir laminuot\u0173 plok\u0161\u010di\u0173, kurios u\u017etikrina atsparum\u0105 dr\u0117gmei ir mechaniniams pa\u017eeidimams. Taigi, nesvarbu, ar gaminate vai\u0161es visai \u0161eimai, ar m\u0117gaujat\u0117s vienatv\u0117s akimirka, visada b\u016bsite ram\u016bs, kad pasirinkote gamin\u012f, kuris atlaikys laiko i\u0161bandym\u0105. Prakti\u0161kumas dera su estetika d\u0117ka apgalvoto dizaino, pabr\u0117\u017eian\u010dio funkcionalum\u0105. Sidabrin\u0117s plastikin\u0117s ranken\u0117l\u0117s u\u017etikrina ne\u012ftik\u0117tin\u0105 patogum\u0105 kasdieniam naudojimui, o klasikinei elegancijai suteikia modernumo. \u0160ioje spintel\u0117je lengvai tilps visi svarbiausi virtuv\u0117s reikmenys, tod\u0117l j\u016bs\u0173 kulinarin\u0117 karalyst\u0117 bus tvarkinga ir organizuota.<\/p>","protected":false},"excerpt":{"rendered":"<p>Plotis (cm): 60<br \/>\n\u016agis (cm): 82<br \/>\nGylis (cm): 47<\/p>","protected":false},"featured_media":159409,"comment_status":"open","ping_status":"open","template":"","meta":[],"product_brand":[],"product_cat":[9440,9441,4106,9118],"product_tag":[],"class_list":{"0":"post-159408","1":"product","2":"type-product","3":"status-publish","4":"has-post-thumbnail","6":"product_cat-kitchen-system-sycylia-sosna-andersen","7":"product_cat-white","8":"product_cat-gala-meble","9":"product_cat-kitchen-cabinets","11":"first","12":"instock","13":"purchasable","14":"product-type-simple"},"_links":{"self":[{"href":"https:\/\/baldumarket.lt\/lt\/wp-json\/wp\/v2\/product\/159408","targetHints":{"allow":["GET"]}}],"collection":[{"href":"https:\/\/baldumarket.lt\/lt\/wp-json\/wp\/v2\/product"}],"about":[{"href":"https:\/\/baldumarket.lt\/lt\/wp-json\/wp\/v2\/types\/product"}],"replies":[{"embeddable":true,"href":"https:\/\/baldumarket.lt\/lt\/wp-json\/wp\/v2\/comments?post=159408"}],"wp:featuredmedia":[{"embeddable":true,"href":"https:\/\/baldumarket.lt\/lt\/wp-json\/wp\/v2\/media\/159409"}],"wp:attachment":[{"href":"https:\/\/baldumarket.lt\/lt\/wp-json\/wp\/v2\/media?parent=159408"}],"wp:term":[{"taxonomy":"product_brand","embeddable":true,"href":"https:\/\/baldumarket.lt\/lt\/wp-json\/wp\/v2\/product_brand?post=159408"},{"taxonomy":"product_cat","embeddable":true,"href":"https:\/\/baldumarket.lt\/lt\/wp-json\/wp\/v2\/product_cat?post=159408"},{"taxonomy":"product_tag","embeddable":true,"href":"https:\/\/baldumarket.lt\/lt\/wp-json\/wp\/v2\/product_tag?post=159408"}],"curies":[{"name":"wp","href":"https:\/\/api.w.org\/{rel}","templated":true}]}}