{"id":159404,"date":"2025-12-19T00:36:08","date_gmt":"2025-12-18T21:36:08","guid":{"rendered":"https:\/\/baldumarket.lt\/product\/szafka-kuchenna-dolna-2-drzwiowy-regal-d60r-p-l-langen-artisan\/"},"modified":"2026-02-18T11:26:32","modified_gmt":"2026-02-18T08:26:32","slug":"szafka-kuchenna-dolna-2-drzwiowy-regal-d60r-p-l-langen-artisan","status":"publish","type":"product","link":"https:\/\/baldumarket.lt\/lt\/product\/szafka-kuchenna-dolna-2-drzwiowy-regal-d60r-p-l-langen-artisan\/","title":{"rendered":"Apatin\u0117 virtuv\u0117s spintel\u0117 su 2 dur\u0173 lentynomis D60R P\/L Langen Artisan"},"content":{"rendered":"<p>Su \u201eLangen Artisan D60R P\/L\u201c po \u017eeme montuojama dviej\u0173 dur\u0173 virtuv\u0117s spintele suteikite savo virtuvei modernaus dizaino ir funkcionalumo. \u0160i eleganti\u0161ka spintel\u0117, i\u0161siskirianti \u0161iltu \u201eArtisan\u201c \u0105\u017euolo medienos atspalviu, puikiai der\u0117s prie bet kurio kambario, suteikdama jam unikal\u0173 charakter\u012f. Subtilios linijos ir \u0161vari apdaila pavers \u0161i\u0105 spintel\u0119 j\u016bs\u0173 virtuv\u0117s traukos centru, i\u0161laikydama harmonij\u0105 ir vientisum\u0105.<\/p>\n<p>Prakti\u0161ki \u0161ios spintel\u0117s sprendimai daro j\u0105 ne tik gra\u017ei\u0105, bet ir ne\u012ftik\u0117tinai funkcionali\u0105. D\u0117l reguliuojam\u0173 kojeli\u0173 jos auk\u0161t\u012f galima reguliuoti pagal j\u016bs\u0173 poreikius, u\u017etikrinant optimal\u0173 komfort\u0105. Be to, pasirinkimas tarp klasikin\u0117s juodos metalin\u0117s rankenos arba atidarymo spustel\u0117jus sistemos suteikia pritaikymo galimybi\u0173, kurios pary\u0161kins individual\u0173 bet kurios virtuv\u0117s stili\u0173.<\/p>\n<p>Pagaminta i\u0161 auk\u0161tos kokyb\u0117s laminuotos plok\u0161t\u0117s, \u201eLangen Artisan\u201c spintel\u0117 pasi\u017eymi i\u0161skirtiniu patvarumu ir atsparumu kasdieniam naudojimui, tod\u0117l tai idealus pasirinkimas tiems, kurie vertina tvirtum\u0105 ir patikimum\u0105. Erdvus dizainas leid\u017eia laikyti b\u016btiniausius priedus ir maisto produktus, padeda palaikyti tvark\u0105 ir efektyvum\u0105 bet kurioje virtuv\u0117je.<\/p>\n<p>U\u017etikrinkite rami\u0105 atmosfer\u0105 savo namuose pasirinkdami \u201epasidaryk pats\u201c surinkim\u0105, kuris suteikia jums visi\u0161k\u0105 erdv\u0117s tvarkymo prisiminim\u0173 kontrol\u0119. I\u0161samios instrukcijos paver\u010dia proces\u0105 paprastu ir maloniu procesu. \u201eLangen Artisan D60R P\/L\u201c apatin\u0117 virtuv\u0117s spintel\u0117 su dviem durimis yra puikus sprendimas tiems, kurie nori derinti estetik\u0105 su funkcionalumu ir sukurti savo svajoni\u0173 virtuv\u0119.<\/p>","protected":false},"excerpt":{"rendered":"<p>Plotis (cm): 60<br \/>\n\u016agis (cm): 212<br \/>\nGylis (cm): 58<\/p>","protected":false},"featured_media":159405,"comment_status":"open","ping_status":"open","template":"","meta":[],"product_brand":[],"product_cat":[9442,4106],"product_tag":[],"class_list":{"0":"post-159404","1":"product","2":"type-product","3":"status-publish","4":"has-post-thumbnail","6":"product_cat-kitchen-system-langen-dab-artisan","7":"product_cat-gala-meble","9":"first","10":"instock","11":"purchasable","12":"product-type-simple"},"_links":{"self":[{"href":"https:\/\/baldumarket.lt\/lt\/wp-json\/wp\/v2\/product\/159404","targetHints":{"allow":["GET"]}}],"collection":[{"href":"https:\/\/baldumarket.lt\/lt\/wp-json\/wp\/v2\/product"}],"about":[{"href":"https:\/\/baldumarket.lt\/lt\/wp-json\/wp\/v2\/types\/product"}],"replies":[{"embeddable":true,"href":"https:\/\/baldumarket.lt\/lt\/wp-json\/wp\/v2\/comments?post=159404"}],"wp:featuredmedia":[{"embeddable":true,"href":"https:\/\/baldumarket.lt\/lt\/wp-json\/wp\/v2\/media\/159405"}],"wp:attachment":[{"href":"https:\/\/baldumarket.lt\/lt\/wp-json\/wp\/v2\/media?parent=159404"}],"wp:term":[{"taxonomy":"product_brand","embeddable":true,"href":"https:\/\/baldumarket.lt\/lt\/wp-json\/wp\/v2\/product_brand?post=159404"},{"taxonomy":"product_cat","embeddable":true,"href":"https:\/\/baldumarket.lt\/lt\/wp-json\/wp\/v2\/product_cat?post=159404"},{"taxonomy":"product_tag","embeddable":true,"href":"https:\/\/baldumarket.lt\/lt\/wp-json\/wp\/v2\/product_tag?post=159404"}],"curies":[{"name":"wp","href":"https:\/\/api.w.org\/{rel}","templated":true}]}}