{"id":159400,"date":"2025-12-19T00:36:00","date_gmt":"2025-12-18T21:36:00","guid":{"rendered":"https:\/\/baldumarket.lt\/product\/szafka-kuchenna-dolna-2-drzwiowy-regal-d60r-p-l-langen-grey\/"},"modified":"2026-02-18T11:26:32","modified_gmt":"2026-02-18T08:26:32","slug":"szafka-kuchenna-dolna-2-drzwiowy-regal-d60r-p-l-langen-grey","status":"publish","type":"product","link":"https:\/\/baldumarket.lt\/lt\/product\/szafka-kuchenna-dolna-2-drzwiowy-regal-d60r-p-l-langen-grey\/","title":{"rendered":"Apatin\u0117 virtuv\u0117s spintel\u0117 su 2 dur\u0173 lentynomis, D60R, pilka, Langen"},"content":{"rendered":"<p>Pristatome \u201eLangen Grey\u201c apatin\u0119 virtuv\u0117s spintel\u0119, kuri meistri\u0161kai derina elegancij\u0105 ir funkcionalum\u0105. Unikalus stilius suteikia virtuvei modernumo, sukurdamas harmonijos ir rafinuoto paprastumo atmosfer\u0105. Matin\u0117s pilkos spalvos spintel\u0117 puikiai dera su \u0105\u017euoliniu korpusu, tod\u0117l tai puikus pasirinkimas tiems, kurie vertina stili\u0173 ir estetik\u0105.<\/p>\n<p>Tvirta konstrukcija, pagaminta i\u0161 auk\u0161tos kokyb\u0117s MDF ir laminato plok\u0161\u010di\u0173, u\u017etikrina ilgaam\u017ei\u0161kum\u0105 ir atsparum\u0105 kasdieniams virtuv\u0117s i\u0161\u0161\u016bkiams. Kartu su reguliuojamo auk\u0161\u010dio kojel\u0117mis spintel\u0117 prisitaiko prie individuali\u0173 erdv\u0117s poreiki\u0173, nepaisant grind\u0173 nelygum\u0173. Kruop\u0161\u010diai suprojektuotos detal\u0117s, tokios kaip juodos metalin\u0117s rankenos, pabr\u0117\u017eia modern\u0173 \u0161io baldo charakter\u012f.<\/p>\n<p>\u0160ios spintel\u0117s funkcionalumas patenkins net ir reikliausi\u0173 vartotoj\u0173 l\u016bkes\u010dius. Dvidur\u0117 lentyna pasi\u017eymi erdviu vidumi, kuriame tilps visi virtuv\u0117s reikmenys ir daug daugiau. Tai padaro bet kuri\u0105 virtuv\u0119 tvarkingesn\u0119 ir esteti\u0161kesn\u0119. Atidarymo spustel\u0117jus sistema, leid\u017eianti atidaryti be ranken\u0117li\u0173, dar labiau padidina naudojimo paprastum\u0105.<\/p>\n<p>\u201eLangen Grey\u201c \u2013 eleganti\u0161kas ir prakti\u0161kas pasirinkimas, kuris pakeis bet kuri\u0105 virtuv\u0119. Modernus dizainas ir gerai apgalvota forma paver\u010dia j\u012f unikaliu priedu, kuris tarnaus jums daugel\u012f met\u0173. Nedvejokite ir rinkit\u0117s sprendim\u0105, kuris nustebins kiekvien\u0105 nam\u0173 \u016bkio nar\u012f savo stiliumi ir funkcionalumu!<\/p>","protected":false},"excerpt":{"rendered":"<p>Plotis (cm): 60<br \/>\n\u016agis (cm): 212<br \/>\nGylis (cm): 58<\/p>","protected":false},"featured_media":159401,"comment_status":"open","ping_status":"open","template":"","meta":[],"product_brand":[],"product_cat":[9442,4106],"product_tag":[],"class_list":{"0":"post-159400","1":"product","2":"type-product","3":"status-publish","4":"has-post-thumbnail","6":"product_cat-kitchen-system-langen-dab-artisan","7":"product_cat-gala-meble","9":"first","10":"instock","11":"purchasable","12":"product-type-simple"},"_links":{"self":[{"href":"https:\/\/baldumarket.lt\/lt\/wp-json\/wp\/v2\/product\/159400","targetHints":{"allow":["GET"]}}],"collection":[{"href":"https:\/\/baldumarket.lt\/lt\/wp-json\/wp\/v2\/product"}],"about":[{"href":"https:\/\/baldumarket.lt\/lt\/wp-json\/wp\/v2\/types\/product"}],"replies":[{"embeddable":true,"href":"https:\/\/baldumarket.lt\/lt\/wp-json\/wp\/v2\/comments?post=159400"}],"wp:featuredmedia":[{"embeddable":true,"href":"https:\/\/baldumarket.lt\/lt\/wp-json\/wp\/v2\/media\/159401"}],"wp:attachment":[{"href":"https:\/\/baldumarket.lt\/lt\/wp-json\/wp\/v2\/media?parent=159400"}],"wp:term":[{"taxonomy":"product_brand","embeddable":true,"href":"https:\/\/baldumarket.lt\/lt\/wp-json\/wp\/v2\/product_brand?post=159400"},{"taxonomy":"product_cat","embeddable":true,"href":"https:\/\/baldumarket.lt\/lt\/wp-json\/wp\/v2\/product_cat?post=159400"},{"taxonomy":"product_tag","embeddable":true,"href":"https:\/\/baldumarket.lt\/lt\/wp-json\/wp\/v2\/product_tag?post=159400"}],"curies":[{"name":"wp","href":"https:\/\/api.w.org\/{rel}","templated":true}]}}