{"id":159396,"date":"2025-12-19T00:35:52","date_gmt":"2025-12-18T21:35:52","guid":{"rendered":"https:\/\/baldumarket.lt\/product\/szafka-kuchenna-dolna-2-drzwiowy-regal-lewy-d60r-l-aspen-grey-szary-polysk\/"},"modified":"2026-02-08T10:19:26","modified_gmt":"2026-02-08T07:19:26","slug":"szafka-kuchenna-dolna-2-drzwiowy-regal-lewy-d60r-l-aspen-grey-szary-polysk","status":"publish","type":"product","link":"https:\/\/baldumarket.lt\/lt\/product\/szafka-kuchenna-dolna-2-drzwiowy-regal-lewy-d60r-l-aspen-grey-szary-polysk\/","title":{"rendered":"Apatin\u0117 virtuv\u0117s spintel\u0117 su 2 durimis, kairi\u0105ja lentyna, D60R-L, drebul\u0117s pilkumo blizgesys"},"content":{"rendered":"<p>Elegancija ir funkcionalumas susitinka \u201eGa\u0142a Meble\u201c dviej\u0173 dur\u0173 apatin\u0117je virtuv\u0117s spintel\u0117je \u201eD60R-L Aspen Grey\u201c. \u0160is baldas, pasi\u017eymintis ry\u0161kia blizgia pilka apdaila, puikiai papildys moderni\u0105 virtuv\u0119, suteikdamas jai unikal\u0173 charakter\u012f ir stili\u0173. Priekin\u0117s dalys pagamintos i\u0161 blizgios pilkos MDF plok\u0161t\u0117s, kuri traukia ak\u012f ir suteikia erdvei eleganti\u0161k\u0105 i\u0161vaizd\u0105.<\/p>\n<p>Spintel\u0117s korpusas, pagamintas i\u0161 matin\u0117s baltos laminato med\u017eiagos, sukuria subtil\u0173 kontrast\u0105, sukurdamas i\u0161skirtinai harmoning\u0105 ir stiling\u0105 bendr\u0105 vaizd\u0105. \u0160is nesenstantis spalv\u0173 derinys puikiai dera su naujausiomis interjero tendencijomis, u\u017etikrina universalum\u0105 ir galimyb\u0119 lengvai der\u0117ti prie kit\u0173 virtuv\u0117s element\u0173.<\/p>\n<p>\u201eAspen Grey\u201c spintel\u0117 yra ne tik esteti\u0161kai patraukli, bet ir prakti\u0161ka kasdieniam naudojimui. D\u0117l didel\u0117s vidin\u0117s erdv\u0117s indus, puodus ir kitus reikmenis laikyti tampa papras\u010diau ir tvarkingiau. Savaime u\u017esidarantys vyriai u\u017etikrina patogum\u0105 ir saugum\u0105 u\u017edarant dureles, o reguliuojamos kojel\u0117s leid\u017eia reguliuoti spintel\u0117s auk\u0161t\u012f, tod\u0117l j\u0105 lengva integruoti su kitais virtuv\u0117s baldais.<\/p>\n<p>Surinkdami spintel\u0119 patys, galite asmeni\u0161kai dalyvauti kuriant interjero dizain\u0105 ir paversti savo virtuv\u0119 svajoni\u0173 erdve. Instrukcijos yra ai\u0161kios ir lengvai suprantamos, tod\u0117l surinkimo procesas yra ne tik paprastas, bet ir naudingas. D\u0117l to \u201eAspen Grey\u201c virtuv\u0117s spintel\u0117 i\u0161 \u201eGa\u0142a Meble\u201c yra puikus pasirinkimas tiems, kurie vertina unikal\u0173 stiliaus, kokyb\u0117s ir funkcionalumo derin\u012f.<\/p>","protected":false},"excerpt":{"rendered":"<p>Plotis (cm): 60<br \/>\n\u016agis (cm): 212<br \/>\nGylis (cm): 58<\/p>","protected":false},"featured_media":159397,"comment_status":"open","ping_status":"open","template":"","meta":[],"product_brand":[],"product_cat":[9451,4106,9118],"product_tag":[],"class_list":{"0":"post-159396","1":"product","2":"type-product","3":"status-publish","4":"has-post-thumbnail","6":"product_cat-kitchen-system-aspen-grey","7":"product_cat-gala-meble","8":"product_cat-kitchen-cabinets","10":"first","11":"instock","12":"purchasable","13":"product-type-simple"},"_links":{"self":[{"href":"https:\/\/baldumarket.lt\/lt\/wp-json\/wp\/v2\/product\/159396","targetHints":{"allow":["GET"]}}],"collection":[{"href":"https:\/\/baldumarket.lt\/lt\/wp-json\/wp\/v2\/product"}],"about":[{"href":"https:\/\/baldumarket.lt\/lt\/wp-json\/wp\/v2\/types\/product"}],"replies":[{"embeddable":true,"href":"https:\/\/baldumarket.lt\/lt\/wp-json\/wp\/v2\/comments?post=159396"}],"wp:featuredmedia":[{"embeddable":true,"href":"https:\/\/baldumarket.lt\/lt\/wp-json\/wp\/v2\/media\/159397"}],"wp:attachment":[{"href":"https:\/\/baldumarket.lt\/lt\/wp-json\/wp\/v2\/media?parent=159396"}],"wp:term":[{"taxonomy":"product_brand","embeddable":true,"href":"https:\/\/baldumarket.lt\/lt\/wp-json\/wp\/v2\/product_brand?post=159396"},{"taxonomy":"product_cat","embeddable":true,"href":"https:\/\/baldumarket.lt\/lt\/wp-json\/wp\/v2\/product_cat?post=159396"},{"taxonomy":"product_tag","embeddable":true,"href":"https:\/\/baldumarket.lt\/lt\/wp-json\/wp\/v2\/product_tag?post=159396"}],"curies":[{"name":"wp","href":"https:\/\/api.w.org\/{rel}","templated":true}]}}