{"id":159393,"date":"2025-12-19T00:35:47","date_gmt":"2025-12-18T21:35:47","guid":{"rendered":"https:\/\/baldumarket.lt\/product\/szafka-kuchenna-dolna-2-drzwiowy-regal-lewy-d60r-l-aspen-white-bialy-polysk\/"},"modified":"2026-02-06T13:20:20","modified_gmt":"2026-02-06T10:20:20","slug":"szafka-kuchenna-dolna-2-drzwiowy-regal-lewy-d60r-l-aspen-white-bialy-polysk","status":"publish","type":"product","link":"https:\/\/baldumarket.lt\/lt\/product\/szafka-kuchenna-dolna-2-drzwiowy-regal-lewy-d60r-l-aspen-white-bialy-polysk\/","title":{"rendered":"Apatin\u0117 virtuv\u0117s spintel\u0117 su 2 durimis, kairi\u0105ja lentyna, D60R-L, drebul\u0117s balta, blizgi balta"},"content":{"rendered":"<p>Atraskite elegancij\u0105 ir funkcionalum\u0105 su m\u016bs\u0173 pagrindine virtuv\u0117s spintele, kuri neabejotinai suteiks modernumo bet kokiam interjerui. Jos blizg\u016bs balti fasadai atrodo nepriekai\u0161tingai, sukurdami \u0161viesos ir laisv\u0117s kupin\u0105 erdv\u0119. Minimalistinio dizaino ir kruop\u0161\u010diai apgalvot\u0173 detali\u0173 derinys paver\u010dia \u0161\u012f bald\u0105 tikru j\u016bs\u0173 virtuv\u0117s akcentu, suteikian\u010diu gaivumo ir modernumo dvelksm\u0105.<\/p>\n<p>Naudodami MDF ir laminuotas plok\u0161tes, u\u017etikriname ne tik estetik\u0105, bet ir ilgaam\u017ei\u0161kum\u0105. \u0160i tvirta med\u017eiaga spintel\u0119 daro atspari\u0105 kasdieniam naudojimui, o jos konstrukcija garantuoja ilgalaik\u012f stabilum\u0105 ir patikimum\u0105. Taip pat verta pamin\u0117ti reguliuojamas kojeles, kurios leid\u017eia puikiai reguliuoti auk\u0161t\u012f, tod\u0117l ji prakti\u0161ka ir patogi bet kuriame kambaryje.<\/p>\n<p>\u0160i spintel\u0117 si\u016blo daugiau nei tik vietos daiktams susid\u0117ti. D\u0117l apgalvoto dizaino ir dviej\u0173 dureli\u0173 lentyn\u0173 bloko virtuv\u0117je susitvarkyti yra nepaprastai paprasta. Savaime u\u017esidarantys vyriai u\u017etikrina tyl\u0173 ir skland\u0173 dur\u0173 u\u017edarym\u0105, taip padidindami kasdienio naudojimo patogum\u0105. Tai idealus pasirinkimas tiems, kurie vertina patogum\u0105 ir estetik\u0105 viename.<\/p>\n<p>Spintel\u0117s spalvos \u2013 blizgios baltos priekin\u0117s dalys ir matinis korpusas \u2013 harmoningai papildo viena kit\u0105, sukurdamos darni\u0105 ir stiling\u0105 visum\u0105. \u0160is derinys ne tik papildys bet kok\u012f interjer\u0105, bet ir suteiks jam unikal\u0173 charakter\u012f. Tai puikus pasirinkimas tiems, kurie nori pabr\u0117\u017eti modern\u0173 savo virtuv\u0117s stili\u0173, i\u0161laikydami prakti\u0161kus sprendimus.<\/p>","protected":false},"excerpt":{"rendered":"<p>Plotis (cm): 60<br \/>\n\u016agis (cm): 212<br \/>\nGylis (cm): 58<\/p>","protected":false},"featured_media":159394,"comment_status":"open","ping_status":"open","template":"","meta":[],"product_brand":[],"product_cat":[9445,4106,1987],"product_tag":[],"class_list":{"0":"post-159393","1":"product","2":"type-product","3":"status-publish","4":"has-post-thumbnail","6":"product_cat-kitchen-system-aspen-white","7":"product_cat-gala-meble","8":"product_cat-shelving-units","10":"first","11":"instock","12":"purchasable","13":"product-type-simple"},"_links":{"self":[{"href":"https:\/\/baldumarket.lt\/lt\/wp-json\/wp\/v2\/product\/159393","targetHints":{"allow":["GET"]}}],"collection":[{"href":"https:\/\/baldumarket.lt\/lt\/wp-json\/wp\/v2\/product"}],"about":[{"href":"https:\/\/baldumarket.lt\/lt\/wp-json\/wp\/v2\/types\/product"}],"replies":[{"embeddable":true,"href":"https:\/\/baldumarket.lt\/lt\/wp-json\/wp\/v2\/comments?post=159393"}],"wp:featuredmedia":[{"embeddable":true,"href":"https:\/\/baldumarket.lt\/lt\/wp-json\/wp\/v2\/media\/159394"}],"wp:attachment":[{"href":"https:\/\/baldumarket.lt\/lt\/wp-json\/wp\/v2\/media?parent=159393"}],"wp:term":[{"taxonomy":"product_brand","embeddable":true,"href":"https:\/\/baldumarket.lt\/lt\/wp-json\/wp\/v2\/product_brand?post=159393"},{"taxonomy":"product_cat","embeddable":true,"href":"https:\/\/baldumarket.lt\/lt\/wp-json\/wp\/v2\/product_cat?post=159393"},{"taxonomy":"product_tag","embeddable":true,"href":"https:\/\/baldumarket.lt\/lt\/wp-json\/wp\/v2\/product_tag?post=159393"}],"curies":[{"name":"wp","href":"https:\/\/api.w.org\/{rel}","templated":true}]}}