{"id":159388,"date":"2025-12-19T00:35:37","date_gmt":"2025-12-18T21:35:37","guid":{"rendered":"https:\/\/baldumarket.lt\/product\/szafka-kuchenna-dolna-2-drzwiowy-regal-lewy-d60r-l-prowansja-sosna-andersen-bialy-mat\/"},"modified":"2026-02-06T13:08:41","modified_gmt":"2026-02-06T10:08:41","slug":"szafka-kuchenna-dolna-2-drzwiowy-regal-lewy-d60r-l-prowansja-sosna-andersen-bialy-mat","status":"publish","type":"product","link":"https:\/\/baldumarket.lt\/lt\/product\/szafka-kuchenna-dolna-2-drzwiowy-regal-lewy-d60r-l-prowansja-sosna-andersen-bialy-mat\/","title":{"rendered":"Apatin\u0117 virtuv\u0117s spintel\u0117, 2 dur\u0173, kair\u0117 lentyna, D60R-L, provanso pu\u0161is, Anderseno balta matin\u0117"},"content":{"rendered":"<p>Su\u017eav\u0117kite kiekvien\u0105, \u012f\u017eengus\u012f \u012f j\u016bs\u0173 virtuv\u0119, \u0161ia eleganti\u0161ka \u201eProwansja\u201c kolekcijos apatine spintele. \u012ekv\u0117pta skandinavi\u0161ko stiliaus, \u0161i spintel\u0117 yra harmonijos ir rafinuotumo \u012fsik\u016bnijimas. \u201eAndersen\u201c pu\u0161ies fasadai subtiliai kontrastuoja su matin\u0117s baltos spalvos korpusu, sukurdami \u0161viesos ir erdv\u0117s atmosfer\u0105. Tai pasirinkimas tiems, kurie trok\u0161ta interjero, spinduliuojan\u010dio grynumu ir subtilumu. Be to, \u0161i spintel\u0117 pasi\u017eymi stebinan\u010diu funkcionalumu. D\u0117l dviej\u0173 sulankstom\u0173 dureli\u0173 galite laikyti b\u016btiniausius indus, virtuv\u0117s reikmenis ir maisto produktus. I\u0161man\u016bs sprendimai, tokie kaip juodos metalin\u0117s rankenos ir savaime u\u017esidarantys vyriai, supaprastina kasdien\u012f naudojim\u0105, tod\u0117l j\u016bs\u0173 virtuv\u0117 tampa patogia erdve. Nepamir\u0161kime ir \u0161io \u201eGa\u0142a Meble\u201c gaminio prakti\u0161kumo. Spintel\u0117 pagaminta i\u0161 auk\u0161tos kokyb\u0117s med\u017eiag\u0173 \u2013 MDF ir laminuotos plok\u0161t\u0117s \u2013 kurios garantuoja jos patvarum\u0105 ir atsparum\u0105 kasdieniams virtuv\u0117s i\u0161\u0161\u016bkiams. Reguliuojamos kojel\u0117s leid\u017eia stabiliai prisitaikyti prie nelygi\u0173 grind\u0173, u\u017etikrinant visi\u0161k\u0105 ergonomik\u0105.<\/p>","protected":false},"excerpt":{"rendered":"<p>Plotis (cm): 60<br \/>\n\u016agis (cm): 212<br \/>\nGylis (cm): 58<\/p>","protected":false},"featured_media":159389,"comment_status":"open","ping_status":"open","template":"","meta":[],"product_brand":[],"product_cat":[9444,9441,4106,1987],"product_tag":[],"class_list":{"0":"post-159388","1":"product","2":"type-product","3":"status-publish","4":"has-post-thumbnail","6":"product_cat-kitchen-system-prowansja-sosna-andersen","7":"product_cat-white","8":"product_cat-gala-meble","9":"product_cat-shelving-units","11":"first","12":"instock","13":"purchasable","14":"product-type-simple"},"_links":{"self":[{"href":"https:\/\/baldumarket.lt\/lt\/wp-json\/wp\/v2\/product\/159388","targetHints":{"allow":["GET"]}}],"collection":[{"href":"https:\/\/baldumarket.lt\/lt\/wp-json\/wp\/v2\/product"}],"about":[{"href":"https:\/\/baldumarket.lt\/lt\/wp-json\/wp\/v2\/types\/product"}],"replies":[{"embeddable":true,"href":"https:\/\/baldumarket.lt\/lt\/wp-json\/wp\/v2\/comments?post=159388"}],"wp:featuredmedia":[{"embeddable":true,"href":"https:\/\/baldumarket.lt\/lt\/wp-json\/wp\/v2\/media\/159389"}],"wp:attachment":[{"href":"https:\/\/baldumarket.lt\/lt\/wp-json\/wp\/v2\/media?parent=159388"}],"wp:term":[{"taxonomy":"product_brand","embeddable":true,"href":"https:\/\/baldumarket.lt\/lt\/wp-json\/wp\/v2\/product_brand?post=159388"},{"taxonomy":"product_cat","embeddable":true,"href":"https:\/\/baldumarket.lt\/lt\/wp-json\/wp\/v2\/product_cat?post=159388"},{"taxonomy":"product_tag","embeddable":true,"href":"https:\/\/baldumarket.lt\/lt\/wp-json\/wp\/v2\/product_tag?post=159388"}],"curies":[{"name":"wp","href":"https:\/\/api.w.org\/{rel}","templated":true}]}}