{"id":159383,"date":"2025-12-19T00:35:28","date_gmt":"2025-12-18T21:35:28","guid":{"rendered":"https:\/\/baldumarket.lt\/product\/szafka-kuchenna-dolna-2-drzwiowy-regal-prawy-d60r-p-aspen-grey-szary-polysk\/"},"modified":"2026-02-08T10:19:26","modified_gmt":"2026-02-08T07:19:26","slug":"szafka-kuchenna-dolna-2-drzwiowy-regal-prawy-d60r-p-aspen-grey-szary-polysk","status":"publish","type":"product","link":"https:\/\/baldumarket.lt\/lt\/product\/szafka-kuchenna-dolna-2-drzwiowy-regal-prawy-d60r-p-aspen-grey-szary-polysk\/","title":{"rendered":"Apatin\u0117 virtuv\u0117s spintel\u0117 su 2 durimis, de\u0161inin\u0117 lentyna, D60R-P, drebul\u0117s pilkumo blizgesys"},"content":{"rendered":"<p>Suteikite savo virtuvei stiliaus su eleganti\u0161ka \u201eAspen\u201c virtuv\u0117s spintele i\u0161 \u201eGa\u0142a Meble\u201c. \u0160is gra\u017eus baldas derina modern\u0173 dizain\u0105 ir funkcionalum\u0105, puikiai der\u0117damas bet kurioje modernioje virtuv\u0117s erdv\u0117je. Blizg\u016bs pilki fasadai suteikia interjerui rafinuoto charakterio, pabr\u0117\u017eia subtilum\u0105 ir modernum\u0105. Stilingas matin\u0117s baltos spalvos korpuso ir blizgan\u010dios pilkos spintel\u0117s fasado kontrastas yra ne tik esteti\u0161kai patrauklus, bet ir i\u0161skirtinai universalus. D\u0117l to ji puikiai tinka tiek moderniam, tiek klasikiniam interjerui, suteikdama modernumo. \u0160ios spintel\u0117s prakti\u0161kum\u0105 atspindi ir i\u0161mani konstrukcija. Reguliuojamos kojel\u0117s, kuri\u0173 ilgis nuo 10 iki 12,5 cm, leid\u017eia puikiai reguliuoti auk\u0161t\u012f pagal individualius j\u016bs\u0173 virtuv\u0117s erdv\u0117s poreikius. Tai leid\u017eia lengviau i\u0161laikyti pusiausvyr\u0105 ir stabilum\u0105, kurie yra b\u016btini bet kurioje dinami\u0161koje virtuv\u0117je.<\/p>","protected":false},"excerpt":{"rendered":"<p>Plotis (cm): 60<br \/>\n\u016agis (cm): 212<br \/>\nGylis (cm): 58<\/p>","protected":false},"featured_media":159384,"comment_status":"open","ping_status":"open","template":"","meta":[],"product_brand":[],"product_cat":[9451,4106,9118],"product_tag":[],"class_list":{"0":"post-159383","1":"product","2":"type-product","3":"status-publish","4":"has-post-thumbnail","6":"product_cat-kitchen-system-aspen-grey","7":"product_cat-gala-meble","8":"product_cat-kitchen-cabinets","10":"first","11":"instock","12":"purchasable","13":"product-type-simple"},"_links":{"self":[{"href":"https:\/\/baldumarket.lt\/lt\/wp-json\/wp\/v2\/product\/159383","targetHints":{"allow":["GET"]}}],"collection":[{"href":"https:\/\/baldumarket.lt\/lt\/wp-json\/wp\/v2\/product"}],"about":[{"href":"https:\/\/baldumarket.lt\/lt\/wp-json\/wp\/v2\/types\/product"}],"replies":[{"embeddable":true,"href":"https:\/\/baldumarket.lt\/lt\/wp-json\/wp\/v2\/comments?post=159383"}],"wp:featuredmedia":[{"embeddable":true,"href":"https:\/\/baldumarket.lt\/lt\/wp-json\/wp\/v2\/media\/159384"}],"wp:attachment":[{"href":"https:\/\/baldumarket.lt\/lt\/wp-json\/wp\/v2\/media?parent=159383"}],"wp:term":[{"taxonomy":"product_brand","embeddable":true,"href":"https:\/\/baldumarket.lt\/lt\/wp-json\/wp\/v2\/product_brand?post=159383"},{"taxonomy":"product_cat","embeddable":true,"href":"https:\/\/baldumarket.lt\/lt\/wp-json\/wp\/v2\/product_cat?post=159383"},{"taxonomy":"product_tag","embeddable":true,"href":"https:\/\/baldumarket.lt\/lt\/wp-json\/wp\/v2\/product_tag?post=159383"}],"curies":[{"name":"wp","href":"https:\/\/api.w.org\/{rel}","templated":true}]}}