{"id":159374,"date":"2025-12-19T00:35:11","date_gmt":"2025-12-18T21:35:11","guid":{"rendered":"https:\/\/baldumarket.lt\/product\/szafka-kuchenna-dolna-2-drzwiowy-regal-prawy-d60r-p-prowansja-sosna-andersen-bialy-mat\/"},"modified":"2026-02-06T13:08:41","modified_gmt":"2026-02-06T10:08:41","slug":"szafka-kuchenna-dolna-2-drzwiowy-regal-prawy-d60r-p-prowansja-sosna-andersen-bialy-mat","status":"publish","type":"product","link":"https:\/\/baldumarket.lt\/lt\/product\/szafka-kuchenna-dolna-2-drzwiowy-regal-prawy-d60r-p-prowansja-sosna-andersen-bialy-mat\/","title":{"rendered":"Apatin\u0117 virtuv\u0117s spintel\u0117, 2 dur\u0173, de\u0161inin\u0117 lentyna, D60R-P, provanso pu\u0161is, Anderseno balta matin\u0117"},"content":{"rendered":"<p>Atraskite nauj\u0105 savo virtuv\u0117s dizaino dimensij\u0105 su unikalia apatine \u201eGa\u0142a Meble\u201c virtuv\u0117s spintele. D60R-P \u201eProwansja\u201c modelis \u012fk\u016bnija klasikinio dizaino esm\u0119, suteikdamas j\u016bs\u0173 interjerui unikal\u0173 Provanso elegancijos \u017eaves\u012f. Priekin\u0117je dalyje esanti Anderseno pu\u0161is harmoningai papildo matin\u0117s baltos spalvos korpus\u0105, sukurdama gaiv\u0173 ir nesenstant\u012f charakter\u012f turin\u010di\u0105 erdv\u0119. D\u0117l gerai apgalvoto dizaino \u0161i dvidur\u0117 spintel\u0117 yra puikus prakti\u0161kas bet kurios virtuv\u0117s papildymas. Ergonomi\u0161kai suprojektuotas interjeras leid\u017eia laikyti b\u016btiniausius virtuv\u0117s priedus, tod\u0117l kasdieniai darbai tampa daug patogesni. Reguliuojamos kojel\u0117s, kuri\u0173 auk\u0161tis svyruoja nuo 10 cm iki 12,5 cm, leid\u017eia pritaikyti spintel\u0119 pagal individualius poreikius, pagerinant jos funkcionalum\u0105. \u0160ios spintel\u0117s estetik\u0105 sustiprina stilingos juodos metalin\u0117s rankenos, suteikian\u010dios bet kokiam interjerui modernumo. Subtilios detal\u0117s, tokios kaip savaime u\u017esidarantys vyriai, kasdien\u012f naudojim\u0105 paver\u010dia ne tik paprastu, bet ir ne\u012ftik\u0117tinai maloniu. Toks dekoratyvinis elementas yra ne tik baldas, bet ir unikalus akcentas, pabr\u0117\u017eiantis j\u016bs\u0173 virtuv\u0117s stili\u0173.<\/p>","protected":false},"excerpt":{"rendered":"<p>Plotis (cm): 60<br \/>\n\u016agis (cm): 212<br \/>\nGylis (cm): 58<\/p>","protected":false},"featured_media":159375,"comment_status":"open","ping_status":"open","template":"","meta":[],"product_brand":[],"product_cat":[9444,9441,4106,1987],"product_tag":[],"class_list":{"0":"post-159374","1":"product","2":"type-product","3":"status-publish","4":"has-post-thumbnail","6":"product_cat-kitchen-system-prowansja-sosna-andersen","7":"product_cat-white","8":"product_cat-gala-meble","9":"product_cat-shelving-units","11":"first","12":"instock","13":"purchasable","14":"product-type-simple"},"_links":{"self":[{"href":"https:\/\/baldumarket.lt\/lt\/wp-json\/wp\/v2\/product\/159374","targetHints":{"allow":["GET"]}}],"collection":[{"href":"https:\/\/baldumarket.lt\/lt\/wp-json\/wp\/v2\/product"}],"about":[{"href":"https:\/\/baldumarket.lt\/lt\/wp-json\/wp\/v2\/types\/product"}],"replies":[{"embeddable":true,"href":"https:\/\/baldumarket.lt\/lt\/wp-json\/wp\/v2\/comments?post=159374"}],"wp:featuredmedia":[{"embeddable":true,"href":"https:\/\/baldumarket.lt\/lt\/wp-json\/wp\/v2\/media\/159375"}],"wp:attachment":[{"href":"https:\/\/baldumarket.lt\/lt\/wp-json\/wp\/v2\/media?parent=159374"}],"wp:term":[{"taxonomy":"product_brand","embeddable":true,"href":"https:\/\/baldumarket.lt\/lt\/wp-json\/wp\/v2\/product_brand?post=159374"},{"taxonomy":"product_cat","embeddable":true,"href":"https:\/\/baldumarket.lt\/lt\/wp-json\/wp\/v2\/product_cat?post=159374"},{"taxonomy":"product_tag","embeddable":true,"href":"https:\/\/baldumarket.lt\/lt\/wp-json\/wp\/v2\/product_tag?post=159374"}],"curies":[{"name":"wp","href":"https:\/\/api.w.org\/{rel}","templated":true}]}}