{"id":159368,"date":"2025-12-19T00:34:57","date_gmt":"2025-12-18T21:34:57","guid":{"rendered":"https:\/\/baldumarket.lt\/product\/szafka-kuchenna-dolna-2d-narozna-sorento-d90n-baltic-storm-bezowy-mat\/"},"modified":"2026-02-18T11:16:14","modified_gmt":"2026-02-18T08:16:14","slug":"szafka-kuchenna-dolna-2d-narozna-sorento-d90n-baltic-storm-bezowy-mat","status":"publish","type":"product","link":"https:\/\/baldumarket.lt\/lt\/product\/szafka-kuchenna-dolna-2d-narozna-sorento-d90n-baltic-storm-bezowy-mat\/","title":{"rendered":"Apatin\u0117 2D kampin\u0117 virtuv\u0117s spintel\u0117 Sorento D90N Baltic Storm Beige Matte"},"content":{"rendered":"<p>\u201eSorento D90N\u201c apatin\u0117 virtuv\u0117s spintel\u0117 \u2013 puikus pasirinkimas tiems, kurie savo virtuv\u0117je vertina ir elegancij\u0105, ir funkcionalum\u0105. Matin\u0117s sm\u0117lio spalvos priekin\u0117 dalis kartu su \u201eBaltic Storm\u201c korpusu sukuria harmoning\u0105 visum\u0105, kuri bet kokiam interjerui suteiks ramyb\u0117s ir rafinuotumo. Subtili, ta\u010diau moderni apdaila leid\u017eia spintelei skland\u017eiai dera prie \u012fvairi\u0173 virtuv\u0117s dizain\u0173 \u2013 nuo klasikini\u0173 iki avangardini\u0173. \u201eSorento D90N\u201c i\u0161siskiria ne tik estetika, bet ir gerai apgalvotu dizainu. D\u0117l kampinio i\u0161d\u0117stymo galite lengvai maksimaliai i\u0161naudoti turim\u0105 erdv\u0119, tod\u0117l kiekvienas virtuv\u0117s centimetras bus naudingas. Tai puikus sprendimas tiems, kurie kovoja su ribota erdve, bet nori i\u0161laikyti patogum\u0105 ir tvark\u0105. Juodos metalin\u0117s rankenos suteikia modernumo, pabr\u0117\u017eiant spintel\u0117s tvirtum\u0105 ir ilgaam\u017ei\u0161kum\u0105. Nepriklausomai nuo dienos, ar tai greitas rytas, ar rami popiet\u0117, \u0161velniai u\u017esidarantys \u201eClip-On\u201c vyriai leis patogiai ir tyliai naudotis spintele. D\u0117l reguliuojam\u0173 kojeli\u0173, kuri\u0173 auk\u0161tis svyruoja nuo 15 iki 17 cm, \u201eSorento D90N\u201c prisitaiko prie individuali\u0173 poreiki\u0173 ir bet kokio interjero s\u0105lyg\u0173. Savaranki\u0161kas surinkimas, nors ir paprastas, suteikia pasitenkinim\u0105 suasmeninta erdve.<\/p>","protected":false},"excerpt":{"rendered":"<p>Plotis (cm): 84<br \/>\n\u016agis (cm): 87<br \/>\nGylis (cm): 84<\/p>","protected":false},"featured_media":159369,"comment_status":"open","ping_status":"open","template":"","meta":[],"product_brand":[],"product_cat":[9436,4106],"product_tag":[],"class_list":{"0":"post-159368","1":"product","2":"type-product","3":"status-publish","4":"has-post-thumbnail","6":"product_cat-kitchen-system-sorento","7":"product_cat-gala-meble","9":"first","10":"instock","11":"purchasable","12":"product-type-simple"},"_links":{"self":[{"href":"https:\/\/baldumarket.lt\/lt\/wp-json\/wp\/v2\/product\/159368","targetHints":{"allow":["GET"]}}],"collection":[{"href":"https:\/\/baldumarket.lt\/lt\/wp-json\/wp\/v2\/product"}],"about":[{"href":"https:\/\/baldumarket.lt\/lt\/wp-json\/wp\/v2\/types\/product"}],"replies":[{"embeddable":true,"href":"https:\/\/baldumarket.lt\/lt\/wp-json\/wp\/v2\/comments?post=159368"}],"wp:featuredmedia":[{"embeddable":true,"href":"https:\/\/baldumarket.lt\/lt\/wp-json\/wp\/v2\/media\/159369"}],"wp:attachment":[{"href":"https:\/\/baldumarket.lt\/lt\/wp-json\/wp\/v2\/media?parent=159368"}],"wp:term":[{"taxonomy":"product_brand","embeddable":true,"href":"https:\/\/baldumarket.lt\/lt\/wp-json\/wp\/v2\/product_brand?post=159368"},{"taxonomy":"product_cat","embeddable":true,"href":"https:\/\/baldumarket.lt\/lt\/wp-json\/wp\/v2\/product_cat?post=159368"},{"taxonomy":"product_tag","embeddable":true,"href":"https:\/\/baldumarket.lt\/lt\/wp-json\/wp\/v2\/product_tag?post=159368"}],"curies":[{"name":"wp","href":"https:\/\/api.w.org\/{rel}","templated":true}]}}