{"id":159362,"date":"2025-12-19T00:34:44","date_gmt":"2025-12-18T21:34:44","guid":{"rendered":"https:\/\/baldumarket.lt\/product\/szafka-kuchenna-dolna-2d-narozna-sorento-d90n-baltic-storm-green\/"},"modified":"2026-02-18T11:16:14","modified_gmt":"2026-02-18T08:16:14","slug":"szafka-kuchenna-dolna-2d-narozna-sorento-d90n-baltic-storm-green","status":"publish","type":"product","link":"https:\/\/baldumarket.lt\/lt\/product\/szafka-kuchenna-dolna-2d-narozna-sorento-d90n-baltic-storm-green\/","title":{"rendered":"Apatin\u0117 2D kampin\u0117 virtuv\u0117s spintel\u0117 Sorento D90N Baltic Storm Green"},"content":{"rendered":"<p>Atraskite naudingos erdv\u0117s magij\u0105 su \u201eSorento D90N 2-D\u201c kampine apatine virtuv\u0117s spintele ne\u012ftik\u0117tinai madingos \u201eBaltic Storm Green\u201c spalvos. \u0160i eleganti\u0161ka spintel\u0117 \u2013 puikus pasirinkimas tiems, kurie savo virtuv\u0117je siekia suderinti modernum\u0105 su funkcionalumu. Subtilus, matinis \u017ealias priekis puikiai kontrastuoja su korpuso spalva, suteikdamas harmonijos ir stiliaus bet kokiam interjerui. Sukurta atsi\u017evelgiant \u012f estetik\u0105 ir naudojimo paprastum\u0105, \u0161i spintel\u0117 yra puikus j\u016bs\u0173 nam\u0173 papildymas. Pasl\u0117pta virtuv\u0117s kampe, \u0161is apgalvotas dizainas leid\u017eia maksimaliai i\u0161naudoti erdv\u0119. Viduje prakti\u0161ka lentyna supaprastina kasdieni\u0173 virtuv\u0117s reikmen\u0173 organizavim\u0105. Auk\u0161tos, reguliuojamos kojel\u0117s u\u017etikrina stabilum\u0105 ir leid\u017eia lengvai pritaikyti prie j\u016bs\u0173 poreiki\u0173. \u0160is sprendimas atitiks tiek didesni\u0173, tiek ma\u017eesni\u0173 virtuvi\u0173 reikalavimus, suteikdamas ne\u012fkainojam\u0105 pagalb\u0105 kasdien ruo\u0161iant maist\u0105. \u201eSorento\u201c serijos baldai d\u017eiugina ne tik savo estetika, bet ir apgalvotu funkcionalumu. Juodos metalin\u0117s rankenos suteikia spintelei modernumo ir palengvina prieig\u0105 prie jos vidaus. U\u017esegami vyriai su \u0161velnaus u\u017edarymo funkcija leid\u017eia atidaryti ir u\u017edaryti dureles ne\u012ftik\u0117tinai skland\u017eiai ir tyliai. Tokios detal\u0117s pabr\u0117\u017eia gaminio presti\u017e\u0105 ir klas\u0119, kuri patenkins net ir i\u0161rankiausi\u0105 skon\u012f.<\/p>","protected":false},"excerpt":{"rendered":"<p>Plotis (cm): 84<br \/>\n\u016agis (cm): 87<br \/>\nGylis (cm): 84<\/p>","protected":false},"featured_media":159363,"comment_status":"open","ping_status":"open","template":"","meta":[],"product_brand":[],"product_cat":[9436,4106],"product_tag":[],"class_list":{"0":"post-159362","1":"product","2":"type-product","3":"status-publish","4":"has-post-thumbnail","6":"product_cat-kitchen-system-sorento","7":"product_cat-gala-meble","9":"first","10":"instock","11":"purchasable","12":"product-type-simple"},"_links":{"self":[{"href":"https:\/\/baldumarket.lt\/lt\/wp-json\/wp\/v2\/product\/159362","targetHints":{"allow":["GET"]}}],"collection":[{"href":"https:\/\/baldumarket.lt\/lt\/wp-json\/wp\/v2\/product"}],"about":[{"href":"https:\/\/baldumarket.lt\/lt\/wp-json\/wp\/v2\/types\/product"}],"replies":[{"embeddable":true,"href":"https:\/\/baldumarket.lt\/lt\/wp-json\/wp\/v2\/comments?post=159362"}],"wp:featuredmedia":[{"embeddable":true,"href":"https:\/\/baldumarket.lt\/lt\/wp-json\/wp\/v2\/media\/159363"}],"wp:attachment":[{"href":"https:\/\/baldumarket.lt\/lt\/wp-json\/wp\/v2\/media?parent=159362"}],"wp:term":[{"taxonomy":"product_brand","embeddable":true,"href":"https:\/\/baldumarket.lt\/lt\/wp-json\/wp\/v2\/product_brand?post=159362"},{"taxonomy":"product_cat","embeddable":true,"href":"https:\/\/baldumarket.lt\/lt\/wp-json\/wp\/v2\/product_cat?post=159362"},{"taxonomy":"product_tag","embeddable":true,"href":"https:\/\/baldumarket.lt\/lt\/wp-json\/wp\/v2\/product_tag?post=159362"}],"curies":[{"name":"wp","href":"https:\/\/api.w.org\/{rel}","templated":true}]}}