{"id":159356,"date":"2025-12-19T00:34:31","date_gmt":"2025-12-18T21:34:31","guid":{"rendered":"https:\/\/baldumarket.lt\/product\/szafka-kuchenna-dolna-2d-narozna-sorento-d90n-bialy-green\/"},"modified":"2026-02-18T11:15:57","modified_gmt":"2026-02-18T08:15:57","slug":"szafka-kuchenna-dolna-2d-narozna-sorento-d90n-bialy-green","status":"publish","type":"product","link":"https:\/\/baldumarket.lt\/lt\/product\/szafka-kuchenna-dolna-2d-narozna-sorento-d90n-bialy-green\/","title":{"rendered":"Apatin\u0117 2D kampin\u0117 virtuv\u0117s spintel\u0117 Sorento D90N balta \u017ealia"},"content":{"rendered":"<p>Tai unikali \u201eSorento D90N 2-D\u201c kampin\u0117 apatin\u0117 virtuv\u0117s spintel\u0117, pasi\u017eyminti eleganti\u0161ka matine balta ir matine \u017ealia spalvomis. \u0160is baldas ne tik puikiai papildys modernios virtuv\u0117s estetik\u0105, bet ir suteiks gaivumo bei elegancijos. Naudotos spalvos spintelei suteikia \u017eavesio ir ak\u012f traukian\u010dios i\u0161vaizdos, o minimalistinis dizainas puikiai atspindi dabartines interjero dizaino tendencijas. \u0160i spintel\u0117 i\u0161siskiria atsipalaidavusiu moderni\u0173 med\u017eiag\u0173 ir funkcionalumo deriniu. Pagaminta i\u0161 18 mm storio laminuotos plok\u0161t\u0117s, ji yra ne tik vizualiai patraukli, bet ir atspari pa\u017eeidimams, u\u017etikrinanti ilgalaik\u012f naudojim\u0105. Auk\u0161tos juodos kojel\u0117s suteikia lengvumo ir leid\u017eia reguliuoti auk\u0161t\u012f nuo 15 iki 17 cm, tod\u0117l j\u0105 lengva pritaikyti prie individuali\u0173 virtuv\u0117s erdvini\u0173 poreiki\u0173. Kalbant apie funkcionalum\u0105, ne\u012fmanoma nepamin\u0117ti praktini\u0173 savybi\u0173, kurios paver\u010dia \u0161ios spintel\u0117s naudojim\u0105 tikru malonumu. Spintel\u0117s viduje yra viena lentyna, leid\u017eianti tvarkingai laikyti virtuv\u0117s reikmenis ir maist\u0105. D\u0117l \u201eClip-On\u201c vyri\u0173 su \u0161velnaus u\u017edarymo funkcija spintel\u0117s atidarymas ir u\u017edarymas tampa patogus ir komforti\u0161kas, o tai itin svarbu kasdien naudojant.<\/p>","protected":false},"excerpt":{"rendered":"<p>Plotis (cm): 84<br \/>\n\u016agis (cm): 87<br \/>\nGylis (cm): 84<\/p>","protected":false},"featured_media":159357,"comment_status":"open","ping_status":"open","template":"","meta":[],"product_brand":[],"product_cat":[9436,4106],"product_tag":[],"class_list":{"0":"post-159356","1":"product","2":"type-product","3":"status-publish","4":"has-post-thumbnail","6":"product_cat-kitchen-system-sorento","7":"product_cat-gala-meble","9":"first","10":"instock","11":"purchasable","12":"product-type-simple"},"_links":{"self":[{"href":"https:\/\/baldumarket.lt\/lt\/wp-json\/wp\/v2\/product\/159356","targetHints":{"allow":["GET"]}}],"collection":[{"href":"https:\/\/baldumarket.lt\/lt\/wp-json\/wp\/v2\/product"}],"about":[{"href":"https:\/\/baldumarket.lt\/lt\/wp-json\/wp\/v2\/types\/product"}],"replies":[{"embeddable":true,"href":"https:\/\/baldumarket.lt\/lt\/wp-json\/wp\/v2\/comments?post=159356"}],"wp:featuredmedia":[{"embeddable":true,"href":"https:\/\/baldumarket.lt\/lt\/wp-json\/wp\/v2\/media\/159357"}],"wp:attachment":[{"href":"https:\/\/baldumarket.lt\/lt\/wp-json\/wp\/v2\/media?parent=159356"}],"wp:term":[{"taxonomy":"product_brand","embeddable":true,"href":"https:\/\/baldumarket.lt\/lt\/wp-json\/wp\/v2\/product_brand?post=159356"},{"taxonomy":"product_cat","embeddable":true,"href":"https:\/\/baldumarket.lt\/lt\/wp-json\/wp\/v2\/product_cat?post=159356"},{"taxonomy":"product_tag","embeddable":true,"href":"https:\/\/baldumarket.lt\/lt\/wp-json\/wp\/v2\/product_tag?post=159356"}],"curies":[{"name":"wp","href":"https:\/\/api.w.org\/{rel}","templated":true}]}}