{"id":159349,"date":"2025-12-19T00:34:15","date_gmt":"2025-12-18T21:34:15","guid":{"rendered":"https:\/\/baldumarket.lt\/product\/szafka-kuchenna-dolna-2d-narozna-sorento-d90n-bialy-mat\/"},"modified":"2026-02-18T11:15:57","modified_gmt":"2026-02-18T08:15:57","slug":"szafka-kuchenna-dolna-2d-narozna-sorento-d90n-bialy-mat","status":"publish","type":"product","link":"https:\/\/baldumarket.lt\/lt\/product\/szafka-kuchenna-dolna-2d-narozna-sorento-d90n-bialy-mat\/","title":{"rendered":"Apatin\u0117 2D kampin\u0117 virtuv\u0117s spintel\u0117 Sorento D90N matin\u0117s baltos spalvos"},"content":{"rendered":"<p>Matin\u0117s baltos spalvos \u201eSorento D90N 2-D\u201c kampin\u0117 apatin\u0117 virtuv\u0117s spintel\u0117 \u2013 tobulas modernaus dizaino ir funkcionalumo derinys. Subtilios linijos ir eleganti\u0161ka apdaila suteikia bet kuriai virtuvei rafinuoto stiliaus. Matin\u0117s baltos spalvos fasadai harmoningai papildo interjero dizain\u0105, sukurdami erdvumo ir \u0161varos efekt\u0105, kuris ne\u012fkainojamas bet kurioje virtuv\u0117je. I\u0161bandykite \u0161i\u0105 spintel\u0119 kaip savo virtuv\u0117s \u0161ird\u012f, kur funkcionalumas yra toks pat svarbus kaip ir estetika. Laminuotos plok\u0161t\u0117s korpusas i\u0161siskiria atsparumu kasdieniams i\u0161\u0161\u016bkiams, u\u017etikrina patvarum\u0105 ir lengv\u0105 valym\u0105. Tai rei\u0161kia, kad gal\u0117site m\u0117gautis gra\u017eia savo virtuv\u0117s i\u0161vaizda ilgus metus, nesijaudindami d\u0117l mechanini\u0173 pa\u017eeidim\u0173. Vienas i\u0161 ne\u012fkainojam\u0173 \u0161ios spintel\u0117s privalum\u0173 \u2013 aukso spalvos metalin\u0117 rankena, suteikianti prabangos. U\u017esegami vyriai u\u017etikrina tyl\u0173 u\u017edarym\u0105, padidina komfort\u0105 ir pa\u0161alina triuk\u0161m\u0105 virtuv\u0117je. Reguliuojamos 15 cm kojel\u0117s leid\u017eia spintelei prisitaikyti prie nelygi\u0173 grind\u0173, u\u017etikrinant stabilum\u0105 ir saug\u0173 naudojim\u0105.<\/p>","protected":false},"excerpt":{"rendered":"<p>Plotis (cm): 84<br \/>\n\u016agis (cm): 87<br \/>\nGylis (cm): 84<\/p>","protected":false},"featured_media":159350,"comment_status":"open","ping_status":"open","template":"","meta":[],"product_brand":[],"product_cat":[9436,4106],"product_tag":[],"class_list":{"0":"post-159349","1":"product","2":"type-product","3":"status-publish","4":"has-post-thumbnail","6":"product_cat-kitchen-system-sorento","7":"product_cat-gala-meble","9":"first","10":"instock","11":"purchasable","12":"product-type-simple"},"_links":{"self":[{"href":"https:\/\/baldumarket.lt\/lt\/wp-json\/wp\/v2\/product\/159349","targetHints":{"allow":["GET"]}}],"collection":[{"href":"https:\/\/baldumarket.lt\/lt\/wp-json\/wp\/v2\/product"}],"about":[{"href":"https:\/\/baldumarket.lt\/lt\/wp-json\/wp\/v2\/types\/product"}],"replies":[{"embeddable":true,"href":"https:\/\/baldumarket.lt\/lt\/wp-json\/wp\/v2\/comments?post=159349"}],"wp:featuredmedia":[{"embeddable":true,"href":"https:\/\/baldumarket.lt\/lt\/wp-json\/wp\/v2\/media\/159350"}],"wp:attachment":[{"href":"https:\/\/baldumarket.lt\/lt\/wp-json\/wp\/v2\/media?parent=159349"}],"wp:term":[{"taxonomy":"product_brand","embeddable":true,"href":"https:\/\/baldumarket.lt\/lt\/wp-json\/wp\/v2\/product_brand?post=159349"},{"taxonomy":"product_cat","embeddable":true,"href":"https:\/\/baldumarket.lt\/lt\/wp-json\/wp\/v2\/product_cat?post=159349"},{"taxonomy":"product_tag","embeddable":true,"href":"https:\/\/baldumarket.lt\/lt\/wp-json\/wp\/v2\/product_tag?post=159349"}],"curies":[{"name":"wp","href":"https:\/\/api.w.org\/{rel}","templated":true}]}}