{"id":159343,"date":"2025-12-19T00:34:02","date_gmt":"2025-12-18T21:34:02","guid":{"rendered":"https:\/\/baldumarket.lt\/product\/szafka-kuchenna-dolna-2d-narozna-sorento-d90n-bialy-mat-bezowy-mat\/"},"modified":"2026-02-18T11:15:57","modified_gmt":"2026-02-18T08:15:57","slug":"szafka-kuchenna-dolna-2d-narozna-sorento-d90n-bialy-mat-bezowy-mat","status":"publish","type":"product","link":"https:\/\/baldumarket.lt\/lt\/product\/szafka-kuchenna-dolna-2d-narozna-sorento-d90n-bialy-mat-bezowy-mat\/","title":{"rendered":"Apatin\u0117 2D kampin\u0117 virtuv\u0117s spintel\u0117 Sorento D90N matin\u0117s baltos matin\u0117s sm\u0117lio spalvos"},"content":{"rendered":"<p>Sveiki atvyk\u0119 \u012f pasaul\u012f, kuriame estetika dera su funkcionalumu \u2013 \u201eSorento 2D\u201c kampin\u0117 apatin\u0117 virtuv\u0117s spintel\u0117. \u0160is \u201eGa\u0142a Meble\u201c sukurtas gaminys yra tobulas modernaus dizaino ir prakti\u0161k\u0173 sprendim\u0173 derinys. Matin\u0117s sm\u0117lio spalvos priekis ir matin\u0117s baltos spalvos korpusas skland\u017eiai \u012fsilies \u012f bet koki\u0105 virtuv\u0117s erdv\u0119, suteikdami subtilios elegancijos ir gaivumo. Sukurta kasdieniam naudojimui, \u0161i kampin\u0117 spintel\u0117 puikiai i\u0161naudoja virtuv\u0117s erdv\u0119, u\u017etikrindama maksimali\u0105 talp\u0105 ir komfort\u0105. Reguliuojamos kojel\u0117s leid\u017eia reguliuoti jos auk\u0161t\u012f pagal savo pageidavimus, tod\u0117l spintel\u0117 lengvai juda ir yra stabili ant nelygi\u0173 pavir\u0161i\u0173. Erdvus vidus leid\u017eia lengvai laikyti visus svarbiausius virtuv\u0117s reikmenis. Spintel\u0117s prakti\u0161kum\u0105 pabr\u0117\u017eia juoda metalin\u0117 rankena ir \u0161velniai u\u017esidarantys vyriai, kurie leid\u017eia skland\u017eiai ir tyliai atidaryti dureles be jokio triuk\u0161mo. Laminuotas pavir\u0161ius yra atsparus \u012fbr\u0117\u017eimams ir pa\u017eeidimams, tod\u0117l u\u017etikrinamas ilgalaikis naudojimas ir lengvas valymas.<\/p>","protected":false},"excerpt":{"rendered":"<p>Plotis (cm): 84<br \/>\n\u016agis (cm): 87<br \/>\nGylis (cm): 84<\/p>","protected":false},"featured_media":159344,"comment_status":"open","ping_status":"open","template":"","meta":[],"product_brand":[],"product_cat":[9436,4106],"product_tag":[],"class_list":{"0":"post-159343","1":"product","2":"type-product","3":"status-publish","4":"has-post-thumbnail","6":"product_cat-kitchen-system-sorento","7":"product_cat-gala-meble","9":"first","10":"instock","11":"purchasable","12":"product-type-simple"},"_links":{"self":[{"href":"https:\/\/baldumarket.lt\/lt\/wp-json\/wp\/v2\/product\/159343","targetHints":{"allow":["GET"]}}],"collection":[{"href":"https:\/\/baldumarket.lt\/lt\/wp-json\/wp\/v2\/product"}],"about":[{"href":"https:\/\/baldumarket.lt\/lt\/wp-json\/wp\/v2\/types\/product"}],"replies":[{"embeddable":true,"href":"https:\/\/baldumarket.lt\/lt\/wp-json\/wp\/v2\/comments?post=159343"}],"wp:featuredmedia":[{"embeddable":true,"href":"https:\/\/baldumarket.lt\/lt\/wp-json\/wp\/v2\/media\/159344"}],"wp:attachment":[{"href":"https:\/\/baldumarket.lt\/lt\/wp-json\/wp\/v2\/media?parent=159343"}],"wp:term":[{"taxonomy":"product_brand","embeddable":true,"href":"https:\/\/baldumarket.lt\/lt\/wp-json\/wp\/v2\/product_brand?post=159343"},{"taxonomy":"product_cat","embeddable":true,"href":"https:\/\/baldumarket.lt\/lt\/wp-json\/wp\/v2\/product_cat?post=159343"},{"taxonomy":"product_tag","embeddable":true,"href":"https:\/\/baldumarket.lt\/lt\/wp-json\/wp\/v2\/product_tag?post=159343"}],"curies":[{"name":"wp","href":"https:\/\/api.w.org\/{rel}","templated":true}]}}