{"id":159337,"date":"2025-12-19T00:33:49","date_gmt":"2025-12-18T21:33:49","guid":{"rendered":"https:\/\/baldumarket.lt\/product\/szafka-kuchenna-dolna-2d-narozna-sorento-d90n-bialy-mat-puccini\/"},"modified":"2026-02-18T11:15:57","modified_gmt":"2026-02-18T08:15:57","slug":"szafka-kuchenna-dolna-2d-narozna-sorento-d90n-bialy-mat-puccini","status":"publish","type":"product","link":"https:\/\/baldumarket.lt\/lt\/product\/szafka-kuchenna-dolna-2d-narozna-sorento-d90n-bialy-mat-puccini\/","title":{"rendered":"Apatin\u0117 2D kampin\u0117 virtuv\u0117s spintel\u0117 Sorento D90N matin\u0117s baltos spalvos Puccini"},"content":{"rendered":"<p>\u012ene\u0161kite \u012f savo virtuv\u0119 modernaus elegancijos su \u201eGa\u0142a Meble\u201c kampine apatine spintele \u201eSorento D90N\u201c. Stilingas dizainas ir apgalvotos detal\u0117s pabr\u0117\u017eia unikal\u0173 bet kurios virtuv\u0117s erdv\u0117s charakter\u012f. Su baltais \u201ePuccini\u201c fasadais \u0161i spintel\u0117 tampa ne tik prakti\u0161ku, bet ir dekoratyviu virtuv\u0117s elementu, harmoningai derinan\u010diu modern\u0173 stili\u0173 su klasikiniu subtilumu. Korpusas pagamintas i\u0161 auk\u0161tos kokyb\u0117s laminuotos plok\u0161t\u0117s, u\u017etikrinan\u010dios patvarum\u0105 ir atsparum\u0105 kasdieniams virtuv\u0117s i\u0161\u0161\u016bkiams. \u0160ios 18 mm storio med\u017eiagos ir eleganti\u0161kos, matin\u0117s baltos apdailos derinys garantuoja ne tik patvarum\u0105, bet ir lengv\u0105 valym\u0105. Be to, juodos metalin\u0117s rankenos suteikia rafinuot\u0105 kontrast\u0105, kuris pabr\u0117\u017eia rafinuot\u0105 \u0161iuolaikini\u0173 virtuvi\u0173 stili\u0173. \u201eSorento D90N\u201c spintel\u0117s funkcionalumas sukurtas atsi\u017evelgiant \u012f maksimal\u0173 erdv\u0117s i\u0161naudojim\u0105. \u0160velniai u\u017esidarantys \u201eClip-On\u201c vyriai yra ne tik patog\u016bs, bet ir suteikia ramyb\u0117s naudojimo metu. Reguliuojamos kojel\u0117s leid\u017eia puikiai reguliuoti auk\u0161t\u012f, o tai labai svarbu montuojant esamuose virtuv\u0117s balduose.<\/p>","protected":false},"excerpt":{"rendered":"<p>Plotis (cm): 84<br \/>\n\u016agis (cm): 87<br \/>\nGylis (cm): 84<\/p>","protected":false},"featured_media":159338,"comment_status":"open","ping_status":"open","template":"","meta":[],"product_brand":[],"product_cat":[9436,4106],"product_tag":[],"class_list":{"0":"post-159337","1":"product","2":"type-product","3":"status-publish","4":"has-post-thumbnail","6":"product_cat-kitchen-system-sorento","7":"product_cat-gala-meble","9":"first","10":"instock","11":"purchasable","12":"product-type-simple"},"_links":{"self":[{"href":"https:\/\/baldumarket.lt\/lt\/wp-json\/wp\/v2\/product\/159337","targetHints":{"allow":["GET"]}}],"collection":[{"href":"https:\/\/baldumarket.lt\/lt\/wp-json\/wp\/v2\/product"}],"about":[{"href":"https:\/\/baldumarket.lt\/lt\/wp-json\/wp\/v2\/types\/product"}],"replies":[{"embeddable":true,"href":"https:\/\/baldumarket.lt\/lt\/wp-json\/wp\/v2\/comments?post=159337"}],"wp:featuredmedia":[{"embeddable":true,"href":"https:\/\/baldumarket.lt\/lt\/wp-json\/wp\/v2\/media\/159338"}],"wp:attachment":[{"href":"https:\/\/baldumarket.lt\/lt\/wp-json\/wp\/v2\/media?parent=159337"}],"wp:term":[{"taxonomy":"product_brand","embeddable":true,"href":"https:\/\/baldumarket.lt\/lt\/wp-json\/wp\/v2\/product_brand?post=159337"},{"taxonomy":"product_cat","embeddable":true,"href":"https:\/\/baldumarket.lt\/lt\/wp-json\/wp\/v2\/product_cat?post=159337"},{"taxonomy":"product_tag","embeddable":true,"href":"https:\/\/baldumarket.lt\/lt\/wp-json\/wp\/v2\/product_tag?post=159337"}],"curies":[{"name":"wp","href":"https:\/\/api.w.org\/{rel}","templated":true}]}}