{"id":159331,"date":"2025-12-19T00:33:37","date_gmt":"2025-12-18T21:33:37","guid":{"rendered":"https:\/\/baldumarket.lt\/product\/szafka-kuchenna-dolna-2d-narozna-sorento-d90n-puccini-bezowy-mat\/"},"modified":"2026-02-18T11:15:57","modified_gmt":"2026-02-18T08:15:57","slug":"szafka-kuchenna-dolna-2d-narozna-sorento-d90n-puccini-bezowy-mat","status":"publish","type":"product","link":"https:\/\/baldumarket.lt\/lt\/product\/szafka-kuchenna-dolna-2d-narozna-sorento-d90n-puccini-bezowy-mat\/","title":{"rendered":"Apatin\u0117 2D kampin\u0117 virtuv\u0117s spintel\u0117 Sorento D90N Puccini matin\u0117s sm\u0117lio spalvos"},"content":{"rendered":"<p>Sukurkite eleganti\u0161k\u0105 atmosfer\u0105 savo virtuv\u0117je su stilinga \u201ePuccini Matte Beige\u201c spalvos \u201eSorento D90N 2-D\u201c kampine pagrindine spintele. \u0160is unikalus baldas puikiai dera tiek prie modernaus, tiek prie klasikinio interjero, suteikdamas jai nepakartojamo \u017eavesio. Matin\u0117s sm\u0117lio spalvos fasadai papildo skoningai suprojektuot\u0105 korpus\u0105, sukurdami harmoning\u0105 visum\u0105. Funkcionalumas ir estetika dera tarpusavyje, tod\u0117l \u0161i spintel\u0117 yra ne tik dekoratyvinis elementas, bet ir prakti\u0161kas bet kurios virtuv\u0117s papildymas. I\u0161mani kampin\u0117 forma leid\u017eia efektyviai i\u0161naudoti erdv\u0119, o tai labai svarbu ma\u017eesn\u0117se erdv\u0117se. Vidin\u0117 lentyna leid\u017eia lengvai laikyti kasdienius reikmenis ir susisteminti juos pagal j\u016bs\u0173 pageidavimus. Gilios juodos metalin\u0117s rankenos suteikia baldui modernumo, o tvirta konstrukcija daro jas ne tik patvarias, bet ir esteti\u0161kai patrauklias. Spintel\u0117 apr\u016bpinta u\u017espaud\u017eiamais vyriais su \u0161velnaus u\u017edarymo funkcija, u\u017etikrinan\u010diais patog\u0173 ir tyl\u0173 naudojim\u0105, pabr\u0117\u017eiant auk\u0161t\u0105 jos kokyb\u0119.<\/p>","protected":false},"excerpt":{"rendered":"<p>Plotis (cm): 84<br \/>\n\u016agis (cm): 87<br \/>\nGylis (cm): 84<\/p>","protected":false},"featured_media":159332,"comment_status":"open","ping_status":"open","template":"","meta":[],"product_brand":[],"product_cat":[9436,4106],"product_tag":[],"class_list":{"0":"post-159331","1":"product","2":"type-product","3":"status-publish","4":"has-post-thumbnail","6":"product_cat-kitchen-system-sorento","7":"product_cat-gala-meble","9":"first","10":"instock","11":"purchasable","12":"product-type-simple"},"_links":{"self":[{"href":"https:\/\/baldumarket.lt\/lt\/wp-json\/wp\/v2\/product\/159331","targetHints":{"allow":["GET"]}}],"collection":[{"href":"https:\/\/baldumarket.lt\/lt\/wp-json\/wp\/v2\/product"}],"about":[{"href":"https:\/\/baldumarket.lt\/lt\/wp-json\/wp\/v2\/types\/product"}],"replies":[{"embeddable":true,"href":"https:\/\/baldumarket.lt\/lt\/wp-json\/wp\/v2\/comments?post=159331"}],"wp:featuredmedia":[{"embeddable":true,"href":"https:\/\/baldumarket.lt\/lt\/wp-json\/wp\/v2\/media\/159332"}],"wp:attachment":[{"href":"https:\/\/baldumarket.lt\/lt\/wp-json\/wp\/v2\/media?parent=159331"}],"wp:term":[{"taxonomy":"product_brand","embeddable":true,"href":"https:\/\/baldumarket.lt\/lt\/wp-json\/wp\/v2\/product_brand?post=159331"},{"taxonomy":"product_cat","embeddable":true,"href":"https:\/\/baldumarket.lt\/lt\/wp-json\/wp\/v2\/product_cat?post=159331"},{"taxonomy":"product_tag","embeddable":true,"href":"https:\/\/baldumarket.lt\/lt\/wp-json\/wp\/v2\/product_tag?post=159331"}],"curies":[{"name":"wp","href":"https:\/\/api.w.org\/{rel}","templated":true}]}}