{"id":159325,"date":"2025-12-19T00:33:24","date_gmt":"2025-12-18T21:33:24","guid":{"rendered":"https:\/\/baldumarket.lt\/product\/szafka-kuchenna-dolna-2d-narozna-sorento-d90n-puccini-bialy-mat-ramka\/"},"modified":"2026-02-18T11:15:57","modified_gmt":"2026-02-18T08:15:57","slug":"szafka-kuchenna-dolna-2d-narozna-sorento-d90n-puccini-bialy-mat-ramka","status":"publish","type":"product","link":"https:\/\/baldumarket.lt\/lt\/product\/szafka-kuchenna-dolna-2d-narozna-sorento-d90n-puccini-bialy-mat-ramka\/","title":{"rendered":"Apatin\u0117 2D kampin\u0117 virtuv\u0117s spintel\u0117 Sorento D90N Puccini matin\u0117s baltos spalvos r\u0117meliu"},"content":{"rendered":"<p>Atraskite nauj\u0105 elegancijos dimensij\u0105 savo virtuv\u0117je su kampine spintele \u201eSorento D90N\u201c. Jos modern\u0173 dizain\u0105 pabr\u0117\u017eia matin\u0117 balta priekin\u0117 dalis, kuri puikiai papildo Puccini spalv\u0173 korpuso \u0161ilum\u0105. \u0160i unikali spalv\u0173 gama suteikia interjerui gaivumo ir stiliaus, kartu i\u0161reik\u0161dama subtili\u0105 klas\u0119. \u201eSorento\u201c spintel\u0117 yra ne tik esteti\u0161kai patraukli, bet ir apgalvotai funkcionali. D\u0117l kampinio dizaino ji puikiai i\u0161naudoja sud\u0117tingas erdves, suteikdama daug vietos svarbiausiems virtuv\u0117s priedams laikyti. Vidin\u0117 lentyna buvo sukurta siekiant maksimaliai padidinti erdv\u0119, tod\u0117l \u0161i spintel\u0117 yra ne\u012fkainojamas elementas bet kurioje virtuv\u0117je. Auk\u0161tos, reguliuojamo auk\u0161\u010dio kojel\u0117s suteikia modernaus \u017eavesio ir leid\u017eia reguliuoti spintel\u0117s auk\u0161t\u012f pagal individualius poreikius. Rafinuota auksin\u0117 metalin\u0117 rankena yra subtilus akcentas, pabr\u0117\u017eiantis prabang\u0173 baldo charakter\u012f. D\u0117l \u201eClip-On\u201c vyri\u0173 sistemos su \u0161velnaus u\u017edarymo sistema spintele naudotis patogu ir ne\u012ftik\u0117tinai tylu, be jokio girg\u017ed\u0117jimo ar triuk\u0161mo.<\/p>","protected":false},"excerpt":{"rendered":"<p>Plotis (cm): 84<br \/>\n\u016agis (cm): 87<br \/>\nGylis (cm): 84<\/p>","protected":false},"featured_media":159326,"comment_status":"open","ping_status":"open","template":"","meta":[],"product_brand":[],"product_cat":[9436,4106],"product_tag":[],"class_list":{"0":"post-159325","1":"product","2":"type-product","3":"status-publish","4":"has-post-thumbnail","6":"product_cat-kitchen-system-sorento","7":"product_cat-gala-meble","9":"first","10":"instock","11":"purchasable","12":"product-type-simple"},"_links":{"self":[{"href":"https:\/\/baldumarket.lt\/lt\/wp-json\/wp\/v2\/product\/159325","targetHints":{"allow":["GET"]}}],"collection":[{"href":"https:\/\/baldumarket.lt\/lt\/wp-json\/wp\/v2\/product"}],"about":[{"href":"https:\/\/baldumarket.lt\/lt\/wp-json\/wp\/v2\/types\/product"}],"replies":[{"embeddable":true,"href":"https:\/\/baldumarket.lt\/lt\/wp-json\/wp\/v2\/comments?post=159325"}],"wp:featuredmedia":[{"embeddable":true,"href":"https:\/\/baldumarket.lt\/lt\/wp-json\/wp\/v2\/media\/159326"}],"wp:attachment":[{"href":"https:\/\/baldumarket.lt\/lt\/wp-json\/wp\/v2\/media?parent=159325"}],"wp:term":[{"taxonomy":"product_brand","embeddable":true,"href":"https:\/\/baldumarket.lt\/lt\/wp-json\/wp\/v2\/product_brand?post=159325"},{"taxonomy":"product_cat","embeddable":true,"href":"https:\/\/baldumarket.lt\/lt\/wp-json\/wp\/v2\/product_cat?post=159325"},{"taxonomy":"product_tag","embeddable":true,"href":"https:\/\/baldumarket.lt\/lt\/wp-json\/wp\/v2\/product_tag?post=159325"}],"curies":[{"name":"wp","href":"https:\/\/api.w.org\/{rel}","templated":true}]}}