{"id":159319,"date":"2025-12-19T00:33:11","date_gmt":"2025-12-18T21:33:11","guid":{"rendered":"https:\/\/baldumarket.lt\/product\/szafka-kuchenna-dolna-2d-narozna-sorento-d90n-puccini-green\/"},"modified":"2026-02-18T11:15:57","modified_gmt":"2026-02-18T08:15:57","slug":"szafka-kuchenna-dolna-2d-narozna-sorento-d90n-puccini-green","status":"publish","type":"product","link":"https:\/\/baldumarket.lt\/lt\/product\/szafka-kuchenna-dolna-2d-narozna-sorento-d90n-puccini-green\/","title":{"rendered":"Apatin\u0117 2D kampin\u0117 virtuv\u0117s spintel\u0117 Sorento D90N Puccini \u017ealia"},"content":{"rendered":"<p>Atraskite elegancij\u0105 ir funkcionalum\u0105, kur\u012f j\u016bs\u0173 virtuvei suteikia \u201eSorento D90N\u201c apatinio kampinio virtuv\u0117s spintel\u0117s \u201ePuccini Green\u201c spalvos. Tai ne tik baldas, bet ir tikras ak\u012f traukiantis elementas su savo tamsiai \u017ealiu fasadu. Ji puikiai dera prie modernaus interjero, suteikdama jam stiling\u0105 ir gaiv\u0173 vaizd\u0105, atspindint\u012f dabartines interjero dizaino tendencijas. Patikimumas ir estetika yra neatsiejami. Auk\u0161tos kokyb\u0117s laminuota plok\u0161t\u0117, naudojama tiek fasadams, tiek korpusui, daro spintel\u0119 patvari\u0105 ir atspari\u0105 kasdieniams virtuv\u0117s i\u0161\u0161\u016bkiams. Universali \u201ePuccini\u201c spalva \u2013 puikus pasirinkimas tiems, kurie vertina subtilius, bet i\u0161rai\u0161kingus akcentus. Tai ne tik estetika, bet ir patogumas naudoti, nes \u201eClip-On\u201c vyriai su \u0161velnaus u\u017edarymo funkcija u\u017etikrina rami\u0105 ir taiki\u0105 nam\u0173 aplink\u0105. \u201eSorento D90N\u201c spintel\u0117 si\u016blo ne tik dekoratyv\u0173 patrauklum\u0105, bet ir prakti\u0161kus sprendimus. Kampinis dizainas leid\u017eia maksimaliai i\u0161naudoti virtuv\u0117s erdv\u0119, o vidin\u0117 lentyna leid\u017eia lengvai susid\u0117ti reikiamus priedus. Tai puiki vieta puodams ir keptuv\u0117ms, kurie visada bus po ranka d\u0117l gerai apgalvoto dizaino.<\/p>","protected":false},"excerpt":{"rendered":"<p>Plotis (cm): 84<br \/>\n\u016agis (cm): 87<br \/>\nGylis (cm): 84<\/p>","protected":false},"featured_media":159320,"comment_status":"open","ping_status":"open","template":"","meta":[],"product_brand":[],"product_cat":[9436,4106],"product_tag":[],"class_list":{"0":"post-159319","1":"product","2":"type-product","3":"status-publish","4":"has-post-thumbnail","6":"product_cat-kitchen-system-sorento","7":"product_cat-gala-meble","9":"first","10":"instock","11":"purchasable","12":"product-type-simple"},"_links":{"self":[{"href":"https:\/\/baldumarket.lt\/lt\/wp-json\/wp\/v2\/product\/159319","targetHints":{"allow":["GET"]}}],"collection":[{"href":"https:\/\/baldumarket.lt\/lt\/wp-json\/wp\/v2\/product"}],"about":[{"href":"https:\/\/baldumarket.lt\/lt\/wp-json\/wp\/v2\/types\/product"}],"replies":[{"embeddable":true,"href":"https:\/\/baldumarket.lt\/lt\/wp-json\/wp\/v2\/comments?post=159319"}],"wp:featuredmedia":[{"embeddable":true,"href":"https:\/\/baldumarket.lt\/lt\/wp-json\/wp\/v2\/media\/159320"}],"wp:attachment":[{"href":"https:\/\/baldumarket.lt\/lt\/wp-json\/wp\/v2\/media?parent=159319"}],"wp:term":[{"taxonomy":"product_brand","embeddable":true,"href":"https:\/\/baldumarket.lt\/lt\/wp-json\/wp\/v2\/product_brand?post=159319"},{"taxonomy":"product_cat","embeddable":true,"href":"https:\/\/baldumarket.lt\/lt\/wp-json\/wp\/v2\/product_cat?post=159319"},{"taxonomy":"product_tag","embeddable":true,"href":"https:\/\/baldumarket.lt\/lt\/wp-json\/wp\/v2\/product_tag?post=159319"}],"curies":[{"name":"wp","href":"https:\/\/api.w.org\/{rel}","templated":true}]}}