{"id":159308,"date":"2025-12-19T00:32:42","date_gmt":"2025-12-18T21:32:42","guid":{"rendered":"https:\/\/baldumarket.lt\/product\/szafka-kuchenna-dolna-2d-pod-zlew-sorento-d80z-bialy-mat\/"},"modified":"2026-02-18T11:15:40","modified_gmt":"2026-02-18T08:15:40","slug":"szafka-kuchenna-dolna-2d-pod-zlew-sorento-d80z-bialy-mat","status":"publish","type":"product","link":"https:\/\/baldumarket.lt\/lt\/product\/szafka-kuchenna-dolna-2d-pod-zlew-sorento-d80z-bialy-mat\/","title":{"rendered":"2D apatin\u0117 virtuv\u0117s spintel\u0117 po kriaukle Sorento D80Z matin\u0117s baltos spalvos"},"content":{"rendered":"<p>Atraskite eleganti\u0161kos matin\u0117s baltos spalvos \u201eSorento D80Z\u201c apatin\u0117s virtuv\u0117s spintel\u0117s gro\u017e\u012f ir funkcionalum\u0105. \u0160i stilinga spintel\u0117 puikiai dera prie modernaus interjero ir pagerina bet kokios virtuv\u0117s estetik\u0105. Subtilios auksin\u0117s ranken\u0117l\u0117s suteikia j\u016bs\u0173 virtuvei unikalaus \u017eavesio, suteikdamos prabangos. Ji ne tik vizualiai stulbinanti, bet ir prakti\u0161ka. Reguliuojamos kojel\u0117s leid\u017eia reguliuoti spintel\u0117s auk\u0161t\u012f pagal j\u016bs\u0173 poreikius, tod\u0117l tai puikus sprendimas j\u016bs\u0173 kriauklei. Tai ne tik baldas, bet ir ne\u012fkainojamas funkcinis elementas, kuris supaprastins kasdien\u012f darb\u0105 virtuv\u0117je, i\u0161laikant eleganti\u0161k\u0105 i\u0161vaizd\u0105. Pagaminta i\u0161 auk\u0161tos kokyb\u0117s med\u017eiag\u0173, toki\u0173 kaip MDF priekin\u0117 dalis ir laminuota plok\u0161t\u0117 korpusui, spintel\u0117 garantuoja patvarum\u0105 ir atsparum\u0105 pa\u017eeidimams. D\u0117l to ji yra ne tik gra\u017ei, bet ir patvari, tod\u0117l tai puikus pasirinkimas tiems, kurie vertina estetikos ir prakti\u0161kumo derin\u012f. Matin\u0117 balta apdaila savo ruo\u017etu suteikia modernumo ir gaivumo.<\/p>","protected":false},"excerpt":{"rendered":"<p>Plotis (cm): 80<br \/>\n\u016agis (cm): 87<br \/>\nGylis (cm): 52<\/p>","protected":false},"featured_media":159309,"comment_status":"open","ping_status":"open","template":"","meta":[],"product_brand":[],"product_cat":[9436,4106],"product_tag":[],"class_list":{"0":"post-159308","1":"product","2":"type-product","3":"status-publish","4":"has-post-thumbnail","6":"product_cat-kitchen-system-sorento","7":"product_cat-gala-meble","9":"first","10":"instock","11":"purchasable","12":"product-type-simple"},"_links":{"self":[{"href":"https:\/\/baldumarket.lt\/lt\/wp-json\/wp\/v2\/product\/159308","targetHints":{"allow":["GET"]}}],"collection":[{"href":"https:\/\/baldumarket.lt\/lt\/wp-json\/wp\/v2\/product"}],"about":[{"href":"https:\/\/baldumarket.lt\/lt\/wp-json\/wp\/v2\/types\/product"}],"replies":[{"embeddable":true,"href":"https:\/\/baldumarket.lt\/lt\/wp-json\/wp\/v2\/comments?post=159308"}],"wp:featuredmedia":[{"embeddable":true,"href":"https:\/\/baldumarket.lt\/lt\/wp-json\/wp\/v2\/media\/159309"}],"wp:attachment":[{"href":"https:\/\/baldumarket.lt\/lt\/wp-json\/wp\/v2\/media?parent=159308"}],"wp:term":[{"taxonomy":"product_brand","embeddable":true,"href":"https:\/\/baldumarket.lt\/lt\/wp-json\/wp\/v2\/product_brand?post=159308"},{"taxonomy":"product_cat","embeddable":true,"href":"https:\/\/baldumarket.lt\/lt\/wp-json\/wp\/v2\/product_cat?post=159308"},{"taxonomy":"product_tag","embeddable":true,"href":"https:\/\/baldumarket.lt\/lt\/wp-json\/wp\/v2\/product_tag?post=159308"}],"curies":[{"name":"wp","href":"https:\/\/api.w.org\/{rel}","templated":true}]}}