{"id":159303,"date":"2025-12-19T00:32:31","date_gmt":"2025-12-18T21:32:31","guid":{"rendered":"https:\/\/baldumarket.lt\/product\/szafka-kuchenna-dolna-2d-pod-zlew-sorento-d80z-bialy-mat-bezowy-mat\/"},"modified":"2026-02-18T11:15:40","modified_gmt":"2026-02-18T08:15:40","slug":"szafka-kuchenna-dolna-2d-pod-zlew-sorento-d80z-bialy-mat-bezowy-mat","status":"publish","type":"product","link":"https:\/\/baldumarket.lt\/lt\/product\/szafka-kuchenna-dolna-2d-pod-zlew-sorento-d80z-bialy-mat-bezowy-mat\/","title":{"rendered":"2D apatin\u0117 virtuv\u0117s spintel\u0117 po kriaukle Sorento D80Z matin\u0117s baltos matin\u0117s sm\u0117lio spalvos"},"content":{"rendered":"<p>Pristatome i\u0161skirtin\u0119 \u201eSorento D80Z\u201c virtuv\u0117s spintel\u0119, kuri \u017eavi modernia elegancija ir prakti\u0161kumu. Puikiai tinkanti bet kuriai virtuvei, ji tampa ne tik daikt\u0173 laikymo vieta, bet ir unikaliu interjero dizaino elementu. Matin\u0117s sm\u0117lio spalvos fasadas kartu su baltu korpusu sukuria harmoning\u0105 spalv\u0173 gam\u0105, kuri virtuvei suteikia ramyb\u0117s ir rafinuoto paprastumo. \u201eSorento\u201c spintel\u0117 buvo sukurta galvojant apie kasdien\u012f komfort\u0105. Prakti\u0161ki \u201eClip-On\u201c vyriai su \u0161velnaus u\u017edarymo mechanizmu u\u017etikrina, kad kiekvienas spintel\u0117s atidarymas ir u\u017edarymas b\u016bt\u0173 i\u0161skirtinai sklandus ir \u0161velnus, \u017eymiai pagerinant virtuv\u0117s naudojimo patogum\u0105. \u0160is sprendimas u\u017etikrina ne tik estetik\u0105, bet ir auk\u0161\u010diausi\u0105 prakti\u0161kumo lyg\u012f. Auk\u0161tos kokyb\u0117s laminuota plok\u0161t\u0117 garantuoja patvarum\u0105 ir atsparum\u0105 pa\u017eeidimams, tod\u0117l \u201eSorento\u201c spintel\u0117 yra idealus pasirinkimas ateinantiems metams. Stilinga juoda metalin\u0117 rankena suteikia i\u0161skirtinumo ir pabr\u0117\u017eia modern\u0173 dizaino charakter\u012f. Auk\u0161tos, reguliuojamos kojel\u0117s leid\u017eia spintelei prisitaikyti prie nelygi\u0173 grind\u0173, u\u017etikrinant stabilum\u0105 ir saugum\u0105.<\/p>","protected":false},"excerpt":{"rendered":"<p>Plotis (cm): 80<br \/>\n\u016agis (cm): 87<br \/>\nGylis (cm): 52<\/p>","protected":false},"featured_media":159304,"comment_status":"open","ping_status":"open","template":"","meta":[],"product_brand":[],"product_cat":[9436,4106],"product_tag":[],"class_list":{"0":"post-159303","1":"product","2":"type-product","3":"status-publish","4":"has-post-thumbnail","6":"product_cat-kitchen-system-sorento","7":"product_cat-gala-meble","9":"first","10":"instock","11":"purchasable","12":"product-type-simple"},"_links":{"self":[{"href":"https:\/\/baldumarket.lt\/lt\/wp-json\/wp\/v2\/product\/159303","targetHints":{"allow":["GET"]}}],"collection":[{"href":"https:\/\/baldumarket.lt\/lt\/wp-json\/wp\/v2\/product"}],"about":[{"href":"https:\/\/baldumarket.lt\/lt\/wp-json\/wp\/v2\/types\/product"}],"replies":[{"embeddable":true,"href":"https:\/\/baldumarket.lt\/lt\/wp-json\/wp\/v2\/comments?post=159303"}],"wp:featuredmedia":[{"embeddable":true,"href":"https:\/\/baldumarket.lt\/lt\/wp-json\/wp\/v2\/media\/159304"}],"wp:attachment":[{"href":"https:\/\/baldumarket.lt\/lt\/wp-json\/wp\/v2\/media?parent=159303"}],"wp:term":[{"taxonomy":"product_brand","embeddable":true,"href":"https:\/\/baldumarket.lt\/lt\/wp-json\/wp\/v2\/product_brand?post=159303"},{"taxonomy":"product_cat","embeddable":true,"href":"https:\/\/baldumarket.lt\/lt\/wp-json\/wp\/v2\/product_cat?post=159303"},{"taxonomy":"product_tag","embeddable":true,"href":"https:\/\/baldumarket.lt\/lt\/wp-json\/wp\/v2\/product_tag?post=159303"}],"curies":[{"name":"wp","href":"https:\/\/api.w.org\/{rel}","templated":true}]}}