{"id":159298,"date":"2025-12-19T00:32:21","date_gmt":"2025-12-18T21:32:21","guid":{"rendered":"https:\/\/baldumarket.lt\/product\/szafka-kuchenna-dolna-2d-pod-zlew-sorento-d80z-bialy-mat-puccini\/"},"modified":"2026-02-18T11:15:40","modified_gmt":"2026-02-18T08:15:40","slug":"szafka-kuchenna-dolna-2d-pod-zlew-sorento-d80z-bialy-mat-puccini","status":"publish","type":"product","link":"https:\/\/baldumarket.lt\/lt\/product\/szafka-kuchenna-dolna-2d-pod-zlew-sorento-d80z-bialy-mat-puccini\/","title":{"rendered":"2D apatin\u0117 virtuv\u0117s spintel\u0117 po kriaukle Sorento D80Z matin\u0117s baltos spalvos Puccini"},"content":{"rendered":"<p>Pristatome \u201eSorento D80Z 2-D\u201c apatin\u0119 virtuv\u0117s spintel\u0119 kriauklei \u2013 puik\u0173 bet kurios virtuv\u0117s papildym\u0105, u\u017epildant\u012f erdv\u0119 eleganti\u0161ku stiliumi. Nuostabi \u201ePuccini\u201c spalvos fasadai kartu su matin\u0117s baltos spalvos korpusu sukuria harmoning\u0105 visum\u0105, suteikdami interjerui subtilios elegancijos ir modernumo. Minimalistinis dizainas traukia ak\u012f, tod\u0117l ji tampa bet kurios virtuv\u0117s traukos centru. Funkcionalumas ir estetika yra neatsiejami. \u201eSorento\u201c spintel\u0117 sukurta siekiant maksimalaus naudojimo paprastumo. Apgalvotos savyb\u0117s, tokios kaip \u0161velnaus u\u017edarymo sistema ir juodos metalin\u0117s rankenos, pabr\u0117\u017eia jos kokyb\u0119 ir modern\u0173 dizain\u0105. Auk\u0161tos, reguliuojamos kojel\u0117s leid\u017eia pritaikyti spintel\u0119 pagal individualius poreikius, tod\u0117l ji yra i\u0161skirtinai prakti\u0161kas bet kurios virtuv\u0117s papildymas. \u0160i spintel\u0117 pasi\u017eymi ne tik vizualiu gro\u017eiu, bet ir ilgaam\u017ei\u0161kumu. Pagaminta i\u0161 laminuotos plok\u0161t\u0117s, ji yra atspari pa\u017eeidimams ir kasdieniam d\u0117v\u0117jimuisi, tod\u0117l tarnauja ilgai. Ji puikiai dera su metaline kriaukle, sukurdama harmoning\u0105 duet\u0105, kuris atskleid\u017eia geriausias j\u016bs\u0173 virtuv\u0117s savybes. Tai puikus pasirinkimas \u017emon\u0117ms, kurie vertina elegancij\u0105 ir funkcionalum\u0105.<\/p>","protected":false},"excerpt":{"rendered":"<p>Plotis (cm): 80<br \/>\n\u016agis (cm): 87<br \/>\nGylis (cm): 52<\/p>","protected":false},"featured_media":159299,"comment_status":"open","ping_status":"open","template":"","meta":[],"product_brand":[],"product_cat":[9436,4106],"product_tag":[],"class_list":{"0":"post-159298","1":"product","2":"type-product","3":"status-publish","4":"has-post-thumbnail","6":"product_cat-kitchen-system-sorento","7":"product_cat-gala-meble","9":"first","10":"instock","11":"purchasable","12":"product-type-simple"},"_links":{"self":[{"href":"https:\/\/baldumarket.lt\/lt\/wp-json\/wp\/v2\/product\/159298","targetHints":{"allow":["GET"]}}],"collection":[{"href":"https:\/\/baldumarket.lt\/lt\/wp-json\/wp\/v2\/product"}],"about":[{"href":"https:\/\/baldumarket.lt\/lt\/wp-json\/wp\/v2\/types\/product"}],"replies":[{"embeddable":true,"href":"https:\/\/baldumarket.lt\/lt\/wp-json\/wp\/v2\/comments?post=159298"}],"wp:featuredmedia":[{"embeddable":true,"href":"https:\/\/baldumarket.lt\/lt\/wp-json\/wp\/v2\/media\/159299"}],"wp:attachment":[{"href":"https:\/\/baldumarket.lt\/lt\/wp-json\/wp\/v2\/media?parent=159298"}],"wp:term":[{"taxonomy":"product_brand","embeddable":true,"href":"https:\/\/baldumarket.lt\/lt\/wp-json\/wp\/v2\/product_brand?post=159298"},{"taxonomy":"product_cat","embeddable":true,"href":"https:\/\/baldumarket.lt\/lt\/wp-json\/wp\/v2\/product_cat?post=159298"},{"taxonomy":"product_tag","embeddable":true,"href":"https:\/\/baldumarket.lt\/lt\/wp-json\/wp\/v2\/product_tag?post=159298"}],"curies":[{"name":"wp","href":"https:\/\/api.w.org\/{rel}","templated":true}]}}