{"id":159293,"date":"2025-12-19T00:32:10","date_gmt":"2025-12-18T21:32:10","guid":{"rendered":"https:\/\/baldumarket.lt\/product\/szafka-kuchenna-dolna-2d-pod-zlew-sorento-d80z-puccini\/"},"modified":"2026-02-18T11:15:40","modified_gmt":"2026-02-18T08:15:40","slug":"szafka-kuchenna-dolna-2d-pod-zlew-sorento-d80z-puccini","status":"publish","type":"product","link":"https:\/\/baldumarket.lt\/lt\/product\/szafka-kuchenna-dolna-2d-pod-zlew-sorento-d80z-puccini\/","title":{"rendered":"2D apatin\u0117 virtuv\u0117s spintel\u0117 po kriaukle Sorento D80Z Puccini"},"content":{"rendered":"<p>Atraskite elegancij\u0105 ir funkcionalum\u0105 viename su \u201eSorento D80Z 2-D\u201c apatine virtuv\u0117s spintele i\u0161 \u201ePuccini\u201c. \u0160i unikali spintel\u0117, sukurta garsaus \u201eGa\u0142a Meble\u201c prek\u0117s \u017eenklo, yra puikus pasirinkimas tiems, kurie vertina modern\u0173 dizain\u0105 ir ilgaam\u017ei\u0161kum\u0105. \u201ePuccini\u201c spalva gra\u017eiai dera su kitais virtuv\u0117s elementais, suteikdama interjerui rafinuoto elegancijos akcento. Pagaminta i\u0161 auk\u0161\u010diausios kokyb\u0117s laminuotos plok\u0161t\u0117s, ji ne tik suteikia esteti\u0161k\u0105 i\u0161vaizd\u0105, bet ir yra atspari kasdieniam d\u0117v\u0117jimuisi. Tai puikus sprendimas u\u017eimtai virtuvei, kur funkcionalumas dera su stiliumi. Juoda metalin\u0117 rankena suteikia charakterio ir visam baldui i\u0161skirtinai modern\u0173 vaizd\u0105. \u0160i spintel\u0117 kasdienius virtuv\u0117s darbus paver\u010dia malonesniais! \u0160velniai u\u017esidarantys \u201eClip-On\u201c vyriai garantuoja komfort\u0105 ir i\u0161skirtin\u012f naudojimo paprastum\u0105. Jums nereikia jaudintis d\u0117l triuk\u0161mo ar atsitiktini\u0173 trinktel\u0117jim\u0173, o tai dar labiau padidina spintel\u0117s tarnavimo laik\u0105. \u0160i spintel\u0117 puikiai tinka po kriaukle, nes suteikia pakankamai vietos svarbiausiems virtuv\u0117s priedams.<\/p>","protected":false},"excerpt":{"rendered":"<p>Plotis (cm): 80<br \/>\n\u016agis (cm): 87<br \/>\nGylis (cm): 52<\/p>","protected":false},"featured_media":159294,"comment_status":"open","ping_status":"open","template":"","meta":[],"product_brand":[],"product_cat":[9436,4106],"product_tag":[],"class_list":{"0":"post-159293","1":"product","2":"type-product","3":"status-publish","4":"has-post-thumbnail","6":"product_cat-kitchen-system-sorento","7":"product_cat-gala-meble","9":"first","10":"instock","11":"purchasable","12":"product-type-simple"},"_links":{"self":[{"href":"https:\/\/baldumarket.lt\/lt\/wp-json\/wp\/v2\/product\/159293","targetHints":{"allow":["GET"]}}],"collection":[{"href":"https:\/\/baldumarket.lt\/lt\/wp-json\/wp\/v2\/product"}],"about":[{"href":"https:\/\/baldumarket.lt\/lt\/wp-json\/wp\/v2\/types\/product"}],"replies":[{"embeddable":true,"href":"https:\/\/baldumarket.lt\/lt\/wp-json\/wp\/v2\/comments?post=159293"}],"wp:featuredmedia":[{"embeddable":true,"href":"https:\/\/baldumarket.lt\/lt\/wp-json\/wp\/v2\/media\/159294"}],"wp:attachment":[{"href":"https:\/\/baldumarket.lt\/lt\/wp-json\/wp\/v2\/media?parent=159293"}],"wp:term":[{"taxonomy":"product_brand","embeddable":true,"href":"https:\/\/baldumarket.lt\/lt\/wp-json\/wp\/v2\/product_brand?post=159293"},{"taxonomy":"product_cat","embeddable":true,"href":"https:\/\/baldumarket.lt\/lt\/wp-json\/wp\/v2\/product_cat?post=159293"},{"taxonomy":"product_tag","embeddable":true,"href":"https:\/\/baldumarket.lt\/lt\/wp-json\/wp\/v2\/product_tag?post=159293"}],"curies":[{"name":"wp","href":"https:\/\/api.w.org\/{rel}","templated":true}]}}