{"id":159288,"date":"2025-12-19T00:31:59","date_gmt":"2025-12-18T21:31:59","guid":{"rendered":"https:\/\/baldumarket.lt\/product\/szafka-kuchenna-dolna-2d-pod-zlew-sorento-d80z-puccini-bezowy-mat\/"},"modified":"2026-02-18T11:15:40","modified_gmt":"2026-02-18T08:15:40","slug":"szafka-kuchenna-dolna-2d-pod-zlew-sorento-d80z-puccini-bezowy-mat","status":"publish","type":"product","link":"https:\/\/baldumarket.lt\/lt\/product\/szafka-kuchenna-dolna-2d-pod-zlew-sorento-d80z-puccini-bezowy-mat\/","title":{"rendered":"2D apatin\u0117 virtuv\u0117s spintel\u0117 po kriaukle Sorento D80Z Puccini matin\u0117s sm\u0117lio spalvos"},"content":{"rendered":"<p>Pristatome eleganti\u0161k\u0105 matin\u0117s sm\u0117lio spalvos apdailos \u201eSorento D80Z\u201c virtuv\u0117s spintel\u0119 \u2013 tobul\u0105 sprendim\u0105 j\u016bs\u0173 virtuvei. D\u0117l modernios, minimalistin\u0117s estetikos \u0161i spintel\u0117 suteikia j\u016bs\u0173 interjerui klas\u0117s ir ramyb\u0117s. Subtilus spalv\u0173 derinys puikiai papildo tiek modern\u0173, tiek klasikin\u012f virtuv\u0117s dekor\u0105, tod\u0117l yra universalus bet kokio interjero papildymas. \u0160i unikali spintel\u0117 pasi\u017eymi ne tik estetika, bet ir funkcionalumu, kuris palengvina kasdien\u012f naudojim\u0105. Su subtiliais sm\u0117lio spalvos fasadais ir patvariu Puccini apdailos korpusu \u0161is spintel\u0117 yra atspari \u012fbr\u0117\u017eimams ir kasdieniam virtuv\u0117s darbui. Juodos metalin\u0117s rankenos suteikia kontrasto ir pabr\u0117\u017eia modern\u0173 spintel\u0117s charakter\u012f, kartu leisdamos lengvai atidaryti ir u\u017edaryti. Nepaisant elegancijos, \u201eSorento\u201c spintel\u0117 buvo sukurta atsi\u017evelgiant \u012f maksimal\u0173 komfort\u0105. Pa\u017eang\u016bs \u201eClip-On\u201c vyriai su \u0161velnaus u\u017edarymo funkcija u\u017etikrina skland\u0173 ir tyl\u0173 dureli\u0173 u\u017edarym\u0105, pa\u0161alina trankym\u0105 ir pailgina baldo tarnavimo laik\u0105. Reguliuojamos 15 cm kojel\u0117s leid\u017eia spintelei prisitaikyti prie bet kokio grind\u0173 tipo, u\u017etikrinant stabilum\u0105.<\/p>","protected":false},"excerpt":{"rendered":"<p>Plotis (cm): 80<br \/>\n\u016agis (cm): 87<br \/>\nGylis (cm): 52<\/p>","protected":false},"featured_media":159289,"comment_status":"open","ping_status":"open","template":"","meta":[],"product_brand":[],"product_cat":[9436,4106],"product_tag":[],"class_list":{"0":"post-159288","1":"product","2":"type-product","3":"status-publish","4":"has-post-thumbnail","6":"product_cat-kitchen-system-sorento","7":"product_cat-gala-meble","9":"first","10":"instock","11":"purchasable","12":"product-type-simple"},"_links":{"self":[{"href":"https:\/\/baldumarket.lt\/lt\/wp-json\/wp\/v2\/product\/159288","targetHints":{"allow":["GET"]}}],"collection":[{"href":"https:\/\/baldumarket.lt\/lt\/wp-json\/wp\/v2\/product"}],"about":[{"href":"https:\/\/baldumarket.lt\/lt\/wp-json\/wp\/v2\/types\/product"}],"replies":[{"embeddable":true,"href":"https:\/\/baldumarket.lt\/lt\/wp-json\/wp\/v2\/comments?post=159288"}],"wp:featuredmedia":[{"embeddable":true,"href":"https:\/\/baldumarket.lt\/lt\/wp-json\/wp\/v2\/media\/159289"}],"wp:attachment":[{"href":"https:\/\/baldumarket.lt\/lt\/wp-json\/wp\/v2\/media?parent=159288"}],"wp:term":[{"taxonomy":"product_brand","embeddable":true,"href":"https:\/\/baldumarket.lt\/lt\/wp-json\/wp\/v2\/product_brand?post=159288"},{"taxonomy":"product_cat","embeddable":true,"href":"https:\/\/baldumarket.lt\/lt\/wp-json\/wp\/v2\/product_cat?post=159288"},{"taxonomy":"product_tag","embeddable":true,"href":"https:\/\/baldumarket.lt\/lt\/wp-json\/wp\/v2\/product_tag?post=159288"}],"curies":[{"name":"wp","href":"https:\/\/api.w.org\/{rel}","templated":true}]}}