{"id":159283,"date":"2025-12-19T00:31:49","date_gmt":"2025-12-18T21:31:49","guid":{"rendered":"https:\/\/baldumarket.lt\/product\/szafka-kuchenna-dolna-2d-pod-zlew-sorento-d80z-puccini-bialy-mat-ramka\/"},"modified":"2026-02-18T11:15:40","modified_gmt":"2026-02-18T08:15:40","slug":"szafka-kuchenna-dolna-2d-pod-zlew-sorento-d80z-puccini-bialy-mat-ramka","status":"publish","type":"product","link":"https:\/\/baldumarket.lt\/lt\/product\/szafka-kuchenna-dolna-2d-pod-zlew-sorento-d80z-puccini-bialy-mat-ramka\/","title":{"rendered":"2D apatin\u0117 virtuv\u0117s spintel\u0117 po kriaukle Sorento D80Z Puccini matin\u0117s baltos spalvos r\u0117melis"},"content":{"rendered":"<p>Pristatome \u201eSorento D80Z 2-D\u201c apatin\u0119 virtuv\u0117s spintel\u0119 kriauklei \u2013 tobul\u0105 funkcionalumo ir rafinuoto stiliaus derin\u012f. \u0160i eleganti\u0161ka 80 cm plo\u010dio spintel\u0117 neabejotinai taps b\u016btinu bet kurios modernios virtuv\u0117s elementu. Minimalistinis matin\u0117s baltos spalvos priekis skland\u017eiai dera su interjeru, suteikdamas jam modern\u0173 ir nesenstant\u012f charakter\u012f. Ji i\u0161siskiria ne tik estetika, bet ir prakti\u0161kumu. Laminuotas \u201ePuccini\u201c spalvos korpusas u\u017etikrina patvarum\u0105 ir atsparum\u0105 kasdieniam d\u0117v\u0117jimuisi, tod\u0117l tai idealus pasirinkimas da\u017enai naudojamoms patalpoms. Auk\u0161tos kokyb\u0117s MDF plok\u0161t\u0117s ir aukso atspalvio metalini\u0173 ranken\u0173 naudojimas suteikia klas\u0117s ir elegancijos prisilietim\u0105, kuris tikrai pritrauks sve\u010di\u0173 ak\u012f. Prakti\u0161kumas neatsiejamas nuo patogumo \u2013 d\u0117l \u201eClip-On\u201c vyri\u0173 ir \u0161velnaus u\u017edarymo mechanizmo naudotis spintele tampa tikru malonumu. Reguliuojamos 15 cm auk\u0161\u010dio kojel\u0117s leid\u017eia spintelei prisitaikyti prie pavir\u0161iaus, u\u017etikrinant stabilum\u0105 net ir ant ne itin ideali\u0173 grind\u0173. Tai puikus sprendimas tiems, kurie vertina naudojimo patogum\u0105 ir estetik\u0105.<\/p>","protected":false},"excerpt":{"rendered":"<p>Plotis (cm): 80<br \/>\n\u016agis (cm): 87<br \/>\nGylis (cm): 52<\/p>","protected":false},"featured_media":159284,"comment_status":"open","ping_status":"open","template":"","meta":[],"product_brand":[],"product_cat":[9436,4106],"product_tag":[],"class_list":{"0":"post-159283","1":"product","2":"type-product","3":"status-publish","4":"has-post-thumbnail","6":"product_cat-kitchen-system-sorento","7":"product_cat-gala-meble","9":"first","10":"instock","11":"purchasable","12":"product-type-simple"},"_links":{"self":[{"href":"https:\/\/baldumarket.lt\/lt\/wp-json\/wp\/v2\/product\/159283","targetHints":{"allow":["GET"]}}],"collection":[{"href":"https:\/\/baldumarket.lt\/lt\/wp-json\/wp\/v2\/product"}],"about":[{"href":"https:\/\/baldumarket.lt\/lt\/wp-json\/wp\/v2\/types\/product"}],"replies":[{"embeddable":true,"href":"https:\/\/baldumarket.lt\/lt\/wp-json\/wp\/v2\/comments?post=159283"}],"wp:featuredmedia":[{"embeddable":true,"href":"https:\/\/baldumarket.lt\/lt\/wp-json\/wp\/v2\/media\/159284"}],"wp:attachment":[{"href":"https:\/\/baldumarket.lt\/lt\/wp-json\/wp\/v2\/media?parent=159283"}],"wp:term":[{"taxonomy":"product_brand","embeddable":true,"href":"https:\/\/baldumarket.lt\/lt\/wp-json\/wp\/v2\/product_brand?post=159283"},{"taxonomy":"product_cat","embeddable":true,"href":"https:\/\/baldumarket.lt\/lt\/wp-json\/wp\/v2\/product_cat?post=159283"},{"taxonomy":"product_tag","embeddable":true,"href":"https:\/\/baldumarket.lt\/lt\/wp-json\/wp\/v2\/product_tag?post=159283"}],"curies":[{"name":"wp","href":"https:\/\/api.w.org\/{rel}","templated":true}]}}