{"id":159278,"date":"2025-12-19T00:31:38","date_gmt":"2025-12-18T21:31:38","guid":{"rendered":"https:\/\/baldumarket.lt\/product\/szafka-kuchenna-dolna-2d-pod-zlew-sorento-d80z-puccini-green\/"},"modified":"2026-02-18T11:15:40","modified_gmt":"2026-02-18T08:15:40","slug":"szafka-kuchenna-dolna-2d-pod-zlew-sorento-d80z-puccini-green","status":"publish","type":"product","link":"https:\/\/baldumarket.lt\/lt\/product\/szafka-kuchenna-dolna-2d-pod-zlew-sorento-d80z-puccini-green\/","title":{"rendered":"2D apatin\u0117 virtuv\u0117s spintel\u0117 po \u201eSorento D80Z Puccini Green\u201c kriaukl\u0117"},"content":{"rendered":"<p>\u201eSorento D80Z 2-D\u201c apatin\u0117 virtuv\u0117s spintel\u0117 po kriaukle \u2013 tai tobulas elegancijos ir funkcionalumo derinys, kuris pakeis bet kuri\u0105 virtuv\u0119. Jos fasadai, unikalaus \u017ealio atspalvio, traukia ak\u012f ir suteikia kambariui gaivumo, sukurdami harmonijos ir ramyb\u0117s atmosfer\u0105. \u0160iuolaikinis dizainas pabr\u0117\u017eia ne tik modern\u0173 virtuv\u0117s vaizd\u0105, bet ir unikali\u0105 jos asmenyb\u0119. Paprasta forma ir subtilios detal\u0117s paver\u010dia \u201eSorento D80Z\u201c spintel\u0119 universaliu elementu, puikiai tinkan\u010diu tiek moderniose, tiek klasikin\u0117se erdv\u0117se. Pagaminta i\u0161 atsparios pa\u017eeidimams laminato plok\u0161t\u0117s, ji yra patvari ir lengvai valoma, o tai labai svarbu kasdien naudojant virtuv\u0119. Kruop\u0161ti \u201ePuccini\u201c apdaila suteikia elegancijos ir klas\u0117s. D\u0117l reguliuojam\u0173 kojeli\u0173 spintel\u0119 galima pritaikyti individualiems poreikiams, tod\u0117l ji puikiai dera prie kit\u0173 virtuv\u0117s bald\u0173. \u0160velnaus u\u017edarymo mechanizmas u\u017etikrina komfort\u0105, pa\u0161alina nepageidaujam\u0105 girg\u017ed\u0117jim\u0105 ir paver\u010dia kiekvien\u0105 akimirk\u0105 virtuv\u0117je malonumu. Juodos metalin\u0117s rankenos suteikia baldams charakterio ir ilgaam\u017ei\u0161kumo.<\/p>","protected":false},"excerpt":{"rendered":"<p>Plotis (cm): 80<br \/>\n\u016agis (cm): 87<br \/>\nGylis (cm): 52<\/p>","protected":false},"featured_media":159279,"comment_status":"open","ping_status":"open","template":"","meta":[],"product_brand":[],"product_cat":[9436,4106],"product_tag":[],"class_list":{"0":"post-159278","1":"product","2":"type-product","3":"status-publish","4":"has-post-thumbnail","6":"product_cat-kitchen-system-sorento","7":"product_cat-gala-meble","9":"first","10":"instock","11":"purchasable","12":"product-type-simple"},"_links":{"self":[{"href":"https:\/\/baldumarket.lt\/lt\/wp-json\/wp\/v2\/product\/159278","targetHints":{"allow":["GET"]}}],"collection":[{"href":"https:\/\/baldumarket.lt\/lt\/wp-json\/wp\/v2\/product"}],"about":[{"href":"https:\/\/baldumarket.lt\/lt\/wp-json\/wp\/v2\/types\/product"}],"replies":[{"embeddable":true,"href":"https:\/\/baldumarket.lt\/lt\/wp-json\/wp\/v2\/comments?post=159278"}],"wp:featuredmedia":[{"embeddable":true,"href":"https:\/\/baldumarket.lt\/lt\/wp-json\/wp\/v2\/media\/159279"}],"wp:attachment":[{"href":"https:\/\/baldumarket.lt\/lt\/wp-json\/wp\/v2\/media?parent=159278"}],"wp:term":[{"taxonomy":"product_brand","embeddable":true,"href":"https:\/\/baldumarket.lt\/lt\/wp-json\/wp\/v2\/product_brand?post=159278"},{"taxonomy":"product_cat","embeddable":true,"href":"https:\/\/baldumarket.lt\/lt\/wp-json\/wp\/v2\/product_cat?post=159278"},{"taxonomy":"product_tag","embeddable":true,"href":"https:\/\/baldumarket.lt\/lt\/wp-json\/wp\/v2\/product_tag?post=159278"}],"curies":[{"name":"wp","href":"https:\/\/api.w.org\/{rel}","templated":true}]}}