{"id":159273,"date":"2025-12-19T00:31:27","date_gmt":"2025-12-18T21:31:27","guid":{"rendered":"https:\/\/baldumarket.lt\/product\/szafka-kuchenna-dolna-2d-sorento-d30-p-l-puccini-green\/"},"modified":"2026-02-18T11:15:40","modified_gmt":"2026-02-18T08:15:40","slug":"szafka-kuchenna-dolna-2d-sorento-d30-p-l-puccini-green","status":"publish","type":"product","link":"https:\/\/baldumarket.lt\/lt\/product\/szafka-kuchenna-dolna-2d-sorento-d30-p-l-puccini-green\/","title":{"rendered":"Apatin\u0117 virtuv\u0117s spintel\u0117 2D Sorento D30 P\/L Puccini \u017ealia"},"content":{"rendered":"<p>\u201eGa\u0142a Meble\u201c \u201ePuccini Green\u201c kolekcijos apatin\u0117 virtuv\u0117s spintel\u0117 \u201eSorento D30\u201c \u2013 tai rafinuotas modernumo ir nesenstan\u010dio stiliaus derinys, kuris papuo\u0161 bet kuri\u0105 virtuv\u0119. \u017dali\u0105 priekin\u0119 dal\u012f papildo \u201ePuccini\u201c spalvos korpusas, sukuriantis harmoning\u0105 spalv\u0173 gam\u0105, kuri papildys daugel\u012f interjero dizain\u0173. \u017dalias atspalvis suteikia gaivumo ir energijos, \u012fne\u0161damas virtuv\u0117s erdvei nat\u016brali\u0105 ir jauki\u0105 atmosfer\u0105. \u201eSorento\u201c spintel\u0117s funkcionalumas slypi gerai apgalvotame dizaine, tod\u0117l kasdienis naudojimas tampa lengvesnis ir patogesnis. Auk\u0161tos, reguliuojamos kojel\u0117s leid\u017eia lengvai prisitaikyti prie grind\u0173 pavir\u0161iaus, u\u017etikrinant stabilum\u0105 ir patogum\u0105 naudoti bet kokiomis s\u0105lygomis. Tai idealus sprendimas ie\u0161kantiems prakti\u0161k\u0173, bet esteti\u0161kai patraukli\u0173 virtuv\u0117s aksesuar\u0173. Juodos metalin\u0117s rankenos suteikia spintelei charakterio, tod\u0117l ji yra ne tik funkcionali, bet ir stilinga virtuv\u0117s detal\u0117. D\u0117mesys detal\u0117ms, tokioms kaip tyl\u016bs \u201eClip-On\u201c vyriai, rodo auk\u0161\u010diausi\u0105 meistri\u0161kumo lyg\u012f, tod\u0117l kasdienis naudojimas tampa malonumu. D\u0117l \u0161i\u0173 sprendim\u0173 \u201eSorento D30\u201c u\u017etikrina skland\u0173 ir tyl\u0173 dureli\u0173 u\u017edarym\u0105, o tai ypa\u010d naudinga virtuv\u0117se, kur svarbiausia ramyb\u0117 ir tyla.<\/p>","protected":false},"excerpt":{"rendered":"<p>Plotis (cm): 30<br \/>\n\u016agis (cm): 87<br \/>\nGylis (cm): 52<\/p>","protected":false},"featured_media":159274,"comment_status":"open","ping_status":"open","template":"","meta":[],"product_brand":[],"product_cat":[9436,4106],"product_tag":[],"class_list":{"0":"post-159273","1":"product","2":"type-product","3":"status-publish","4":"has-post-thumbnail","6":"product_cat-kitchen-system-sorento","7":"product_cat-gala-meble","9":"first","10":"instock","11":"purchasable","12":"product-type-simple"},"_links":{"self":[{"href":"https:\/\/baldumarket.lt\/lt\/wp-json\/wp\/v2\/product\/159273","targetHints":{"allow":["GET"]}}],"collection":[{"href":"https:\/\/baldumarket.lt\/lt\/wp-json\/wp\/v2\/product"}],"about":[{"href":"https:\/\/baldumarket.lt\/lt\/wp-json\/wp\/v2\/types\/product"}],"replies":[{"embeddable":true,"href":"https:\/\/baldumarket.lt\/lt\/wp-json\/wp\/v2\/comments?post=159273"}],"wp:featuredmedia":[{"embeddable":true,"href":"https:\/\/baldumarket.lt\/lt\/wp-json\/wp\/v2\/media\/159274"}],"wp:attachment":[{"href":"https:\/\/baldumarket.lt\/lt\/wp-json\/wp\/v2\/media?parent=159273"}],"wp:term":[{"taxonomy":"product_brand","embeddable":true,"href":"https:\/\/baldumarket.lt\/lt\/wp-json\/wp\/v2\/product_brand?post=159273"},{"taxonomy":"product_cat","embeddable":true,"href":"https:\/\/baldumarket.lt\/lt\/wp-json\/wp\/v2\/product_cat?post=159273"},{"taxonomy":"product_tag","embeddable":true,"href":"https:\/\/baldumarket.lt\/lt\/wp-json\/wp\/v2\/product_tag?post=159273"}],"curies":[{"name":"wp","href":"https:\/\/api.w.org\/{rel}","templated":true}]}}