{"id":159268,"date":"2025-12-19T00:31:15","date_gmt":"2025-12-18T21:31:15","guid":{"rendered":"https:\/\/baldumarket.lt\/product\/szafka-kuchenna-dolna-2d-sorento-d40spwn-p-l-baltic-storm\/"},"modified":"2026-02-18T11:15:24","modified_gmt":"2026-02-18T08:15:24","slug":"szafka-kuchenna-dolna-2d-sorento-d40spwn-p-l-baltic-storm","status":"publish","type":"product","link":"https:\/\/baldumarket.lt\/lt\/product\/szafka-kuchenna-dolna-2d-sorento-d40spwn-p-l-baltic-storm\/","title":{"rendered":"Apatin\u0117 virtuv\u0117s spintel\u0117 2D Sorento D40SPWN P\/L Baltic Storm"},"content":{"rendered":"<p>Atraskite \u017eaving\u0105 apatin\u0119 virtuv\u0117s spintel\u0119 \u201eSorento 2D\u201c, kuri puikiai papildys modern\u0173 interjer\u0105 ir pasi\u016blys i\u0161skirtin\u012f funkcionalum\u0105. Eleganti\u0161ka \u201eBaltic Storm\u201c spalva paver\u010dia j\u0105 puikiu pasirinkimu tiems, kurie vertina stili\u0173 ir harmoningus spalv\u0173 derinius. Melamino panaudojimas fasaduose garantuoja ne tik estetik\u0105, bet ir ilgaam\u017ei\u0161kum\u0105, tod\u0117l \u0161i spintel\u0117 yra idealus sprendimas j\u016bs\u0173 virtuvei. \u0160i spintel\u0117 sukurta atsi\u017evelgiant \u012f kasdien\u012f naudojim\u0105. 40 cm plo\u010dio ir 58 cm gylio spintel\u0117 suteikia daug vietos indams, puodams ir kitiems virtuv\u0117s priedams laikyti. Daugyb\u0117 lentyn\u0173 leid\u017eia lengvai sutvarkyti maisto gaminimo poreikius, o j\u0173 i\u0161d\u0117stymas leid\u017eia lengvai i\u0161naudoti kiekvien\u0105 spintel\u0117s kampel\u012f. Tai puikus sprendimas ma\u017eoms virtuv\u0117ms, kuriose svarbus kiekvienas erdv\u0117s centimetras. D\u0117l reguliuojam\u0173 kojeli\u0173 spintel\u0117s auk\u0161t\u012f galima reguliuoti nuo 15 cm iki 17 cm, tod\u0117l ji puikiai tilps j\u016bs\u0173 virtuv\u0117je. Tvirtos juodos kojel\u0117s suteikia modernumo, o j\u0173 dizainas suteikia spintelei lengvumo ir eleganti\u0161kos i\u0161vaizdos. Kartu su tyliai u\u017esidaran\u010diais \u201eClip-on\u201c vyriais, j\u0105 bus malonu naudoti bet kurioje virtuv\u0117je.<\/p>","protected":false},"excerpt":{"rendered":"<p>Plotis (cm): 40<br \/>\n\u016agis (cm): 247<br \/>\nGylis (cm): 58<\/p>","protected":false},"featured_media":159269,"comment_status":"open","ping_status":"open","template":"","meta":[],"product_brand":[],"product_cat":[9436,4106],"product_tag":[],"class_list":{"0":"post-159268","1":"product","2":"type-product","3":"status-publish","4":"has-post-thumbnail","6":"product_cat-kitchen-system-sorento","7":"product_cat-gala-meble","9":"first","10":"instock","11":"purchasable","12":"product-type-simple"},"_links":{"self":[{"href":"https:\/\/baldumarket.lt\/lt\/wp-json\/wp\/v2\/product\/159268","targetHints":{"allow":["GET"]}}],"collection":[{"href":"https:\/\/baldumarket.lt\/lt\/wp-json\/wp\/v2\/product"}],"about":[{"href":"https:\/\/baldumarket.lt\/lt\/wp-json\/wp\/v2\/types\/product"}],"replies":[{"embeddable":true,"href":"https:\/\/baldumarket.lt\/lt\/wp-json\/wp\/v2\/comments?post=159268"}],"wp:featuredmedia":[{"embeddable":true,"href":"https:\/\/baldumarket.lt\/lt\/wp-json\/wp\/v2\/media\/159269"}],"wp:attachment":[{"href":"https:\/\/baldumarket.lt\/lt\/wp-json\/wp\/v2\/media?parent=159268"}],"wp:term":[{"taxonomy":"product_brand","embeddable":true,"href":"https:\/\/baldumarket.lt\/lt\/wp-json\/wp\/v2\/product_brand?post=159268"},{"taxonomy":"product_cat","embeddable":true,"href":"https:\/\/baldumarket.lt\/lt\/wp-json\/wp\/v2\/product_cat?post=159268"},{"taxonomy":"product_tag","embeddable":true,"href":"https:\/\/baldumarket.lt\/lt\/wp-json\/wp\/v2\/product_tag?post=159268"}],"curies":[{"name":"wp","href":"https:\/\/api.w.org\/{rel}","templated":true}]}}