{"id":159263,"date":"2025-12-19T00:31:04","date_gmt":"2025-12-18T21:31:04","guid":{"rendered":"https:\/\/baldumarket.lt\/product\/szafka-kuchenna-dolna-2d-sorento-d40spwn-p-l-baltic-storm-green\/"},"modified":"2026-02-18T11:15:24","modified_gmt":"2026-02-18T08:15:24","slug":"szafka-kuchenna-dolna-2d-sorento-d40spwn-p-l-baltic-storm-green","status":"publish","type":"product","link":"https:\/\/baldumarket.lt\/lt\/product\/szafka-kuchenna-dolna-2d-sorento-d40spwn-p-l-baltic-storm-green\/","title":{"rendered":"Apatin\u0117 virtuv\u0117s spintel\u0117 2D Sorento D40SPWN P\/L Baltic Storm Green"},"content":{"rendered":"<p>Pasinerkite \u012f virtuv\u0117s stiliaus \u017eaves\u012f su garsaus \u201eGa\u0142a Meble\u201c prek\u0117s \u017eenklo \u201eDolna 2D Sorento D40SPWN\u201c spintele. Gamtos \u012fkv\u0117pta spalv\u0173 gama su matiniais \u017ealiais fasadais ir \u201eBaltic Storm\u201c korpusu sukuria harmoning\u0105 atmosfer\u0105, kuri j\u016bs\u0173 virtuvei suteikia gaivumo ir elegancijos. \u0160i spintel\u0117 puikiai dera tiek prie modernaus, tiek prie klasikinio interjero. Rinkit\u0117s kasdien\u012f \u0161ios spintel\u0117s funkcionalum\u0105. D\u0117l apgalvoto dizaino patogus daikt\u0173 laikymas nebebus problema. \u0160velniai u\u017esidarantys vyriai, pritaikyti prie \u0161iuolaikinio gyvenimo b\u016bdo, u\u017etikrina patog\u0173 naudojim\u0105, o eleganti\u0161kos juodos metalin\u0117s rankenos suteikia i\u0161skirtinumo. Visas spintel\u0117 apdailinta pa\u017eeidimams atsparia laminato plok\u0161te, u\u017etikrinan\u010dia patvarum\u0105 ir estetik\u0105 ilgus metus. Pla\u010diai reguliuojamos kojel\u0117s leid\u017eia reguliuoti spintel\u0117s auk\u0161t\u012f nuo 150 iki 170 mm, tod\u0117l j\u0105 lengva pritaikyti prie \u012fvairi\u0173 virtuv\u0117s poreiki\u0173. Jei vertinate prakti\u0161kum\u0105, \u0161i spintel\u0117 pateisins j\u016bs\u0173 l\u016bkes\u010dius \u2013 tiek dyd\u017eio, tiek surinkimo paprastumo, kur\u012f galite atlikti patys, prasme, o tai rei\u0161kia papildom\u0105 gerai atlikto darbo pasitenkinim\u0105.<\/p>","protected":false},"excerpt":{"rendered":"<p>Plotis (cm): 40<br \/>\n\u016agis (cm): 247<br \/>\nGylis (cm): 58<\/p>","protected":false},"featured_media":159264,"comment_status":"open","ping_status":"open","template":"","meta":[],"product_brand":[],"product_cat":[9436,4106],"product_tag":[],"class_list":{"0":"post-159263","1":"product","2":"type-product","3":"status-publish","4":"has-post-thumbnail","6":"product_cat-kitchen-system-sorento","7":"product_cat-gala-meble","9":"first","10":"instock","11":"purchasable","12":"product-type-simple"},"_links":{"self":[{"href":"https:\/\/baldumarket.lt\/lt\/wp-json\/wp\/v2\/product\/159263","targetHints":{"allow":["GET"]}}],"collection":[{"href":"https:\/\/baldumarket.lt\/lt\/wp-json\/wp\/v2\/product"}],"about":[{"href":"https:\/\/baldumarket.lt\/lt\/wp-json\/wp\/v2\/types\/product"}],"replies":[{"embeddable":true,"href":"https:\/\/baldumarket.lt\/lt\/wp-json\/wp\/v2\/comments?post=159263"}],"wp:featuredmedia":[{"embeddable":true,"href":"https:\/\/baldumarket.lt\/lt\/wp-json\/wp\/v2\/media\/159264"}],"wp:attachment":[{"href":"https:\/\/baldumarket.lt\/lt\/wp-json\/wp\/v2\/media?parent=159263"}],"wp:term":[{"taxonomy":"product_brand","embeddable":true,"href":"https:\/\/baldumarket.lt\/lt\/wp-json\/wp\/v2\/product_brand?post=159263"},{"taxonomy":"product_cat","embeddable":true,"href":"https:\/\/baldumarket.lt\/lt\/wp-json\/wp\/v2\/product_cat?post=159263"},{"taxonomy":"product_tag","embeddable":true,"href":"https:\/\/baldumarket.lt\/lt\/wp-json\/wp\/v2\/product_tag?post=159263"}],"curies":[{"name":"wp","href":"https:\/\/api.w.org\/{rel}","templated":true}]}}