{"id":159252,"date":"2025-12-19T00:30:40","date_gmt":"2025-12-18T21:30:40","guid":{"rendered":"https:\/\/baldumarket.lt\/product\/szafka-kuchenna-dolna-2d-sorento-d40spwn-p-l-bialy-mat-bezowy-mat\/"},"modified":"2026-02-18T11:15:24","modified_gmt":"2026-02-18T08:15:24","slug":"szafka-kuchenna-dolna-2d-sorento-d40spwn-p-l-bialy-mat-bezowy-mat","status":"publish","type":"product","link":"https:\/\/baldumarket.lt\/lt\/product\/szafka-kuchenna-dolna-2d-sorento-d40spwn-p-l-bialy-mat-bezowy-mat\/","title":{"rendered":"Apatin\u0117 virtuv\u0117s spintel\u0117 2D Sorento D40SPWN P\/L matin\u0117 balta matin\u0117 sm\u0117lio spalva"},"content":{"rendered":"<p>Atraskite elegancij\u0105 ir funkcionalum\u0105 su \u201eSorento D40SPWN\u201c apatine virtuv\u0117s spintele \u2013 tobulu modernaus dizaino ir prakti\u0161kumo deriniu. Matin\u0117s sm\u0117lio spalvos priekin\u0117 dalis papildo matin\u0117s baltos spalvos korpus\u0105, sukurdama esteti\u0161kai patraukli\u0105 i\u0161vaizd\u0105, kuri papuo\u0161 bet kuri\u0105 virtuv\u0119. Kruop\u0161\u010diai pagaminta i\u0161 laminuotos plok\u0161t\u0117s, spintel\u0117 yra patvari ir atspari kasdieniam naudojimui. \u201eSorento\u201c apatin\u0117 spintel\u0117 yra daugiau nei baldas \u2013 tai savyb\u0117, kuri supaprastins kasdien\u012f gyvenim\u0105 virtuv\u0117je. \u0160velniai u\u017esidarantys \u201eClip-On\u201c vyriai garantuoja komfort\u0105, o juodos metalin\u0117s rankenos suteikia charakterio, pabr\u0117\u017eiant modern\u0173 j\u016bs\u0173 interjero stili\u0173. Optimal\u016bs matmenys leid\u017eia j\u0105 puikiai pritaikyti bet kokiam virtuv\u0117s i\u0161planavimui, suteikiant prakti\u0161kos vietos daiktams laikyti. Papildomas privalumas \u2013 reguliuojamo auk\u0161\u010dio kojel\u0117s, kurios leid\u017eia reguliuoti spintel\u0117s auk\u0161t\u012f pagal individualius poreikius ir u\u017etikrina stabilum\u0105 net ant nelygaus pavir\u0161iaus. Funkcionaliose lentynose telpa visi svarbiausi virtuv\u0117s reikmenys, tod\u0117l daiktai yra lengviau sutvarkomi ir lengvai pasiekiami. Tai idealus sprendimas tiek moderniam, tiek klasikiniam interjerui.<\/p>","protected":false},"excerpt":{"rendered":"<p>Plotis (cm): 40<br \/>\n\u016agis (cm): 247<br \/>\nGylis (cm): 58<\/p>","protected":false},"featured_media":159253,"comment_status":"open","ping_status":"open","template":"","meta":[],"product_brand":[],"product_cat":[9436,4106],"product_tag":[],"class_list":{"0":"post-159252","1":"product","2":"type-product","3":"status-publish","4":"has-post-thumbnail","6":"product_cat-kitchen-system-sorento","7":"product_cat-gala-meble","9":"first","10":"instock","11":"purchasable","12":"product-type-simple"},"_links":{"self":[{"href":"https:\/\/baldumarket.lt\/lt\/wp-json\/wp\/v2\/product\/159252","targetHints":{"allow":["GET"]}}],"collection":[{"href":"https:\/\/baldumarket.lt\/lt\/wp-json\/wp\/v2\/product"}],"about":[{"href":"https:\/\/baldumarket.lt\/lt\/wp-json\/wp\/v2\/types\/product"}],"replies":[{"embeddable":true,"href":"https:\/\/baldumarket.lt\/lt\/wp-json\/wp\/v2\/comments?post=159252"}],"wp:featuredmedia":[{"embeddable":true,"href":"https:\/\/baldumarket.lt\/lt\/wp-json\/wp\/v2\/media\/159253"}],"wp:attachment":[{"href":"https:\/\/baldumarket.lt\/lt\/wp-json\/wp\/v2\/media?parent=159252"}],"wp:term":[{"taxonomy":"product_brand","embeddable":true,"href":"https:\/\/baldumarket.lt\/lt\/wp-json\/wp\/v2\/product_brand?post=159252"},{"taxonomy":"product_cat","embeddable":true,"href":"https:\/\/baldumarket.lt\/lt\/wp-json\/wp\/v2\/product_cat?post=159252"},{"taxonomy":"product_tag","embeddable":true,"href":"https:\/\/baldumarket.lt\/lt\/wp-json\/wp\/v2\/product_tag?post=159252"}],"curies":[{"name":"wp","href":"https:\/\/api.w.org\/{rel}","templated":true}]}}