{"id":159242,"date":"2025-12-19T00:30:17","date_gmt":"2025-12-18T21:30:17","guid":{"rendered":"https:\/\/baldumarket.lt\/product\/szafka-kuchenna-dolna-2d-sorento-d40spwn-p-l-puccini\/"},"modified":"2026-02-18T11:15:24","modified_gmt":"2026-02-18T08:15:24","slug":"szafka-kuchenna-dolna-2d-sorento-d40spwn-p-l-puccini","status":"publish","type":"product","link":"https:\/\/baldumarket.lt\/lt\/product\/szafka-kuchenna-dolna-2d-sorento-d40spwn-p-l-puccini\/","title":{"rendered":"Apatin\u0117 virtuv\u0117s spintel\u0117 2D Sorento D40SPWN P\/L Puccini"},"content":{"rendered":"<p>Apatin\u0117 virtuv\u0117s spintel\u0117 \u201eSorento D40SPWN\u201c \u2013 puikus pasirinkimas visiems, norintiems savo virtuvei suteikti elegancijos ir funkcionalumo. Unikalus Puccini atspalvio dizainas traukia ak\u012f, suteikdamas interjerui modernumo. Juodos metalin\u0117s rankenos suteikia charakterio ir atrodo ne\u012ftik\u0117tinai stilingai. Auk\u0161tos kokyb\u0117s laminuota plok\u0161t\u0117, naudojama fasaduose ir korpuse, u\u017etikrina ne tik estetik\u0105, bet ir ilgaam\u017ei\u0161kum\u0105. Atsparus pa\u017eeidimams pavir\u0161ius, padengtas kilniu Puccini atspalviu, suteiks j\u016bs\u0173 virtuvei nesenstan\u010dio elegancijos. Nepaisant subtilumo, \u0161i med\u017eiaga lengvai valoma, tod\u0117l yra prakti\u0161kas pasirinkimas ilgus metus. \u201eSorento\u201c spintel\u0117s funkcionalum\u0105 taip pat lemia \u0161velniai u\u017esidarantys vyriai, u\u017etikrinantys tyl\u0173 ir skland\u0173 dureli\u0173 u\u017edarym\u0105. Tai didelis patogumas tiems, kurie vertina ramyb\u0119 ir harmonij\u0105 virtuv\u0117je. Reguliuojamos 15 cm kojel\u0117s leid\u017eia spintelei prisitaikyti prie nelygi\u0173 grind\u0173, dar labiau pabr\u0117\u017eiant jos prakti\u0161kum\u0105.<\/p>","protected":false},"excerpt":{"rendered":"<p>Plotis (cm): 40<br \/>\n\u016agis (cm): 247<br \/>\nGylis (cm): 58<\/p>","protected":false},"featured_media":159243,"comment_status":"open","ping_status":"open","template":"","meta":[],"product_brand":[],"product_cat":[9436,4106],"product_tag":[],"class_list":{"0":"post-159242","1":"product","2":"type-product","3":"status-publish","4":"has-post-thumbnail","6":"product_cat-kitchen-system-sorento","7":"product_cat-gala-meble","9":"first","10":"instock","11":"purchasable","12":"product-type-simple"},"_links":{"self":[{"href":"https:\/\/baldumarket.lt\/lt\/wp-json\/wp\/v2\/product\/159242","targetHints":{"allow":["GET"]}}],"collection":[{"href":"https:\/\/baldumarket.lt\/lt\/wp-json\/wp\/v2\/product"}],"about":[{"href":"https:\/\/baldumarket.lt\/lt\/wp-json\/wp\/v2\/types\/product"}],"replies":[{"embeddable":true,"href":"https:\/\/baldumarket.lt\/lt\/wp-json\/wp\/v2\/comments?post=159242"}],"wp:featuredmedia":[{"embeddable":true,"href":"https:\/\/baldumarket.lt\/lt\/wp-json\/wp\/v2\/media\/159243"}],"wp:attachment":[{"href":"https:\/\/baldumarket.lt\/lt\/wp-json\/wp\/v2\/media?parent=159242"}],"wp:term":[{"taxonomy":"product_brand","embeddable":true,"href":"https:\/\/baldumarket.lt\/lt\/wp-json\/wp\/v2\/product_brand?post=159242"},{"taxonomy":"product_cat","embeddable":true,"href":"https:\/\/baldumarket.lt\/lt\/wp-json\/wp\/v2\/product_cat?post=159242"},{"taxonomy":"product_tag","embeddable":true,"href":"https:\/\/baldumarket.lt\/lt\/wp-json\/wp\/v2\/product_tag?post=159242"}],"curies":[{"name":"wp","href":"https:\/\/api.w.org\/{rel}","templated":true}]}}