{"id":159237,"date":"2025-12-19T00:30:04","date_gmt":"2025-12-18T21:30:04","guid":{"rendered":"https:\/\/baldumarket.lt\/product\/szafka-kuchenna-dolna-2d-sorento-d40spwn-p-l-puccini-bezowy-mat\/"},"modified":"2026-02-18T11:15:24","modified_gmt":"2026-02-18T08:15:24","slug":"szafka-kuchenna-dolna-2d-sorento-d40spwn-p-l-puccini-bezowy-mat","status":"publish","type":"product","link":"https:\/\/baldumarket.lt\/lt\/product\/szafka-kuchenna-dolna-2d-sorento-d40spwn-p-l-puccini-bezowy-mat\/","title":{"rendered":"Apatin\u0117 virtuv\u0117s spintel\u0117 2D Sorento D40SPWN P\/L Puccini matin\u0117s sm\u0117lio spalvos"},"content":{"rendered":"<p>Atraskite elegancij\u0105 ir funkcionalum\u0105 su m\u016bs\u0173 \u201eSorento D40SPWN 2-D\u201c virtuv\u0117s spintele, kurios subtili sm\u0117lio spalvos matin\u0117 apdaila puikiai dera su moderniu interjeru. Minimalistinis dizainas veiksmingai pabr\u0117\u0161 bet kurios virtuv\u0117s gro\u017e\u012f, sukurdamas harmoning\u0105 erdv\u0119 maisto ruo\u0161imui ir poilsiui. Laminuotas fasadas derina estetik\u0105 su patvarumu, suteikia ak\u012f traukian\u010di\u0105 i\u0161vaizd\u0105 ir atsparum\u0105 kasdieniams \u012fbr\u0117\u017eimams. \u201eSorento\u201c virtuv\u0117s spintel\u0117 pasi\u017eymi ne tik i\u0161skirtiniu dizainu, bet ir ne\u012ftik\u0117tinu funkcionalumu. Kruop\u0161\u010diai apgalvotas interjeras suteikia daug vietos virtuv\u0117s reikmenims laikyti, u\u017etikrinant, kad j\u016bs\u0173 kulinarin\u0117 karalyst\u0117 b\u016bt\u0173 sutvarkyta ir visada pasiruo\u0161usi naujiems i\u0161\u0161\u016bkiams. Auk\u0161tos, reguliuojamos kojel\u0117s leid\u017eia pritaikyti spintel\u0119 pagal savo poreikius, u\u017etikrinant stabilum\u0105 ant bet kokio pavir\u0161iaus. Juodos metalin\u0117s rankenos suteikia eleganti\u0161k\u0105 kontrast\u0105 sm\u0117lio spalvos fasadams, suteikia rafinuot\u0105 i\u0161vaizd\u0105 ir palengvina kasdien\u012f naudojim\u0105. \u201eClip-On\u201c vyriai su \u0161velnaus u\u017edarymo mechanizmu u\u017etikrina skland\u0173 ir tyl\u0173 dureli\u0173 u\u017edarym\u0105, o tai ne\u012fkainojama savyb\u0117 da\u017enai naudojamose virtuv\u0117s erdv\u0117se.<\/p>","protected":false},"excerpt":{"rendered":"<p>Plotis (cm): 40<br \/>\n\u016agis (cm): 247<br \/>\nGylis (cm): 58<\/p>","protected":false},"featured_media":159238,"comment_status":"open","ping_status":"open","template":"","meta":[],"product_brand":[],"product_cat":[9436,4106],"product_tag":[],"class_list":{"0":"post-159237","1":"product","2":"type-product","3":"status-publish","4":"has-post-thumbnail","6":"product_cat-kitchen-system-sorento","7":"product_cat-gala-meble","9":"first","10":"instock","11":"purchasable","12":"product-type-simple"},"_links":{"self":[{"href":"https:\/\/baldumarket.lt\/lt\/wp-json\/wp\/v2\/product\/159237","targetHints":{"allow":["GET"]}}],"collection":[{"href":"https:\/\/baldumarket.lt\/lt\/wp-json\/wp\/v2\/product"}],"about":[{"href":"https:\/\/baldumarket.lt\/lt\/wp-json\/wp\/v2\/types\/product"}],"replies":[{"embeddable":true,"href":"https:\/\/baldumarket.lt\/lt\/wp-json\/wp\/v2\/comments?post=159237"}],"wp:featuredmedia":[{"embeddable":true,"href":"https:\/\/baldumarket.lt\/lt\/wp-json\/wp\/v2\/media\/159238"}],"wp:attachment":[{"href":"https:\/\/baldumarket.lt\/lt\/wp-json\/wp\/v2\/media?parent=159237"}],"wp:term":[{"taxonomy":"product_brand","embeddable":true,"href":"https:\/\/baldumarket.lt\/lt\/wp-json\/wp\/v2\/product_brand?post=159237"},{"taxonomy":"product_cat","embeddable":true,"href":"https:\/\/baldumarket.lt\/lt\/wp-json\/wp\/v2\/product_cat?post=159237"},{"taxonomy":"product_tag","embeddable":true,"href":"https:\/\/baldumarket.lt\/lt\/wp-json\/wp\/v2\/product_tag?post=159237"}],"curies":[{"name":"wp","href":"https:\/\/api.w.org\/{rel}","templated":true}]}}