{"id":159233,"date":"2025-12-19T00:29:56","date_gmt":"2025-12-18T21:29:56","guid":{"rendered":"https:\/\/baldumarket.lt\/product\/szafka-kuchenna-dolna-2d-sorento-d40spwn-p-l-puccini-bialy-mat-ramka\/"},"modified":"2026-02-18T11:15:24","modified_gmt":"2026-02-18T08:15:24","slug":"szafka-kuchenna-dolna-2d-sorento-d40spwn-p-l-puccini-bialy-mat-ramka","status":"publish","type":"product","link":"https:\/\/baldumarket.lt\/lt\/product\/szafka-kuchenna-dolna-2d-sorento-d40spwn-p-l-puccini-bialy-mat-ramka\/","title":{"rendered":"Apatin\u0117 virtuv\u0117s spintel\u0117 2D Sorento D40SPWN P\/L Puccini matin\u0117s baltos spalvos r\u0117meliu"},"content":{"rendered":"<p>Pasisveikinkite su elegancija ir funkcionalumu savo virtuv\u0117je su apatine virtuv\u0117s spintele \u201eSorento D40SPWN\u201c. Tai puikus sprendimas tiems, kurie ie\u0161ko modernaus stiliaus ir prakti\u0161kumo derinio. Matin\u0117 balta priekin\u0117 dalis suteikia subtil\u0173, ta\u010diau modern\u0173 akcent\u0105, skland\u017eiai dera su kitais dekoro elementais. Tai puikus sprendimas norint atnaujinti virtuv\u0117s erdv\u0119.<\/p>\n<p>Pagaminta i\u0161 itin patvarios MDF plok\u0161t\u0117s, \u201eSorento\u201c spintel\u0117 yra ne tik esteti\u0161kai patraukli, bet ir atspari kasdieniam d\u0117v\u0117jimuisi. \u201ePuccini\u201c spalva suteikia spintelei unikali\u0105, ak\u012f traukian\u010di\u0105 i\u0161vaizd\u0105, kuri bet kuriam kambariui suteikia i\u0161skirtinumo. Tai puikus pasirinkimas tiems, kurie vertina eleganti\u0161kus ir patvarius sprendimus.<\/p>\n<p>D\u0117l \u0161velnaus u\u017edarymo sistemos ir \u201eClip-On\u201c vyri\u0173 saugumas ir naudojimo patogumas pasiekia naujas auk\u0161tumas. Spintel\u0117 ne tik gra\u017ei, bet ir funkcionali, u\u017etikrinanti skland\u0173 ir tyl\u0173 dureli\u0173 u\u017edarym\u0105. Auksin\u0117s metalin\u0117s rankenos suteikia prabangi\u0105 apdail\u0105, kuri pabr\u0117\u017eia spintel\u0117s elegancij\u0105.<\/p>\n<p>Modulinis dizainas leid\u017eia lengvai surinkti ir nereikalauja speciali\u0173 \u012fg\u016bd\u017ei\u0173. Su 15 cm reguliuojamomis kojel\u0117mis spintel\u0117 prisitaiko prie nelygi\u0173 grind\u0173, u\u017etikrindama stabilum\u0105 ir komfort\u0105. Pasirinkdami \u201eSorento\u201c spintel\u0119, investuojate \u012f kokyb\u0119, kuri tarnaus ilgus metus, pagerins j\u016bs\u0173 virtuv\u0119 ir pagerins kasdieni\u0173 u\u017eduo\u010di\u0173 funkcionalum\u0105.<\/p>","protected":false},"excerpt":{"rendered":"<p>Plotis (cm): 40<br \/>\n\u016agis (cm): 247<br \/>\nGylis (cm): 58<\/p>","protected":false},"featured_media":159234,"comment_status":"open","ping_status":"open","template":"","meta":[],"product_brand":[],"product_cat":[9436,4106],"product_tag":[],"class_list":{"0":"post-159233","1":"product","2":"type-product","3":"status-publish","4":"has-post-thumbnail","6":"product_cat-kitchen-system-sorento","7":"product_cat-gala-meble","9":"first","10":"instock","11":"purchasable","12":"product-type-simple"},"_links":{"self":[{"href":"https:\/\/baldumarket.lt\/lt\/wp-json\/wp\/v2\/product\/159233","targetHints":{"allow":["GET"]}}],"collection":[{"href":"https:\/\/baldumarket.lt\/lt\/wp-json\/wp\/v2\/product"}],"about":[{"href":"https:\/\/baldumarket.lt\/lt\/wp-json\/wp\/v2\/types\/product"}],"replies":[{"embeddable":true,"href":"https:\/\/baldumarket.lt\/lt\/wp-json\/wp\/v2\/comments?post=159233"}],"wp:featuredmedia":[{"embeddable":true,"href":"https:\/\/baldumarket.lt\/lt\/wp-json\/wp\/v2\/media\/159234"}],"wp:attachment":[{"href":"https:\/\/baldumarket.lt\/lt\/wp-json\/wp\/v2\/media?parent=159233"}],"wp:term":[{"taxonomy":"product_brand","embeddable":true,"href":"https:\/\/baldumarket.lt\/lt\/wp-json\/wp\/v2\/product_brand?post=159233"},{"taxonomy":"product_cat","embeddable":true,"href":"https:\/\/baldumarket.lt\/lt\/wp-json\/wp\/v2\/product_cat?post=159233"},{"taxonomy":"product_tag","embeddable":true,"href":"https:\/\/baldumarket.lt\/lt\/wp-json\/wp\/v2\/product_tag?post=159233"}],"curies":[{"name":"wp","href":"https:\/\/api.w.org\/{rel}","templated":true}]}}