{"id":159228,"date":"2025-12-19T00:29:42","date_gmt":"2025-12-18T21:29:42","guid":{"rendered":"https:\/\/baldumarket.lt\/product\/szafka-kuchenna-dolna-2d-sorento-d40spwn-p-l-puccini-green\/"},"modified":"2026-02-18T11:15:07","modified_gmt":"2026-02-18T08:15:07","slug":"szafka-kuchenna-dolna-2d-sorento-d40spwn-p-l-puccini-green","status":"publish","type":"product","link":"https:\/\/baldumarket.lt\/lt\/product\/szafka-kuchenna-dolna-2d-sorento-d40spwn-p-l-puccini-green\/","title":{"rendered":"Apatin\u0117 virtuv\u0117s spintel\u0117 2D Sorento D40SPWN P\/L Puccini Green"},"content":{"rendered":"<p>Atraskite moderni\u0105 elegancij\u0105 su \u201eSorento D40SPWN P\/L 2-D\u201c apatine virtuv\u0117s spintele \u201ePuccini Green\u201c spalvos, kuri j\u016bs\u0173 virtuvei suteiks nauj\u0105 kokyb\u0117s lyg\u012f. J\u0105 i\u0161skiria harmoningas klasikin\u0117s \u017ealios spalvos priekio ir unikalaus \u201ePuccini\u201c atspalvio korpuso derinys. \u0160is spalv\u0173 derinys ne tik suteikia stiliaus, bet ir sukuria atmosfer\u0105, palanki\u0105 atsipalaidavimui ir k\u016brybi\u0161kam maisto gaminimui. \u201eSorento\u201c spintel\u0117, pagaminta i\u0161 laminuotos plok\u0161t\u0117s, ne tik pasi\u017eymi esteti\u0161kai patrauklia i\u0161vaizda, bet ir yra labai atspari pa\u017eeidimams. Prakti\u0161ka juodo metalo rankena suteikia jai modernumo, kartu pabr\u0117\u017eiant spintel\u0117s tvirtum\u0105 ir ilgaam\u017ei\u0161kum\u0105. \u0160velniai u\u017esidarantys \u201eClip-On\u201c vyriai dar labiau padidina komfort\u0105, pa\u0161alindami nemalon\u0173 u\u017edarymo gars\u0105. D\u0117l reguliuojamo ilgio (nuo 15 iki 17 cm) kojeli\u0173 \u0161i spintel\u0117 puikiai tinka bet kurioje virtuv\u0117je, nepriklausomai nuo jos i\u0161planavimo ir stiliaus. Lengvas surinkimas yra dar vienas privalumas, kuris tikrai patenkins tuos, kurie vertina \u201epasidaryk pats\u201c ir interjero suasmeninim\u0105.<\/p>","protected":false},"excerpt":{"rendered":"<p>Plotis (cm): 40<br \/>\n\u016agis (cm): 247<br \/>\nGylis (cm): 58<\/p>","protected":false},"featured_media":159229,"comment_status":"open","ping_status":"open","template":"","meta":[],"product_brand":[],"product_cat":[9436,4106],"product_tag":[],"class_list":{"0":"post-159228","1":"product","2":"type-product","3":"status-publish","4":"has-post-thumbnail","6":"product_cat-kitchen-system-sorento","7":"product_cat-gala-meble","9":"first","10":"instock","11":"purchasable","12":"product-type-simple"},"_links":{"self":[{"href":"https:\/\/baldumarket.lt\/lt\/wp-json\/wp\/v2\/product\/159228","targetHints":{"allow":["GET"]}}],"collection":[{"href":"https:\/\/baldumarket.lt\/lt\/wp-json\/wp\/v2\/product"}],"about":[{"href":"https:\/\/baldumarket.lt\/lt\/wp-json\/wp\/v2\/types\/product"}],"replies":[{"embeddable":true,"href":"https:\/\/baldumarket.lt\/lt\/wp-json\/wp\/v2\/comments?post=159228"}],"wp:featuredmedia":[{"embeddable":true,"href":"https:\/\/baldumarket.lt\/lt\/wp-json\/wp\/v2\/media\/159229"}],"wp:attachment":[{"href":"https:\/\/baldumarket.lt\/lt\/wp-json\/wp\/v2\/media?parent=159228"}],"wp:term":[{"taxonomy":"product_brand","embeddable":true,"href":"https:\/\/baldumarket.lt\/lt\/wp-json\/wp\/v2\/product_brand?post=159228"},{"taxonomy":"product_cat","embeddable":true,"href":"https:\/\/baldumarket.lt\/lt\/wp-json\/wp\/v2\/product_cat?post=159228"},{"taxonomy":"product_tag","embeddable":true,"href":"https:\/\/baldumarket.lt\/lt\/wp-json\/wp\/v2\/product_tag?post=159228"}],"curies":[{"name":"wp","href":"https:\/\/api.w.org\/{rel}","templated":true}]}}