{"id":159223,"date":"2025-12-19T00:29:30","date_gmt":"2025-12-18T21:29:30","guid":{"rendered":"https:\/\/baldumarket.lt\/product\/szafka-kuchenna-dolna-2d-sorento-d60pwn-p-l-puccini-bialy-mat-ramka\/"},"modified":"2026-02-18T11:15:07","modified_gmt":"2026-02-18T08:15:07","slug":"szafka-kuchenna-dolna-2d-sorento-d60pwn-p-l-puccini-bialy-mat-ramka","status":"publish","type":"product","link":"https:\/\/baldumarket.lt\/lt\/product\/szafka-kuchenna-dolna-2d-sorento-d60pwn-p-l-puccini-bialy-mat-ramka\/","title":{"rendered":"Apatin\u0117 virtuv\u0117s spintel\u0117 2D Sorento D60PWN P\/L Puccini matin\u0117s baltos spalvos r\u0117meliu"},"content":{"rendered":"<p>Virtuv\u0117s erdv\u0117je turi der\u0117ti stilius ir funkcionalumas. \u201eSorento D60PWN\u201c apatin\u0117 spintel\u0117 \u012fk\u016bnija \u0161\u012f ideal\u0105, savo durel\u0117mis ir matin\u0117s baltos spalvos priekiu suteikdama grynumo ir elegancijos. Minimalistinis dizainas u\u017etikrina, kad ji skland\u017eiai der\u0117t\u0173 prie bet kokio virtuv\u0117s dizaino, suteikdama blizgesio ir modernumo. Be estetinio patrauklumo, \u201eSorento\u201c apatin\u0117 spintel\u0117 i\u0161siskiria kaip prakti\u0161kas organizacinis sprendimas j\u016bs\u0173 virtuv\u0117s poreikiams. Auk\u0161tos kojel\u0117s, kuri\u0173 auk\u0161tis reguliuojamas nuo 15 iki 17 cm, leid\u017eia kiekvien\u0105 virtuv\u0119 pritaikyti prie individuali\u0173 nam\u0173 \u016bkio poreiki\u0173. Eleganti\u0161ka \u201ePuccini\u201c spalva korpusui suteikia elegancijos, pabr\u0117\u017eiant ne tik spintel\u0117s patvarum\u0105, bet ir unikal\u0173 jos charakter\u012f. Aukso spalvos metalin\u0117mis ranken\u0117l\u0117mis apr\u016bpinta \u201eSorento\u201c apatin\u0117 spintel\u0117 bet kuriai virtuvei suteikia prabangos ir rafinuoto stiliaus. \u010cia funkcionalumas dera su stiliumi, nes pa\u017eang\u016bs \u201eClip-On\u201c vyriai su \u0161velnaus u\u017edarymo mechanizmu u\u017etikrina skland\u0173 ir tyl\u0173 veikim\u0105 ilgus metus. Tai yra detal\u0117s, kurios i\u0161ties svarbios!<\/p>","protected":false},"excerpt":{"rendered":"<p>Plotis (cm): 60<br \/>\n\u016agis (cm): 247<br \/>\nGylis (cm): 58<\/p>","protected":false},"featured_media":159224,"comment_status":"open","ping_status":"open","template":"","meta":[],"product_brand":[],"product_cat":[9436,4106],"product_tag":[],"class_list":{"0":"post-159223","1":"product","2":"type-product","3":"status-publish","4":"has-post-thumbnail","6":"product_cat-kitchen-system-sorento","7":"product_cat-gala-meble","9":"first","10":"instock","11":"purchasable","12":"product-type-simple"},"_links":{"self":[{"href":"https:\/\/baldumarket.lt\/lt\/wp-json\/wp\/v2\/product\/159223","targetHints":{"allow":["GET"]}}],"collection":[{"href":"https:\/\/baldumarket.lt\/lt\/wp-json\/wp\/v2\/product"}],"about":[{"href":"https:\/\/baldumarket.lt\/lt\/wp-json\/wp\/v2\/types\/product"}],"replies":[{"embeddable":true,"href":"https:\/\/baldumarket.lt\/lt\/wp-json\/wp\/v2\/comments?post=159223"}],"wp:featuredmedia":[{"embeddable":true,"href":"https:\/\/baldumarket.lt\/lt\/wp-json\/wp\/v2\/media\/159224"}],"wp:attachment":[{"href":"https:\/\/baldumarket.lt\/lt\/wp-json\/wp\/v2\/media?parent=159223"}],"wp:term":[{"taxonomy":"product_brand","embeddable":true,"href":"https:\/\/baldumarket.lt\/lt\/wp-json\/wp\/v2\/product_brand?post=159223"},{"taxonomy":"product_cat","embeddable":true,"href":"https:\/\/baldumarket.lt\/lt\/wp-json\/wp\/v2\/product_cat?post=159223"},{"taxonomy":"product_tag","embeddable":true,"href":"https:\/\/baldumarket.lt\/lt\/wp-json\/wp\/v2\/product_tag?post=159223"}],"curies":[{"name":"wp","href":"https:\/\/api.w.org\/{rel}","templated":true}]}}