{"id":159218,"date":"2025-12-19T00:29:20","date_gmt":"2025-12-18T21:29:20","guid":{"rendered":"https:\/\/baldumarket.lt\/product\/szafka-kuchenna-dolna-2d-sorento-d60rwn-p-l-baltic-storm\/"},"modified":"2026-02-18T11:15:07","modified_gmt":"2026-02-18T08:15:07","slug":"szafka-kuchenna-dolna-2d-sorento-d60rwn-p-l-baltic-storm","status":"publish","type":"product","link":"https:\/\/baldumarket.lt\/lt\/product\/szafka-kuchenna-dolna-2d-sorento-d60rwn-p-l-baltic-storm\/","title":{"rendered":"Apatin\u0117 virtuv\u0117s spintel\u0117 2D Sorento D60RWN P\/L Baltic Storm"},"content":{"rendered":"<p>Atraskite nauj\u0105 stiliaus ir funkcionalumo dimensij\u0105 su \u201eSorento 2D Base\u201c virtuv\u0117s spintele. \u0160is eleganti\u0161kas \u201eBaltic Storm\u201c spintel\u0117 \u2013 tai tobulas modernaus dizaino ir prakti\u0161kumo derinys, kuris pakeis j\u016bs\u0173 virtuv\u0119. 60 cm plo\u010dio ir 247 cm auk\u0161\u010dio spintel\u0117 buvo sukurta galvojant apie ma\u017eesnes erdves, kartu u\u017etikrinant daug vietos daiktams susid\u0117ti. I\u0161skirtin\u0117 \u201eBaltic Storm\u201c spalva suteikia spintelei unikal\u0173, eleganti\u0161k\u0105 charakter\u012f, kuris puikiai papildys \u012fvairius interjero dizainus. Plok\u0161\u010dios, laminuotos priekin\u0117s dalys u\u017etikrina tvirt\u0105 apsaug\u0105 nuo pa\u017eeidim\u0173 ir kartu suteikia esteti\u0161kai patraukli\u0105 i\u0161vaizd\u0105, kuri prad\u017eiugins bet kur\u012f stiliaus entuziast\u0105. Be to, kruop\u0161\u010diai parinktos juodos spalvos akcentai kojeli\u0173 ir ranken\u0173 pavidalu suteikia modernumo ir harmoningai papildo eleganti\u0161k\u0105 bendr\u0105 dizain\u0105. \u0160io spintel\u0117s funkcionalum\u0105 pabr\u0117\u017eia gerai apgalvotas dizainas, apimantis penkias lentynas, idealiai tinkan\u010dias virtuv\u0117s reikmenims ir maisto produktams susid\u0117ti. \u0160velniai u\u017esidarantys \u201eClip-On\u201c vyriai garantuoja komfort\u0105 ir pa\u0161alina triuk\u0161m\u0105, o tai ypa\u010d svarbu dinami\u0161koje virtuv\u0117s erdv\u0117je. Be to, auk\u0161tos, reguliuojamo auk\u0161\u010dio kojel\u0117s suteikia patogi\u0105 prieig\u0105 ir galimyb\u0119 pritaikyti spintel\u0119 individualiems poreikiams.<\/p>","protected":false},"excerpt":{"rendered":"<p>Plotis (cm): 60<br \/>\n\u016agis (cm): 247<br \/>\nGylis (cm): 58<\/p>","protected":false},"featured_media":159219,"comment_status":"open","ping_status":"open","template":"","meta":[],"product_brand":[],"product_cat":[9436,4106],"product_tag":[],"class_list":{"0":"post-159218","1":"product","2":"type-product","3":"status-publish","4":"has-post-thumbnail","6":"product_cat-kitchen-system-sorento","7":"product_cat-gala-meble","9":"first","10":"instock","11":"purchasable","12":"product-type-simple"},"_links":{"self":[{"href":"https:\/\/baldumarket.lt\/lt\/wp-json\/wp\/v2\/product\/159218","targetHints":{"allow":["GET"]}}],"collection":[{"href":"https:\/\/baldumarket.lt\/lt\/wp-json\/wp\/v2\/product"}],"about":[{"href":"https:\/\/baldumarket.lt\/lt\/wp-json\/wp\/v2\/types\/product"}],"replies":[{"embeddable":true,"href":"https:\/\/baldumarket.lt\/lt\/wp-json\/wp\/v2\/comments?post=159218"}],"wp:featuredmedia":[{"embeddable":true,"href":"https:\/\/baldumarket.lt\/lt\/wp-json\/wp\/v2\/media\/159219"}],"wp:attachment":[{"href":"https:\/\/baldumarket.lt\/lt\/wp-json\/wp\/v2\/media?parent=159218"}],"wp:term":[{"taxonomy":"product_brand","embeddable":true,"href":"https:\/\/baldumarket.lt\/lt\/wp-json\/wp\/v2\/product_brand?post=159218"},{"taxonomy":"product_cat","embeddable":true,"href":"https:\/\/baldumarket.lt\/lt\/wp-json\/wp\/v2\/product_cat?post=159218"},{"taxonomy":"product_tag","embeddable":true,"href":"https:\/\/baldumarket.lt\/lt\/wp-json\/wp\/v2\/product_tag?post=159218"}],"curies":[{"name":"wp","href":"https:\/\/api.w.org\/{rel}","templated":true}]}}