{"id":159213,"date":"2025-12-19T00:29:10","date_gmt":"2025-12-18T21:29:10","guid":{"rendered":"https:\/\/baldumarket.lt\/product\/szafka-kuchenna-dolna-2d-sorento-d60rwn-p-l-baltic-storm-bezowy-mat\/"},"modified":"2026-02-18T11:15:07","modified_gmt":"2026-02-18T08:15:07","slug":"szafka-kuchenna-dolna-2d-sorento-d60rwn-p-l-baltic-storm-bezowy-mat","status":"publish","type":"product","link":"https:\/\/baldumarket.lt\/lt\/product\/szafka-kuchenna-dolna-2d-sorento-d60rwn-p-l-baltic-storm-bezowy-mat\/","title":{"rendered":"Apatin\u0117 virtuv\u0117s spintel\u0117 2D Sorento D60RWN P\/L Baltic Storm Beige Matte"},"content":{"rendered":"<p>Sukurkite elegancija ir funkcionalumu alsuojan\u010di\u0105 virtuv\u0117s erdv\u0119 su \u201eSorento D60RWN 2-D\u201c apatine virtuv\u0117s spintele. \u0160is modelis puikiai dera su modernaus dizaino ir unikalios spalv\u0173 palet\u0117s deriniu. Matinis sm\u0117lio spalvos fasadas puikiai dera su \u201eBaltic Storm\u201c korpusu, sukurdamas subtil\u0173 kontrast\u0105, kuris patraukia ak\u012f ir suteikia klas\u0117s bet kokiam interjerui. Pagrindinis \u201eSorento\u201c spintel\u0117s privalumas \u2013 didelis funkcionalumas. Viduje yra erdvios lentynos, kuriose tilps visi svarbiausi virtuv\u0117s reikmenys, o d\u0117l stabilios konstrukcijos jos lengvai i\u0161laikys sunkiausius puodus. Juodos metalin\u0117s rankenos suteikia modernumo, o ergonomi\u0161ka forma u\u017etikrina patog\u0173 naudojim\u0105. D\u0117l kruop\u0161\u010diai atrinkt\u0173 med\u017eiag\u0173 spintel\u0117 ne tik atrodo nuostabiai, bet ir yra atspari kasdieniams i\u0161\u0161\u016bkiams. 18 mm storio laminuota plok\u0161t\u0117 yra atspari \u012fbr\u0117\u017eimams ir pa\u017eeidimams, tod\u0117l tarnauja ilgai. U\u017esegami vyriai su \u0161velnaus u\u017edarymo funkcija u\u017etikrina patog\u0173 naudojim\u0105 ir apsaugo nuo nepageidaujamo triuk\u0161mo.<\/p>","protected":false},"excerpt":{"rendered":"<p>Plotis (cm): 60<br \/>\n\u016agis (cm): 247<br \/>\nGylis (cm): 58<\/p>","protected":false},"featured_media":159214,"comment_status":"open","ping_status":"open","template":"","meta":[],"product_brand":[],"product_cat":[9436,4106],"product_tag":[],"class_list":{"0":"post-159213","1":"product","2":"type-product","3":"status-publish","4":"has-post-thumbnail","6":"product_cat-kitchen-system-sorento","7":"product_cat-gala-meble","9":"first","10":"instock","11":"purchasable","12":"product-type-simple"},"_links":{"self":[{"href":"https:\/\/baldumarket.lt\/lt\/wp-json\/wp\/v2\/product\/159213","targetHints":{"allow":["GET"]}}],"collection":[{"href":"https:\/\/baldumarket.lt\/lt\/wp-json\/wp\/v2\/product"}],"about":[{"href":"https:\/\/baldumarket.lt\/lt\/wp-json\/wp\/v2\/types\/product"}],"replies":[{"embeddable":true,"href":"https:\/\/baldumarket.lt\/lt\/wp-json\/wp\/v2\/comments?post=159213"}],"wp:featuredmedia":[{"embeddable":true,"href":"https:\/\/baldumarket.lt\/lt\/wp-json\/wp\/v2\/media\/159214"}],"wp:attachment":[{"href":"https:\/\/baldumarket.lt\/lt\/wp-json\/wp\/v2\/media?parent=159213"}],"wp:term":[{"taxonomy":"product_brand","embeddable":true,"href":"https:\/\/baldumarket.lt\/lt\/wp-json\/wp\/v2\/product_brand?post=159213"},{"taxonomy":"product_cat","embeddable":true,"href":"https:\/\/baldumarket.lt\/lt\/wp-json\/wp\/v2\/product_cat?post=159213"},{"taxonomy":"product_tag","embeddable":true,"href":"https:\/\/baldumarket.lt\/lt\/wp-json\/wp\/v2\/product_tag?post=159213"}],"curies":[{"name":"wp","href":"https:\/\/api.w.org\/{rel}","templated":true}]}}