{"id":159208,"date":"2025-12-19T00:28:59","date_gmt":"2025-12-18T21:28:59","guid":{"rendered":"https:\/\/baldumarket.lt\/product\/szafka-kuchenna-dolna-2d-sorento-d60rwn-p-l-baltic-storm-green\/"},"modified":"2026-02-18T11:15:07","modified_gmt":"2026-02-18T08:15:07","slug":"szafka-kuchenna-dolna-2d-sorento-d60rwn-p-l-baltic-storm-green","status":"publish","type":"product","link":"https:\/\/baldumarket.lt\/lt\/product\/szafka-kuchenna-dolna-2d-sorento-d60rwn-p-l-baltic-storm-green\/","title":{"rendered":"Apatin\u0117 virtuv\u0117s spintel\u0117 2D Sorento D60RWN P\/L Baltic Storm Green"},"content":{"rendered":"<p>Atraskite gro\u017e\u012f paprastume su \u201eSorento D60RWN\u201c virtuv\u0117s spintele, kurioje dera modernus minimalizmas ir auk\u0161\u010diausio lygio funkcionalumas. \u0160i spintel\u0117 puikiai tinka tiems, kurie kasdieniame gyvenime vertina elegancij\u0105, nes \u017ealia matin\u0117 priekin\u0117 dalis ir kontrastinga \u201eBaltic Storm\u201c spalva korpuse suteikia j\u016bs\u0173 interjerui gaivumo ir stiliaus. \u201eSorento\u201c estetika pabr\u0117\u017eia subtilias detales \u2013 pagaminta i\u0161 laminuotos plok\u0161t\u0117s, ji yra ne tik patvari, bet ir atspari kasdieniams pa\u017eeidimams. \u017dalia priekin\u0117 dalis papildo juodas metalines rankenas, suteikdama charakterio ir rafinuotumo. Pasirink\u0119 \u0161i\u0105 spintel\u0119, \u012fsigysite bald\u0105, kuris taps j\u016bs\u0173 virtuv\u0117s traukos centru, pritraukdamas d\u0117mes\u012f unikaliu dizainu. Prakti\u0161kumas ir funkcionalumas yra dar vieni \u201eSorento\u201c spintel\u0117s privalumai. D\u0117l i\u0161manios \u0161velnaus u\u017edarymo sistemos ja naudotis \u2013 tikras malonumas \u2013 galite lengvai palaikyti tvark\u0105 netrikdydami nam\u0173 ramyb\u0117s. Reguliuojamos kojel\u0117s iki 170 mm auk\u0161\u010dio leis jums puikiai pritaikyti bald\u0105 bet kurioje erdv\u0117je, tod\u0117l jis taps dar universalesnis.<\/p>","protected":false},"excerpt":{"rendered":"<p>Plotis (cm): 60<br \/>\n\u016agis (cm): 247<br \/>\nGylis (cm): 58<\/p>","protected":false},"featured_media":159209,"comment_status":"open","ping_status":"open","template":"","meta":[],"product_brand":[],"product_cat":[9436,4106],"product_tag":[],"class_list":{"0":"post-159208","1":"product","2":"type-product","3":"status-publish","4":"has-post-thumbnail","6":"product_cat-kitchen-system-sorento","7":"product_cat-gala-meble","9":"first","10":"instock","11":"purchasable","12":"product-type-simple"},"_links":{"self":[{"href":"https:\/\/baldumarket.lt\/lt\/wp-json\/wp\/v2\/product\/159208","targetHints":{"allow":["GET"]}}],"collection":[{"href":"https:\/\/baldumarket.lt\/lt\/wp-json\/wp\/v2\/product"}],"about":[{"href":"https:\/\/baldumarket.lt\/lt\/wp-json\/wp\/v2\/types\/product"}],"replies":[{"embeddable":true,"href":"https:\/\/baldumarket.lt\/lt\/wp-json\/wp\/v2\/comments?post=159208"}],"wp:featuredmedia":[{"embeddable":true,"href":"https:\/\/baldumarket.lt\/lt\/wp-json\/wp\/v2\/media\/159209"}],"wp:attachment":[{"href":"https:\/\/baldumarket.lt\/lt\/wp-json\/wp\/v2\/media?parent=159208"}],"wp:term":[{"taxonomy":"product_brand","embeddable":true,"href":"https:\/\/baldumarket.lt\/lt\/wp-json\/wp\/v2\/product_brand?post=159208"},{"taxonomy":"product_cat","embeddable":true,"href":"https:\/\/baldumarket.lt\/lt\/wp-json\/wp\/v2\/product_cat?post=159208"},{"taxonomy":"product_tag","embeddable":true,"href":"https:\/\/baldumarket.lt\/lt\/wp-json\/wp\/v2\/product_tag?post=159208"}],"curies":[{"name":"wp","href":"https:\/\/api.w.org\/{rel}","templated":true}]}}