{"id":159203,"date":"2025-12-19T00:28:49","date_gmt":"2025-12-18T21:28:49","guid":{"rendered":"https:\/\/baldumarket.lt\/product\/szafka-kuchenna-dolna-2d-sorento-d60rwn-p-l-bialy-green\/"},"modified":"2026-02-18T11:15:07","modified_gmt":"2026-02-18T08:15:07","slug":"szafka-kuchenna-dolna-2d-sorento-d60rwn-p-l-bialy-green","status":"publish","type":"product","link":"https:\/\/baldumarket.lt\/lt\/product\/szafka-kuchenna-dolna-2d-sorento-d60rwn-p-l-bialy-green\/","title":{"rendered":"Apatin\u0117 virtuv\u0117s spintel\u0117 2D Sorento D60RWN P\/L Balta \u017dalia"},"content":{"rendered":"<p>Suteikite savo virtuvei stiling\u0105 akcent\u0105, kuris derina modernum\u0105 ir funkcionalum\u0105, pasirinkdami \u201eSorento 2-D\u201c virtuv\u0117s spintel\u0119. \u0160i eleganti\u0161ka 60 cm plo\u010dio ir 247 cm auk\u0161\u010dio spintel\u0117, si\u016bloma su gra\u017eiu matin\u0117s baltos ir matin\u0117s \u017ealios spalvos fasad\u0173 deriniu, pakeis j\u016bs\u0173 interjer\u0105, suteikdama jai gaivumo ir elegancijos. Minimalistinis dizainas papildys \u012fvairius interjerus \u2013 nuo skandinavi\u0161ko iki industrinio. Spintel\u0117 pagaminta i\u0161 auk\u0161tos kokyb\u0117s, atsparios pa\u017eeidimams laminuotos plok\u0161t\u0117s, pasi\u017eyminti estetika ir prakti\u0161kumu. D\u0117l juodos metalin\u0117s rankenos kiekvienas veiksmas \u2013 nuo dur\u0173 atidarymo iki u\u017edarymo \u2013 bus malonumas. \u0160velniai u\u017esidarantys \u201eClip-On\u201c vyriai u\u017etikrina, kad spintele naudotis b\u016bt\u0173 tikrai patogu, tod\u0117l ji idealiai tinka \u0161eimos virtuv\u0117ms, kuriose svarbiausia harmonija ir ramyb\u0117. Spintel\u0117 buvo sukurta atsi\u017evelgiant \u012f praktin\u012f virtuv\u0117s erdv\u0117s i\u0161naudojim\u0105. Penkios lentynos leid\u017eia efektyviai laikyti \u012fvairius virtuv\u0117s reikmenis, tod\u0117l tai puikus sprendimas tiek indams, tiek maistui. 15 cm reguliuojamos kojel\u0117s leid\u017eia pritaikyti spintel\u0119 pagal savo poreikius, tod\u0117l ji dar funkcionalesn\u0117. \u0160is baldas ne tik malonus akiai, bet ir palengvina kasdienes u\u017eduotis.<\/p>","protected":false},"excerpt":{"rendered":"<p>Plotis (cm): 60<br \/>\n\u016agis (cm): 247<br \/>\nGylis (cm): 58<\/p>","protected":false},"featured_media":159204,"comment_status":"open","ping_status":"open","template":"","meta":[],"product_brand":[],"product_cat":[9436,4106],"product_tag":[],"class_list":{"0":"post-159203","1":"product","2":"type-product","3":"status-publish","4":"has-post-thumbnail","6":"product_cat-kitchen-system-sorento","7":"product_cat-gala-meble","9":"first","10":"instock","11":"purchasable","12":"product-type-simple"},"_links":{"self":[{"href":"https:\/\/baldumarket.lt\/lt\/wp-json\/wp\/v2\/product\/159203","targetHints":{"allow":["GET"]}}],"collection":[{"href":"https:\/\/baldumarket.lt\/lt\/wp-json\/wp\/v2\/product"}],"about":[{"href":"https:\/\/baldumarket.lt\/lt\/wp-json\/wp\/v2\/types\/product"}],"replies":[{"embeddable":true,"href":"https:\/\/baldumarket.lt\/lt\/wp-json\/wp\/v2\/comments?post=159203"}],"wp:featuredmedia":[{"embeddable":true,"href":"https:\/\/baldumarket.lt\/lt\/wp-json\/wp\/v2\/media\/159204"}],"wp:attachment":[{"href":"https:\/\/baldumarket.lt\/lt\/wp-json\/wp\/v2\/media?parent=159203"}],"wp:term":[{"taxonomy":"product_brand","embeddable":true,"href":"https:\/\/baldumarket.lt\/lt\/wp-json\/wp\/v2\/product_brand?post=159203"},{"taxonomy":"product_cat","embeddable":true,"href":"https:\/\/baldumarket.lt\/lt\/wp-json\/wp\/v2\/product_cat?post=159203"},{"taxonomy":"product_tag","embeddable":true,"href":"https:\/\/baldumarket.lt\/lt\/wp-json\/wp\/v2\/product_tag?post=159203"}],"curies":[{"name":"wp","href":"https:\/\/api.w.org\/{rel}","templated":true}]}}