{"id":159197,"date":"2025-12-19T00:28:34","date_gmt":"2025-12-18T21:28:34","guid":{"rendered":"https:\/\/baldumarket.lt\/product\/szafka-kuchenna-dolna-2d-sorento-d60rwn-p-l-bialy-mat\/"},"modified":"2026-02-18T11:15:07","modified_gmt":"2026-02-18T08:15:07","slug":"szafka-kuchenna-dolna-2d-sorento-d60rwn-p-l-bialy-mat","status":"publish","type":"product","link":"https:\/\/baldumarket.lt\/lt\/product\/szafka-kuchenna-dolna-2d-sorento-d60rwn-p-l-bialy-mat\/","title":{"rendered":"Apatin\u0117 virtuv\u0117s spintel\u0117 2D Sorento D60RWN P\/L matin\u0117s baltos spalvos"},"content":{"rendered":"<p>Suteikite savo virtuvei elegancijos ir funkcionalumo su gra\u017eia \u201eSorento\u201c apatine spintele, kuri taps nepakei\u010diamu bet kurio \u0161iuolaikinio interjero elementu. Eleganti\u0161ka matin\u0117 balta priekin\u0117 dalis kartu su to paties atspalvio korpusu sukuria harmoning\u0105 ir moderni\u0105 apdail\u0105, puikiai papildan\u010di\u0105 mading\u0105 minimalizm\u0105. \u0160i spintel\u0117 ne tik vizualiai padidina erdv\u0119, bet ir suteikia lengvumo bei gaivumo, d\u017eiugindama savo nesenstan\u010diu dizainu. Pagaminta i\u0161 auk\u0161\u010diausios kokyb\u0117s med\u017eiag\u0173, \u201eSorento\u201c apatin\u0117 spintel\u0117 u\u017etikrina patvarum\u0105 ir estetik\u0105 ilgus metus. MDF fasadai kartu su laminuotos plok\u0161t\u0117s korpusu garantuoja atsparum\u0105 pa\u017eeidimams ir lengv\u0105 prie\u017ei\u016br\u0105. Tai rei\u0161kia, kad spintel\u0117 ilgai i\u0161laikys patraukli\u0105 i\u0161vaizd\u0105, tod\u0117l j\u016bs\u0173 virtuv\u0117 visada atrodys lyg tiesiai i\u0161 katalogo. Patirkite aukso spalvos metalini\u0173 ranken\u0117li\u0173 patogum\u0105 \u2013 eleganti\u0161k\u0105 akcent\u0105, pabr\u0117\u017eiant\u012f unikal\u0173 spintel\u0117s charakter\u012f. Funkcionalumas yra pagrindinis \u201eSorento\u201c apatin\u0117s spintel\u0117s privalumas. Jos dizainas leid\u017eia optimaliai i\u0161naudoti erdv\u0119. Tyl\u016bs u\u017espaud\u017eiami vyriai su \u0161velnaus u\u017edarymo funkcija u\u017etikrina patog\u0173 ir skland\u0173 veikim\u0105, kur\u012f \u012fvertinsite kasdien ruo\u0161dami maist\u0105. Reguliuojama koj\u0173 sistema leid\u017eia pritaikyti baldo auk\u0161t\u012f pagal individualius pageidavimus, u\u017etikrinant stabilum\u0105 ant \u012fvairi\u0173 pavir\u0161i\u0173.<\/p>","protected":false},"excerpt":{"rendered":"<p>Plotis (cm): 60<br \/>\n\u016agis (cm): 247<br \/>\nGylis (cm): 58<\/p>","protected":false},"featured_media":159198,"comment_status":"open","ping_status":"open","template":"","meta":[],"product_brand":[],"product_cat":[9436,4106],"product_tag":[],"class_list":{"0":"post-159197","1":"product","2":"type-product","3":"status-publish","4":"has-post-thumbnail","6":"product_cat-kitchen-system-sorento","7":"product_cat-gala-meble","9":"first","10":"instock","11":"purchasable","12":"product-type-simple"},"_links":{"self":[{"href":"https:\/\/baldumarket.lt\/lt\/wp-json\/wp\/v2\/product\/159197","targetHints":{"allow":["GET"]}}],"collection":[{"href":"https:\/\/baldumarket.lt\/lt\/wp-json\/wp\/v2\/product"}],"about":[{"href":"https:\/\/baldumarket.lt\/lt\/wp-json\/wp\/v2\/types\/product"}],"replies":[{"embeddable":true,"href":"https:\/\/baldumarket.lt\/lt\/wp-json\/wp\/v2\/comments?post=159197"}],"wp:featuredmedia":[{"embeddable":true,"href":"https:\/\/baldumarket.lt\/lt\/wp-json\/wp\/v2\/media\/159198"}],"wp:attachment":[{"href":"https:\/\/baldumarket.lt\/lt\/wp-json\/wp\/v2\/media?parent=159197"}],"wp:term":[{"taxonomy":"product_brand","embeddable":true,"href":"https:\/\/baldumarket.lt\/lt\/wp-json\/wp\/v2\/product_brand?post=159197"},{"taxonomy":"product_cat","embeddable":true,"href":"https:\/\/baldumarket.lt\/lt\/wp-json\/wp\/v2\/product_cat?post=159197"},{"taxonomy":"product_tag","embeddable":true,"href":"https:\/\/baldumarket.lt\/lt\/wp-json\/wp\/v2\/product_tag?post=159197"}],"curies":[{"name":"wp","href":"https:\/\/api.w.org\/{rel}","templated":true}]}}