{"id":159192,"date":"2025-12-19T00:28:23","date_gmt":"2025-12-18T21:28:23","guid":{"rendered":"https:\/\/baldumarket.lt\/product\/szafka-kuchenna-dolna-2d-sorento-d60rwn-p-l-bialy-mat-bezowy-mat\/"},"modified":"2026-02-18T11:15:07","modified_gmt":"2026-02-18T08:15:07","slug":"szafka-kuchenna-dolna-2d-sorento-d60rwn-p-l-bialy-mat-bezowy-mat","status":"publish","type":"product","link":"https:\/\/baldumarket.lt\/lt\/product\/szafka-kuchenna-dolna-2d-sorento-d60rwn-p-l-bialy-mat-bezowy-mat\/","title":{"rendered":"Apatin\u0117 virtuv\u0117s spintel\u0117 2D Sorento D60RWN P\/L matin\u0117 balta matin\u0117 sm\u0117lio spalvos"},"content":{"rendered":"<p>\u201eSorento 2-D\u201c apatin\u0117 virtuv\u0117s spintel\u0117 \u2013 tai tobulas elegancijos ir funkcionalumo derinys, suteikiantis j\u016bs\u0173 virtuvei prabangos. Jos matin\u0117s sm\u0117lio spalvos priekis dera su matin\u0117s baltos spalvos korpusu, sukurdamas stiling\u0105, moderni\u0105 spalv\u0173 gam\u0105. \u0160i spalv\u0173 gama suteikia interjerui ramyb\u0117s ir pusiausvyros, kartu si\u016blydama neribotas dizaino galimybes. \u201eSorento\u201c spintel\u0117s funkcionalum\u0105 i\u0161skiria tvirti elementai, u\u017etikrinantys kasdien\u012f komfort\u0105. Spintel\u0117 su reguliuojamomis, auk\u0161tomis kojel\u0117mis puikiai tiks bet kurioje virtuv\u0117je, suteikdama prakti\u0161kumo ir estetinio patrauklumo. Tai leid\u017eia lengvai ir maloniai atlikti nedidel\u012f remont\u0105 ar didesn\u012f virtuv\u0117s pertvarkym\u0105. \u201eSorento\u201c spintel\u0117 yra ne tik gra\u017ei, bet ir prakti\u0161ka. Gerai apgalvotas i\u0161d\u0117stymas su penkiomis lentynomis leid\u017eia efektyviai organizuoti virtuv\u0119. Kiekviena lentyna suteikia papildomos vietos priedams ir maistui laikyti, tod\u0117l virtuv\u0117je lengviau palaikyti tvark\u0105 ir \u0161var\u0105.<\/p>","protected":false},"excerpt":{"rendered":"<p>Plotis (cm): 60<br \/>\n\u016agis (cm): 247<br \/>\nGylis (cm): 58<\/p>","protected":false},"featured_media":159193,"comment_status":"open","ping_status":"open","template":"","meta":[],"product_brand":[],"product_cat":[9436,4106],"product_tag":[],"class_list":{"0":"post-159192","1":"product","2":"type-product","3":"status-publish","4":"has-post-thumbnail","6":"product_cat-kitchen-system-sorento","7":"product_cat-gala-meble","9":"first","10":"instock","11":"purchasable","12":"product-type-simple"},"_links":{"self":[{"href":"https:\/\/baldumarket.lt\/lt\/wp-json\/wp\/v2\/product\/159192","targetHints":{"allow":["GET"]}}],"collection":[{"href":"https:\/\/baldumarket.lt\/lt\/wp-json\/wp\/v2\/product"}],"about":[{"href":"https:\/\/baldumarket.lt\/lt\/wp-json\/wp\/v2\/types\/product"}],"replies":[{"embeddable":true,"href":"https:\/\/baldumarket.lt\/lt\/wp-json\/wp\/v2\/comments?post=159192"}],"wp:featuredmedia":[{"embeddable":true,"href":"https:\/\/baldumarket.lt\/lt\/wp-json\/wp\/v2\/media\/159193"}],"wp:attachment":[{"href":"https:\/\/baldumarket.lt\/lt\/wp-json\/wp\/v2\/media?parent=159192"}],"wp:term":[{"taxonomy":"product_brand","embeddable":true,"href":"https:\/\/baldumarket.lt\/lt\/wp-json\/wp\/v2\/product_brand?post=159192"},{"taxonomy":"product_cat","embeddable":true,"href":"https:\/\/baldumarket.lt\/lt\/wp-json\/wp\/v2\/product_cat?post=159192"},{"taxonomy":"product_tag","embeddable":true,"href":"https:\/\/baldumarket.lt\/lt\/wp-json\/wp\/v2\/product_tag?post=159192"}],"curies":[{"name":"wp","href":"https:\/\/api.w.org\/{rel}","templated":true}]}}