{"id":159187,"date":"2025-12-19T00:28:13","date_gmt":"2025-12-18T21:28:13","guid":{"rendered":"https:\/\/baldumarket.lt\/product\/szafka-kuchenna-dolna-2d-sorento-d60rwn-p-l-puccini\/"},"modified":"2026-02-18T11:14:51","modified_gmt":"2026-02-18T08:14:51","slug":"szafka-kuchenna-dolna-2d-sorento-d60rwn-p-l-puccini","status":"publish","type":"product","link":"https:\/\/baldumarket.lt\/lt\/product\/szafka-kuchenna-dolna-2d-sorento-d60rwn-p-l-puccini\/","title":{"rendered":"Apatin\u0117 virtuv\u0117s spintel\u0117 2D Sorento D60RWN P\/L Puccini"},"content":{"rendered":"<p>\u201eSorento D60RWN\u201c apatin\u0117 virtuv\u0117s spintel\u0117 yra modernaus stiliaus ir funkcionalumo kvintesencija, harmoningai \u012fsiliejanti \u012f bet kok\u012f interjer\u0105. Puccini spalv\u0173 fasadai ir korpusas spinduliuoja elegancija ir subtiliu \u017eavesiu, puikiai papildydami juodas metalines rankenas. \u0160is \u017eavus spalv\u0173 kontrastas traukia ak\u012f ir suteikia interjerui rafinuoto charakterio. \u0160ios spintel\u0117s prakti\u0161kumas yra tai, k\u0105 kasdien \u012fvertins kiekvienas gerai organizuot\u0173 erdvi\u0173 entuziastas. Auk\u0161tos kokyb\u0117s, 18 mm storio laminuota plok\u0161t\u0117 yra atspari pa\u017eeidimams, u\u017etikrinanti jos patvarum\u0105 ir estetin\u012f patrauklum\u0105. Auk\u0161tos kokyb\u0117s reguliuojamo auk\u0161\u010dio kojel\u0117s ne tik pakelia spintel\u0119, bet ir leid\u017eia puikiai pritaikyti jos auk\u0161t\u012f prie grind\u0173 pavir\u0161iaus. Spintel\u0117s vidus suprojektuotas taip, kad b\u016bt\u0173 maksimaliai padidinta daikt\u0173 laikymo vieta. D\u0117l penki\u0173 apgalvotai i\u0161d\u0117styt\u0173 lentyn\u0173 bet kurioje virtuv\u0117je galima i\u0161laikyti tvark\u0105 ir netvark\u0105. Savaranki\u0161kas surinkimas yra papildomas privalumas tiems, kurie vertina individual\u0173 po\u017ei\u016br\u012f \u012f interjero dizain\u0105 \u2013 tai leid\u017eia atlikti nedidelius pakeitimus pagal savo skon\u012f ir poreikius.<\/p>","protected":false},"excerpt":{"rendered":"<p>Plotis (cm): 60<br \/>\n\u016agis (cm): 247<br \/>\nGylis (cm): 58<\/p>","protected":false},"featured_media":159188,"comment_status":"open","ping_status":"open","template":"","meta":[],"product_brand":[],"product_cat":[9436,4106],"product_tag":[],"class_list":{"0":"post-159187","1":"product","2":"type-product","3":"status-publish","4":"has-post-thumbnail","6":"product_cat-kitchen-system-sorento","7":"product_cat-gala-meble","9":"first","10":"instock","11":"purchasable","12":"product-type-simple"},"_links":{"self":[{"href":"https:\/\/baldumarket.lt\/lt\/wp-json\/wp\/v2\/product\/159187","targetHints":{"allow":["GET"]}}],"collection":[{"href":"https:\/\/baldumarket.lt\/lt\/wp-json\/wp\/v2\/product"}],"about":[{"href":"https:\/\/baldumarket.lt\/lt\/wp-json\/wp\/v2\/types\/product"}],"replies":[{"embeddable":true,"href":"https:\/\/baldumarket.lt\/lt\/wp-json\/wp\/v2\/comments?post=159187"}],"wp:featuredmedia":[{"embeddable":true,"href":"https:\/\/baldumarket.lt\/lt\/wp-json\/wp\/v2\/media\/159188"}],"wp:attachment":[{"href":"https:\/\/baldumarket.lt\/lt\/wp-json\/wp\/v2\/media?parent=159187"}],"wp:term":[{"taxonomy":"product_brand","embeddable":true,"href":"https:\/\/baldumarket.lt\/lt\/wp-json\/wp\/v2\/product_brand?post=159187"},{"taxonomy":"product_cat","embeddable":true,"href":"https:\/\/baldumarket.lt\/lt\/wp-json\/wp\/v2\/product_cat?post=159187"},{"taxonomy":"product_tag","embeddable":true,"href":"https:\/\/baldumarket.lt\/lt\/wp-json\/wp\/v2\/product_tag?post=159187"}],"curies":[{"name":"wp","href":"https:\/\/api.w.org\/{rel}","templated":true}]}}