{"id":159182,"date":"2025-12-19T00:28:03","date_gmt":"2025-12-18T21:28:03","guid":{"rendered":"https:\/\/baldumarket.lt\/product\/szafka-kuchenna-dolna-2d-sorento-d60rwn-p-l-puccini-bialy-mat-ramka\/"},"modified":"2026-02-18T11:14:51","modified_gmt":"2026-02-18T08:14:51","slug":"szafka-kuchenna-dolna-2d-sorento-d60rwn-p-l-puccini-bialy-mat-ramka","status":"publish","type":"product","link":"https:\/\/baldumarket.lt\/lt\/product\/szafka-kuchenna-dolna-2d-sorento-d60rwn-p-l-puccini-bialy-mat-ramka\/","title":{"rendered":"Apatin\u0117 virtuv\u0117s spintel\u0117 2D Sorento D60RWN P\/L Puccini matin\u0117s baltos spalvos r\u0117meliu"},"content":{"rendered":"<p>Pasinerkite \u012f elegancij\u0105 ir minimalistin\u012f stili\u0173 su \u201eSorento D60RWN\u201c virtuv\u0117s spintele. Unikalus matin\u0117s baltos priekin\u0117s dalies ir \u201ePuccini\u201c atspalvio derinys sukuria puikiai subalansuot\u0105 estetik\u0105, suteikian\u010di\u0105 charakterio bet kokiam interjerui. Auksin\u0117s metalin\u0117s ranken\u0117l\u0117s subtiliai pary\u0161kina modern\u0173 vaizd\u0105, suteikdamos virtuvei prabangos ir i\u0161skirdamos \u0161\u012f element\u0105 bet kurioje erdv\u0117je. Kasdienis funkcionalumas yra pagrindinis \u201eSorento\u201c spintel\u0117s privalumas. D\u0117l \u201eClip-On\u201c vyri\u0173 su \u0161velnaus u\u017edarymo funkcija, dureli\u0173 atidarymas ir u\u017edarymas yra malonumas, netrikdant nam\u0173 ramyb\u0117s. Tvirta laminuotos plok\u0161t\u0117s ir MDF konstrukcija u\u017etikrina patvarum\u0105 ir atsparum\u0105 kasdieniams virtuv\u0117s i\u0161\u0161\u016bkiams, tod\u0117l \u0161i spintel\u0117 yra nepakei\u010diamas baldas. Erdvus 60 cm plo\u010dio spintel\u0117s vidus si\u016blo prakti\u0161kus daikt\u0173 laikymo sprendimus. Reguliuojamos kojel\u0117s ne tik palengvina pritaikym\u0105 nelygiems grindims, bet ir pabr\u0117\u017eia modern\u0173 jos dizain\u0105. \u0160i universali spintel\u0117 yra puikus sprendimas tiems, kurie vertina funkcionalum\u0105 neaukodami estetikos.<\/p>","protected":false},"excerpt":{"rendered":"<p>Plotis (cm): 60<br \/>\n\u016agis (cm): 247<br \/>\nGylis (cm): 58<\/p>","protected":false},"featured_media":159183,"comment_status":"open","ping_status":"open","template":"","meta":[],"product_brand":[],"product_cat":[9436,4106],"product_tag":[],"class_list":{"0":"post-159182","1":"product","2":"type-product","3":"status-publish","4":"has-post-thumbnail","6":"product_cat-kitchen-system-sorento","7":"product_cat-gala-meble","9":"first","10":"instock","11":"purchasable","12":"product-type-simple"},"_links":{"self":[{"href":"https:\/\/baldumarket.lt\/lt\/wp-json\/wp\/v2\/product\/159182","targetHints":{"allow":["GET"]}}],"collection":[{"href":"https:\/\/baldumarket.lt\/lt\/wp-json\/wp\/v2\/product"}],"about":[{"href":"https:\/\/baldumarket.lt\/lt\/wp-json\/wp\/v2\/types\/product"}],"replies":[{"embeddable":true,"href":"https:\/\/baldumarket.lt\/lt\/wp-json\/wp\/v2\/comments?post=159182"}],"wp:featuredmedia":[{"embeddable":true,"href":"https:\/\/baldumarket.lt\/lt\/wp-json\/wp\/v2\/media\/159183"}],"wp:attachment":[{"href":"https:\/\/baldumarket.lt\/lt\/wp-json\/wp\/v2\/media?parent=159182"}],"wp:term":[{"taxonomy":"product_brand","embeddable":true,"href":"https:\/\/baldumarket.lt\/lt\/wp-json\/wp\/v2\/product_brand?post=159182"},{"taxonomy":"product_cat","embeddable":true,"href":"https:\/\/baldumarket.lt\/lt\/wp-json\/wp\/v2\/product_cat?post=159182"},{"taxonomy":"product_tag","embeddable":true,"href":"https:\/\/baldumarket.lt\/lt\/wp-json\/wp\/v2\/product_tag?post=159182"}],"curies":[{"name":"wp","href":"https:\/\/api.w.org\/{rel}","templated":true}]}}