{"id":159177,"date":"2025-12-19T00:27:53","date_gmt":"2025-12-18T21:27:53","guid":{"rendered":"https:\/\/baldumarket.lt\/product\/szafka-kuchenna-dolna-2d-sorento-d60rwn-p-l-puccini-green\/"},"modified":"2026-02-18T11:14:51","modified_gmt":"2026-02-18T08:14:51","slug":"szafka-kuchenna-dolna-2d-sorento-d60rwn-p-l-puccini-green","status":"publish","type":"product","link":"https:\/\/baldumarket.lt\/lt\/product\/szafka-kuchenna-dolna-2d-sorento-d60rwn-p-l-puccini-green\/","title":{"rendered":"Apatin\u0117 virtuv\u0117s spintel\u0117 2D Sorento D60RWN P\/L Puccini \u017ealia"},"content":{"rendered":"<p>Atraskite i\u0161skirtin\u0119 elegancij\u0105, kuri\u0105 j\u016bs\u0173 virtuvei suteikia \u201eSorento D60RWN 2-D\u201c apatin\u0117 virtuv\u0117s spintel\u0117 \u201ePuccini Green\u201c spalvos. \u0160i unikali \u201eGa\u0142a Meble\u201c spintel\u0117 derina modern\u0173 dizain\u0105 su funkcionalumu, i\u0161ry\u0161kindama laminuot\u0173 fasad\u0173 gro\u017e\u012f ry\u0161kiai \u017ealioje spalvoje. Puikiai tinka tiems, kurie nori suteikti savo virtuvei gaivumo ir asmeni\u0161kumo. Spintel\u0117s gerai apgalvotas dizainas u\u017etikrina maksimal\u0173 erdv\u0117s i\u0161naudojim\u0105. \u012erengtos \u201eClip-On\u201c vyriai su \u0161velnaus u\u017edarymo sistema, ji u\u017etikrina ne tik patogum\u0105 naudoti, bet ir tyl\u0173 veikim\u0105, kuris yra ne\u012fkainojamas kasdieniame gyvenime namuose. Kontrastingos juodos metalin\u0117s rankenos suteikia stiling\u0105 akcent\u0105, pabr\u0117\u017eiant \u0161iuolaiki\u0161k\u0105 charakter\u012f. Auk\u0161tos kokyb\u0117s laminuota korpuso ir fasad\u0173 plok\u0161t\u0117 yra ne tik esteti\u0161kai patraukli, bet ir patvari, tod\u0117l atspari pa\u017eeidimams. Reguliuojamos kojel\u0117s leid\u017eia reguliuoti spintel\u0117s auk\u0161t\u012f pagal savo poreikius, o tai itin naudinga organizuojant virtuv\u0117s erdv\u0119. \u0160is sprendimas tinka \u012fvairiems interjerams \u2013 nuo minimalistinio iki tradicinio, nes pasi\u017eymi universalumu ir pritaikomumu.<\/p>","protected":false},"excerpt":{"rendered":"<p>Plotis (cm): 60<br \/>\n\u016agis (cm): 247<br \/>\nGylis (cm): 58<\/p>","protected":false},"featured_media":159178,"comment_status":"open","ping_status":"open","template":"","meta":[],"product_brand":[],"product_cat":[9436,4106],"product_tag":[],"class_list":{"0":"post-159177","1":"product","2":"type-product","3":"status-publish","4":"has-post-thumbnail","6":"product_cat-kitchen-system-sorento","7":"product_cat-gala-meble","9":"first","10":"instock","11":"purchasable","12":"product-type-simple"},"_links":{"self":[{"href":"https:\/\/baldumarket.lt\/lt\/wp-json\/wp\/v2\/product\/159177","targetHints":{"allow":["GET"]}}],"collection":[{"href":"https:\/\/baldumarket.lt\/lt\/wp-json\/wp\/v2\/product"}],"about":[{"href":"https:\/\/baldumarket.lt\/lt\/wp-json\/wp\/v2\/types\/product"}],"replies":[{"embeddable":true,"href":"https:\/\/baldumarket.lt\/lt\/wp-json\/wp\/v2\/comments?post=159177"}],"wp:featuredmedia":[{"embeddable":true,"href":"https:\/\/baldumarket.lt\/lt\/wp-json\/wp\/v2\/media\/159178"}],"wp:attachment":[{"href":"https:\/\/baldumarket.lt\/lt\/wp-json\/wp\/v2\/media?parent=159177"}],"wp:term":[{"taxonomy":"product_brand","embeddable":true,"href":"https:\/\/baldumarket.lt\/lt\/wp-json\/wp\/v2\/product_brand?post=159177"},{"taxonomy":"product_cat","embeddable":true,"href":"https:\/\/baldumarket.lt\/lt\/wp-json\/wp\/v2\/product_cat?post=159177"},{"taxonomy":"product_tag","embeddable":true,"href":"https:\/\/baldumarket.lt\/lt\/wp-json\/wp\/v2\/product_tag?post=159177"}],"curies":[{"name":"wp","href":"https:\/\/api.w.org\/{rel}","templated":true}]}}