{"id":159167,"date":"2025-12-19T00:27:33","date_gmt":"2025-12-18T21:27:33","guid":{"rendered":"https:\/\/baldumarket.lt\/product\/szafka-kuchenna-dolna-2d-sorento-d60t-p-l-ax-baltic-storm-bezowy-mat\/"},"modified":"2026-02-18T11:14:51","modified_gmt":"2026-02-18T08:14:51","slug":"szafka-kuchenna-dolna-2d-sorento-d60t-p-l-ax-baltic-storm-bezowy-mat","status":"publish","type":"product","link":"https:\/\/baldumarket.lt\/lt\/product\/szafka-kuchenna-dolna-2d-sorento-d60t-p-l-ax-baltic-storm-bezowy-mat\/","title":{"rendered":"Apatin\u0117 virtuv\u0117s spintel\u0117 2D Sorento D60T P\/L AX Baltic Storm Beige Matte"},"content":{"rendered":"<p>Paverskite savo virtuv\u0119 tikru stiliaus ir elegancijos oaze su \u201eSorento D60T 2-D\u201c apatine virtuv\u0117s spintele. Subtilus matinis sm\u0117lio spalvos priekis kartu su intriguojan\u010dia \u201eBaltic Storm\u201c korpuso spalva sukuria harmoning\u0105 ir moderni\u0105 kompozicij\u0105, kuri puikiai atitinka minimalistinio dizaino tendencij\u0105. Puikiai tinkanti prie bet kokio interjero, \u0161i spintel\u0117 suteiks j\u016bs\u0173 virtuvei ne tik funkcionalumo, bet ir estetinio \u017eavesio. Moderniam interjerui reikalingi sprendimai, atitinkantys kasdienius poreikius. \u0160tai kod\u0117l \u201eSorento\u201c spintel\u0117je yra penki prakti\u0161ki, visi\u0161kai i\u0161traukiami stal\u010diai, kurie palengvina virtuv\u0117s reikmen\u0173 tvarkym\u0105. Pamir\u0161kite kasdienio gyvenimo \u0161urmul\u012f \u2013 \u0161velnaus u\u017edarymo funkcija neleid\u017eia gird\u0117ti triuk\u0161mo u\u017edarant, o stilingos juodos metalin\u0117s rankenos suteikia u\u017ebaigtumo. D\u0117l tvirtos laminuotos plok\u0161t\u0117s konstrukcijos \u0161i spintel\u0117 yra ne tik esteti\u0161kai patraukli, bet ir ne\u012ftik\u0117tinai patvari. Atspari pa\u017eeidimams med\u017eiaga garantuoja ilgaam\u017ei\u0161kum\u0105 ir be r\u016bpes\u010di\u0173 naudojim\u0105. Reguliuojamos 15 cm auk\u0161\u010dio kojel\u0117s leid\u017eia pritaikyti bald\u0105 pagal savo poreikius ir leid\u017eia j\u012f lengvai pastatyti net ant nelygaus pavir\u0161iaus.<\/p>","protected":false},"excerpt":{"rendered":"<p>Plotis (cm): 60<br \/>\n\u016agis (cm): 247<br \/>\nGylis (cm): 58<\/p>","protected":false},"featured_media":159168,"comment_status":"open","ping_status":"open","template":"","meta":[],"product_brand":[],"product_cat":[9436,4106],"product_tag":[],"class_list":{"0":"post-159167","1":"product","2":"type-product","3":"status-publish","4":"has-post-thumbnail","6":"product_cat-kitchen-system-sorento","7":"product_cat-gala-meble","9":"first","10":"instock","11":"purchasable","12":"product-type-simple"},"_links":{"self":[{"href":"https:\/\/baldumarket.lt\/lt\/wp-json\/wp\/v2\/product\/159167","targetHints":{"allow":["GET"]}}],"collection":[{"href":"https:\/\/baldumarket.lt\/lt\/wp-json\/wp\/v2\/product"}],"about":[{"href":"https:\/\/baldumarket.lt\/lt\/wp-json\/wp\/v2\/types\/product"}],"replies":[{"embeddable":true,"href":"https:\/\/baldumarket.lt\/lt\/wp-json\/wp\/v2\/comments?post=159167"}],"wp:featuredmedia":[{"embeddable":true,"href":"https:\/\/baldumarket.lt\/lt\/wp-json\/wp\/v2\/media\/159168"}],"wp:attachment":[{"href":"https:\/\/baldumarket.lt\/lt\/wp-json\/wp\/v2\/media?parent=159167"}],"wp:term":[{"taxonomy":"product_brand","embeddable":true,"href":"https:\/\/baldumarket.lt\/lt\/wp-json\/wp\/v2\/product_brand?post=159167"},{"taxonomy":"product_cat","embeddable":true,"href":"https:\/\/baldumarket.lt\/lt\/wp-json\/wp\/v2\/product_cat?post=159167"},{"taxonomy":"product_tag","embeddable":true,"href":"https:\/\/baldumarket.lt\/lt\/wp-json\/wp\/v2\/product_tag?post=159167"}],"curies":[{"name":"wp","href":"https:\/\/api.w.org\/{rel}","templated":true}]}}