{"id":159162,"date":"2025-12-19T00:27:24","date_gmt":"2025-12-18T21:27:24","guid":{"rendered":"https:\/\/baldumarket.lt\/product\/szafka-kuchenna-dolna-2d-sorento-d60t-p-l-ax-baltic-storm-green\/"},"modified":"2026-02-18T11:14:51","modified_gmt":"2026-02-18T08:14:51","slug":"szafka-kuchenna-dolna-2d-sorento-d60t-p-l-ax-baltic-storm-green","status":"publish","type":"product","link":"https:\/\/baldumarket.lt\/lt\/product\/szafka-kuchenna-dolna-2d-sorento-d60t-p-l-ax-baltic-storm-green\/","title":{"rendered":"Apatin\u0117 virtuv\u0117s spintel\u0117 2D Sorento D60T P\/L AX Baltic Storm Green"},"content":{"rendered":"<p>Atraskite tikr\u0105j\u012f savo virtuv\u0117s gro\u017e\u012f ir funkcionalum\u0105 su \u201eSorento D60T\u201c apatine virtuv\u0117s spintele. Unikalus \u0161ios spintel\u0117s dizainas, padengtas sodria matine \u017ealia spalva, suteiks j\u016bs\u0173 virtuv\u0117s erdvei elegancijos ir i\u0161rai\u0161kingumo. Puikiai priderintas \u201eBaltic Storm\u201c korpusas sukuria darni\u0105 visum\u0105, kuri ne tik traukia ak\u012f, bet ir suteikia j\u016bs\u0173 interjerui prabangos. \u201eSorento D60T\u201c spintel\u0117 \u2013 tai tobulas modernaus stiliaus ir prakti\u0161kumo derinys. Penki gerai organizuoti vidiniai stal\u010diai su pilnu i\u0161traukimu, kuri\u0173 kiekvieno keliamoji galia siekia iki 40 kg, puikiai patenkina visus j\u016bs\u0173 daikt\u0173 laikymo poreikius. Tai supaprastina ir padidina kasdieni\u0173 virtuv\u0117s darb\u0173 efektyvum\u0105, leid\u017eiant jums sutelkti d\u0117mes\u012f \u012f tai, kas i\u0161 tikr\u0173j\u0173 svarbu. \u0160ios spintel\u0117s estetik\u0105 sustiprina juodos metalin\u0117s rankenos, kurios suteikia modernumo ir patog\u0173 naudojim\u0105. \u0160velniai u\u017esidarantys \u201eClip-On\u201c vyriai suteikia papildomo komforto, pa\u0161alina nepageidaujamus garsus ir u\u017etikrina ramyb\u0119 bei tyl\u0105 j\u016bs\u0173 namuose. Kojel\u0117s, kuri\u0173 auk\u0161tis reguliuojamas iki 15 cm, suteikia elegancijos ir leid\u017eia pritaikyti spintel\u0119 prie bet kokio stalvir\u0161io auk\u0161\u010dio.<\/p>","protected":false},"excerpt":{"rendered":"<p>Plotis (cm): 60<br \/>\n\u016agis (cm): 247<br \/>\nGylis (cm): 58<\/p>","protected":false},"featured_media":159163,"comment_status":"open","ping_status":"open","template":"","meta":[],"product_brand":[],"product_cat":[9436,4106],"product_tag":[],"class_list":{"0":"post-159162","1":"product","2":"type-product","3":"status-publish","4":"has-post-thumbnail","6":"product_cat-kitchen-system-sorento","7":"product_cat-gala-meble","9":"first","10":"instock","11":"purchasable","12":"product-type-simple"},"_links":{"self":[{"href":"https:\/\/baldumarket.lt\/lt\/wp-json\/wp\/v2\/product\/159162","targetHints":{"allow":["GET"]}}],"collection":[{"href":"https:\/\/baldumarket.lt\/lt\/wp-json\/wp\/v2\/product"}],"about":[{"href":"https:\/\/baldumarket.lt\/lt\/wp-json\/wp\/v2\/types\/product"}],"replies":[{"embeddable":true,"href":"https:\/\/baldumarket.lt\/lt\/wp-json\/wp\/v2\/comments?post=159162"}],"wp:featuredmedia":[{"embeddable":true,"href":"https:\/\/baldumarket.lt\/lt\/wp-json\/wp\/v2\/media\/159163"}],"wp:attachment":[{"href":"https:\/\/baldumarket.lt\/lt\/wp-json\/wp\/v2\/media?parent=159162"}],"wp:term":[{"taxonomy":"product_brand","embeddable":true,"href":"https:\/\/baldumarket.lt\/lt\/wp-json\/wp\/v2\/product_brand?post=159162"},{"taxonomy":"product_cat","embeddable":true,"href":"https:\/\/baldumarket.lt\/lt\/wp-json\/wp\/v2\/product_cat?post=159162"},{"taxonomy":"product_tag","embeddable":true,"href":"https:\/\/baldumarket.lt\/lt\/wp-json\/wp\/v2\/product_tag?post=159162"}],"curies":[{"name":"wp","href":"https:\/\/api.w.org\/{rel}","templated":true}]}}