{"id":159157,"date":"2025-12-19T00:27:14","date_gmt":"2025-12-18T21:27:14","guid":{"rendered":"https:\/\/baldumarket.lt\/product\/szafka-kuchenna-dolna-2d-sorento-d60t-p-l-ax-bialy-green\/"},"modified":"2026-02-18T11:14:51","modified_gmt":"2026-02-18T08:14:51","slug":"szafka-kuchenna-dolna-2d-sorento-d60t-p-l-ax-bialy-green","status":"publish","type":"product","link":"https:\/\/baldumarket.lt\/lt\/product\/szafka-kuchenna-dolna-2d-sorento-d60t-p-l-ax-bialy-green\/","title":{"rendered":"Apatin\u0117 virtuv\u0117s spintel\u0117 2D Sorento D60T P\/L AX balta \u017ealia"},"content":{"rendered":"<p>\u201eSorento 2-D\u201c apatin\u0117 virtuv\u0117s spintel\u0117 \u2013 unikalus elementas, kuris j\u016bs\u0173 virtuvei suteiks harmonijos ir stiliaus. Eleganti\u0161ka balta ir \u017ealia spalv\u0173 gama suteikia interjerui gaivumo ir modernumo, o matin\u0117 \u017ealia priekin\u0117 apdaila puikiai papildo minimalistin\u012f dizain\u0105. D\u0117l kompakti\u0161k\u0173 matmen\u0173 (60 cm plo\u010dio ir 58 cm gylio) spintel\u0117 puikiai telpa net ir ma\u017eiausiose erdv\u0117se, sukurdama jauki\u0105 ir funkcionali\u0105 maisto gaminimo zon\u0105. Funkcionalumas yra vienas did\u017eiausi\u0173 \u201eSorento\u201c spintel\u0117s privalum\u0173. Ji turi tris lentynas ir penkis stal\u010dius, tod\u0117l si\u016blo daug vietos daiktams susid\u0117ti. Kiekvienas stal\u010dius yra visi\u0161kai i\u0161traukiamas, tod\u0117l greitai ir patogiai pasieksite m\u0117gstamus virtuv\u0117s reikmenis. Prakti\u0161ki sprendimai supaprastina ir padaro efektyvesn\u012f erdv\u0117s sutvarkym\u0105, palengvindami kasdienius virtuv\u0117s darbus bet kuriam maisto gaminimo entuziastui. Spintel\u0117 pagaminta i\u0161 laminuotos plok\u0161t\u0117s, u\u017etikrinan\u010dios didel\u012f atsparum\u0105 pa\u017eeidimams ir ilgaam\u017ei\u0161kum\u0105. \u0160velniai u\u017esidarantys vyriai ir juodos metalin\u0117s rankenos suteikia elegancijos. D\u0117l novatori\u0161k\u0173 sprendim\u0173, toki\u0173 kaip nulin\u0117s i\u0161siki\u0161imo vyriai ir reguliuojamos 15 cm auk\u0161\u010dio kojel\u0117s, spintel\u0117 prisitaiko prie j\u016bs\u0173 individuali\u0173 poreiki\u0173, u\u017etikrindama patog\u0173 kasdien\u012f naudojim\u0105.<\/p>","protected":false},"excerpt":{"rendered":"<p>Plotis (cm): 60<br \/>\n\u016agis (cm): 247<br \/>\nGylis (cm): 58<\/p>","protected":false},"featured_media":159158,"comment_status":"open","ping_status":"open","template":"","meta":[],"product_brand":[],"product_cat":[9436,4106],"product_tag":[],"class_list":{"0":"post-159157","1":"product","2":"type-product","3":"status-publish","4":"has-post-thumbnail","6":"product_cat-kitchen-system-sorento","7":"product_cat-gala-meble","9":"first","10":"instock","11":"purchasable","12":"product-type-simple"},"_links":{"self":[{"href":"https:\/\/baldumarket.lt\/lt\/wp-json\/wp\/v2\/product\/159157","targetHints":{"allow":["GET"]}}],"collection":[{"href":"https:\/\/baldumarket.lt\/lt\/wp-json\/wp\/v2\/product"}],"about":[{"href":"https:\/\/baldumarket.lt\/lt\/wp-json\/wp\/v2\/types\/product"}],"replies":[{"embeddable":true,"href":"https:\/\/baldumarket.lt\/lt\/wp-json\/wp\/v2\/comments?post=159157"}],"wp:featuredmedia":[{"embeddable":true,"href":"https:\/\/baldumarket.lt\/lt\/wp-json\/wp\/v2\/media\/159158"}],"wp:attachment":[{"href":"https:\/\/baldumarket.lt\/lt\/wp-json\/wp\/v2\/media?parent=159157"}],"wp:term":[{"taxonomy":"product_brand","embeddable":true,"href":"https:\/\/baldumarket.lt\/lt\/wp-json\/wp\/v2\/product_brand?post=159157"},{"taxonomy":"product_cat","embeddable":true,"href":"https:\/\/baldumarket.lt\/lt\/wp-json\/wp\/v2\/product_cat?post=159157"},{"taxonomy":"product_tag","embeddable":true,"href":"https:\/\/baldumarket.lt\/lt\/wp-json\/wp\/v2\/product_tag?post=159157"}],"curies":[{"name":"wp","href":"https:\/\/api.w.org\/{rel}","templated":true}]}}