{"id":159151,"date":"2025-12-19T00:27:02","date_gmt":"2025-12-18T21:27:02","guid":{"rendered":"https:\/\/baldumarket.lt\/product\/szafka-kuchenna-dolna-2d-sorento-d60t-p-l-ax-bialy-mat\/"},"modified":"2026-02-18T11:14:51","modified_gmt":"2026-02-18T08:14:51","slug":"szafka-kuchenna-dolna-2d-sorento-d60t-p-l-ax-bialy-mat","status":"publish","type":"product","link":"https:\/\/baldumarket.lt\/lt\/product\/szafka-kuchenna-dolna-2d-sorento-d60t-p-l-ax-bialy-mat\/","title":{"rendered":"Apatin\u0117 virtuv\u0117s spintel\u0117 2D Sorento D60T P\/L AX matin\u0117 balta"},"content":{"rendered":"<p>Apatin\u0117 virtuv\u0117s spintel\u0117 \u201eSorento D60T\u201c \u2013 puikus sprendimas tiems, kurie vertina elegancij\u0105 ir funkcionalum\u0105 virtuv\u0117je. Jos modernus, matin\u0117s baltos spalvos dizainas puikiai der\u0117s prie bet kokio interjero, suteikdamas gaivumo ir erdvumo poj\u016bt\u012f. Nesenstanti balta spalv\u0173 gama atitinka dabartines interjero dizaino tendencijas ir sukuria harmoning\u0105 erdv\u0119. \u0160i spintel\u0117 yra tikras virtuv\u0117s spinteli\u0173 perlas, derinantis estetin\u012f patrauklum\u0105 su i\u0161skirtiniu prakti\u0161kumu. Auk\u0161tos kokyb\u0117s med\u017eiagos, tokios kaip MDF ir laminatas, u\u017etikrina patvarum\u0105 ir atsparum\u0105 pa\u017eeidimams. \u0160is baldas tarnaus ilgus metus, i\u0161laikydamas nepriekai\u0161ting\u0105 i\u0161vaizd\u0105. Ne tik i\u0161vaizda verta d\u0117mesio \u2013 spintel\u0117s viduje yra penki erdv\u016bs stal\u010diai, kurie gerokai supaprastina kasdieni\u0173 virtuv\u0117s darb\u0173 organizavim\u0105. Pilno i\u0161traukimo stal\u010diai suteikia patogi\u0105 prieig\u0105 prie vis\u0173 laikom\u0173 daikt\u0173, o tai itin prakti\u0161ka gaminant maist\u0105. Tai paver\u010dia virtuv\u0119 malonia vieta leisti laik\u0105.<\/p>","protected":false},"excerpt":{"rendered":"<p>Plotis (cm): 60<br \/>\n\u016agis (cm): 247<br \/>\nGylis (cm): 58<\/p>","protected":false},"featured_media":159152,"comment_status":"open","ping_status":"open","template":"","meta":[],"product_brand":[],"product_cat":[9436,4106],"product_tag":[],"class_list":{"0":"post-159151","1":"product","2":"type-product","3":"status-publish","4":"has-post-thumbnail","6":"product_cat-kitchen-system-sorento","7":"product_cat-gala-meble","9":"first","10":"instock","11":"purchasable","12":"product-type-simple"},"_links":{"self":[{"href":"https:\/\/baldumarket.lt\/lt\/wp-json\/wp\/v2\/product\/159151","targetHints":{"allow":["GET"]}}],"collection":[{"href":"https:\/\/baldumarket.lt\/lt\/wp-json\/wp\/v2\/product"}],"about":[{"href":"https:\/\/baldumarket.lt\/lt\/wp-json\/wp\/v2\/types\/product"}],"replies":[{"embeddable":true,"href":"https:\/\/baldumarket.lt\/lt\/wp-json\/wp\/v2\/comments?post=159151"}],"wp:featuredmedia":[{"embeddable":true,"href":"https:\/\/baldumarket.lt\/lt\/wp-json\/wp\/v2\/media\/159152"}],"wp:attachment":[{"href":"https:\/\/baldumarket.lt\/lt\/wp-json\/wp\/v2\/media?parent=159151"}],"wp:term":[{"taxonomy":"product_brand","embeddable":true,"href":"https:\/\/baldumarket.lt\/lt\/wp-json\/wp\/v2\/product_brand?post=159151"},{"taxonomy":"product_cat","embeddable":true,"href":"https:\/\/baldumarket.lt\/lt\/wp-json\/wp\/v2\/product_cat?post=159151"},{"taxonomy":"product_tag","embeddable":true,"href":"https:\/\/baldumarket.lt\/lt\/wp-json\/wp\/v2\/product_tag?post=159151"}],"curies":[{"name":"wp","href":"https:\/\/api.w.org\/{rel}","templated":true}]}}