{"id":159146,"date":"2025-12-19T00:26:53","date_gmt":"2025-12-18T21:26:53","guid":{"rendered":"https:\/\/baldumarket.lt\/product\/szafka-kuchenna-dolna-2d-sorento-d60t-p-l-ax-bialy-mat-bezowy-mat\/"},"modified":"2026-02-18T11:14:36","modified_gmt":"2026-02-18T08:14:36","slug":"szafka-kuchenna-dolna-2d-sorento-d60t-p-l-ax-bialy-mat-bezowy-mat","status":"publish","type":"product","link":"https:\/\/baldumarket.lt\/lt\/product\/szafka-kuchenna-dolna-2d-sorento-d60t-p-l-ax-bialy-mat-bezowy-mat\/","title":{"rendered":"Apatin\u0117 virtuv\u0117s spintel\u0117 2D Sorento D60T P\/L AX matin\u0117 balta matin\u0117 sm\u0117lio spalvos"},"content":{"rendered":"<p>Atraskite elegancij\u0105 ir funkcionalum\u0105 viename su \u201eSorento 2D\u201c apatine virtuv\u0117s spintele. Matin\u0117s baltos spalvos korpuso ir subtilaus sm\u0117lio spalvos priekio derinys sukuria nesenstan\u010di\u0105 harmonij\u0105, puikiai papildan\u010di\u0105 \u012fvairius virtuv\u0117s dizainus. Matin\u0117 apdaila suteikia interjerui modernumo, nepakenkdama kasdieniam funkcionalumui. Tai puikus pasirinkimas ie\u0161kantiems unikalaus virtuv\u0117s stiliaus. \u0160io spintel\u0117s prakti\u0161kum\u0105 pabr\u0117\u017eia daugyb\u0117 funkcij\u0173, kurios palengvina virtuv\u0117s organizavim\u0105. Penki erdv\u016bs, pilno i\u0161traukimo stal\u010diai leid\u017eia lengvai sutvarkyti ir pasiekti laikomus daiktus, tod\u0117l maisto gaminimas tampa dar malonesnis. \u201eClip-On\u201c vyriai su \u0161velnaus u\u017edarymo funkcija u\u017etikrina skland\u0173 ir tyl\u0173 dureli\u0173 u\u017edarym\u0105, neabejotinai padidindami kasdien\u012f komfort\u0105. Eleganti\u0161kos juodos metalin\u0117s rankenos suteikia modernumo, dera su minimalistiniu dizainu. Reguliuojamos kojel\u0117s leid\u017eia pritaikyti spintel\u0117s auk\u0161t\u012f, o tai prakti\u0161ka ant nelygi\u0173 grind\u0173 ir palengvina valym\u0105 po spintele. Papildomos lentynos suteikia vietos \u012fvairiems virtuv\u0117s priedams laikyti, kurie visada bus po ranka.<\/p>","protected":false},"excerpt":{"rendered":"<p>Plotis (cm): 60<br \/>\n\u016agis (cm): 247<br \/>\nGylis (cm): 58<\/p>","protected":false},"featured_media":159147,"comment_status":"open","ping_status":"open","template":"","meta":[],"product_brand":[],"product_cat":[9436,4106],"product_tag":[],"class_list":{"0":"post-159146","1":"product","2":"type-product","3":"status-publish","4":"has-post-thumbnail","6":"product_cat-kitchen-system-sorento","7":"product_cat-gala-meble","9":"first","10":"instock","11":"purchasable","12":"product-type-simple"},"_links":{"self":[{"href":"https:\/\/baldumarket.lt\/lt\/wp-json\/wp\/v2\/product\/159146","targetHints":{"allow":["GET"]}}],"collection":[{"href":"https:\/\/baldumarket.lt\/lt\/wp-json\/wp\/v2\/product"}],"about":[{"href":"https:\/\/baldumarket.lt\/lt\/wp-json\/wp\/v2\/types\/product"}],"replies":[{"embeddable":true,"href":"https:\/\/baldumarket.lt\/lt\/wp-json\/wp\/v2\/comments?post=159146"}],"wp:featuredmedia":[{"embeddable":true,"href":"https:\/\/baldumarket.lt\/lt\/wp-json\/wp\/v2\/media\/159147"}],"wp:attachment":[{"href":"https:\/\/baldumarket.lt\/lt\/wp-json\/wp\/v2\/media?parent=159146"}],"wp:term":[{"taxonomy":"product_brand","embeddable":true,"href":"https:\/\/baldumarket.lt\/lt\/wp-json\/wp\/v2\/product_brand?post=159146"},{"taxonomy":"product_cat","embeddable":true,"href":"https:\/\/baldumarket.lt\/lt\/wp-json\/wp\/v2\/product_cat?post=159146"},{"taxonomy":"product_tag","embeddable":true,"href":"https:\/\/baldumarket.lt\/lt\/wp-json\/wp\/v2\/product_tag?post=159146"}],"curies":[{"name":"wp","href":"https:\/\/api.w.org\/{rel}","templated":true}]}}