{"id":159141,"date":"2025-12-19T00:26:43","date_gmt":"2025-12-18T21:26:43","guid":{"rendered":"https:\/\/baldumarket.lt\/product\/szafka-kuchenna-dolna-2d-sorento-d60t-p-l-ax-bialy-mat-puccini\/"},"modified":"2026-02-18T11:14:36","modified_gmt":"2026-02-18T08:14:36","slug":"szafka-kuchenna-dolna-2d-sorento-d60t-p-l-ax-bialy-mat-puccini","status":"publish","type":"product","link":"https:\/\/baldumarket.lt\/lt\/product\/szafka-kuchenna-dolna-2d-sorento-d60t-p-l-ax-bialy-mat-puccini\/","title":{"rendered":"Apatin\u0117 virtuv\u0117s spintel\u0117 2D Sorento D60T P\/L AX matin\u0117 balta Puccini"},"content":{"rendered":"<p>Atraskite elegancij\u0105 ir modernum\u0105 savo virtuv\u0117je su \u201eSorento D60T\u201c apatine virtuv\u0117s spintele. Unikalus dizainas su Puccini spalvos fasadais sukuria kontrast\u0105 su matin\u0117s baltos spalvos korpusu, suteikdamas spintelei stiling\u0105 ir rafinuot\u0105 i\u0161vaizd\u0105. Laminuotos plok\u0161t\u0117s naudojimas ne tik pagerina estetin\u012f patrauklum\u0105, bet ir u\u017etikrina patvarum\u0105 bei atsparum\u0105 kasdieniam naudojimui. \u201eSorento\u201c spintel\u0117 yra ne tik vizualinis akcentas, bet ir prakti\u0161kas sprendimas bet kurioje virtuv\u0117je. \u012emontuoti pilno i\u0161traukimo stal\u010diai leid\u017eia lengvai susitvarkyti daiktus ir greitai pasiekti b\u016btiniausius daiktus, tod\u0117l maisto gaminimas tampa patogesnis ir efektyvesnis. Juoda metalin\u0117 rankena suteikia stiliaus prisilietim\u0105 ir palengvina dureli\u0173 bei stal\u010di\u0173 atidarym\u0105 ir u\u017edarym\u0105. Spintel\u0117s funkcionalum\u0105 papildo reguliuojamos kojel\u0117s, leid\u017eian\u010dios reguliuoti spintel\u0117s auk\u0161t\u012f pagal individualius poreikius. \u0160is sprendimas idealiai tinka tiek moderniam, tiek tradici\u0161kesniam virtuv\u0117s dizainui. Efektyv\u016bs, \u0161velniai u\u017esidarantys vyriai suma\u017eina triuk\u0161m\u0105 ir u\u017etikrina ilgalaik\u012f komfort\u0105.<\/p>","protected":false},"excerpt":{"rendered":"<p>Plotis (cm): 60<br \/>\n\u016agis (cm): 247<br \/>\nGylis (cm): 58<\/p>","protected":false},"featured_media":159142,"comment_status":"open","ping_status":"open","template":"","meta":[],"product_brand":[],"product_cat":[9436,4106],"product_tag":[],"class_list":{"0":"post-159141","1":"product","2":"type-product","3":"status-publish","4":"has-post-thumbnail","6":"product_cat-kitchen-system-sorento","7":"product_cat-gala-meble","9":"first","10":"instock","11":"purchasable","12":"product-type-simple"},"_links":{"self":[{"href":"https:\/\/baldumarket.lt\/lt\/wp-json\/wp\/v2\/product\/159141","targetHints":{"allow":["GET"]}}],"collection":[{"href":"https:\/\/baldumarket.lt\/lt\/wp-json\/wp\/v2\/product"}],"about":[{"href":"https:\/\/baldumarket.lt\/lt\/wp-json\/wp\/v2\/types\/product"}],"replies":[{"embeddable":true,"href":"https:\/\/baldumarket.lt\/lt\/wp-json\/wp\/v2\/comments?post=159141"}],"wp:featuredmedia":[{"embeddable":true,"href":"https:\/\/baldumarket.lt\/lt\/wp-json\/wp\/v2\/media\/159142"}],"wp:attachment":[{"href":"https:\/\/baldumarket.lt\/lt\/wp-json\/wp\/v2\/media?parent=159141"}],"wp:term":[{"taxonomy":"product_brand","embeddable":true,"href":"https:\/\/baldumarket.lt\/lt\/wp-json\/wp\/v2\/product_brand?post=159141"},{"taxonomy":"product_cat","embeddable":true,"href":"https:\/\/baldumarket.lt\/lt\/wp-json\/wp\/v2\/product_cat?post=159141"},{"taxonomy":"product_tag","embeddable":true,"href":"https:\/\/baldumarket.lt\/lt\/wp-json\/wp\/v2\/product_tag?post=159141"}],"curies":[{"name":"wp","href":"https:\/\/api.w.org\/{rel}","templated":true}]}}