{"id":159136,"date":"2025-12-19T00:26:33","date_gmt":"2025-12-18T21:26:33","guid":{"rendered":"https:\/\/baldumarket.lt\/product\/szafka-kuchenna-dolna-2d-sorento-d60t-p-l-ax-puccini\/"},"modified":"2026-02-18T11:14:36","modified_gmt":"2026-02-18T08:14:36","slug":"szafka-kuchenna-dolna-2d-sorento-d60t-p-l-ax-puccini","status":"publish","type":"product","link":"https:\/\/baldumarket.lt\/lt\/product\/szafka-kuchenna-dolna-2d-sorento-d60t-p-l-ax-puccini\/","title":{"rendered":"Apatin\u0117 virtuv\u0117s spintel\u0117 2D Sorento D60T P\/L AX Puccini"},"content":{"rendered":"<p>Atraskite nauj\u0105 estetikos ir funkcionalumo dimensij\u0105 su garsaus \u201eGa\u0142a Meble\u201c prek\u0117s \u017eenklo \u201eSorento D60T P\/L AX Puccini\u201c apatine virtuv\u0117s spintele. \u0160is unikalus baldas \u2013 tai tobulas elegancijos ir prakti\u0161kumo derinys, praturtinsiantis j\u016bs\u0173 virtuv\u0119. I\u0161siskiriantis moderniu dizainu, tamsaus \u201ePuccini\u201c atspalvio priekis ir korpusas suteiks j\u016bs\u0173 erdvei prabangios atmosferos. Kiekvienas spintel\u0117s elementas buvo kruop\u0161\u010diai sukurtas, siekiant suteikti maksimali\u0105 naud\u0105 kasdieniam naudojimui. D\u0117l esteti\u0161k\u0173, juodo metalo ranken\u0173 spintel\u0117 ne tik atrodo stilingai, bet ir u\u017etikrina lengv\u0105 atidarym\u0105. Tai puikus sprendimas tiems, kurie vertina stili\u0173 ir modern\u0173 virtuv\u0117s dizain\u0105. \u0160io baldo funkcionalumas yra did\u017eiulis privalumas \u2013 penki prakti\u0161ki stal\u010diai su pilnu i\u0161traukimu, kuri\u0173 kiekvieno keliamoji galia siekia iki 40 kg. \u0160ie i\u0161maniai suprojektuoti stal\u010diai leid\u017eia lengvai susisteminti daiktus, suteikiant prieig\u0105 prie visko, ko jums reikia, akimirksniu. Visa tai palaiko tyliai u\u017esidarantys vyriai, kurie u\u017etikrina komfort\u0105 ir \u0161velnum\u0105 naudojimo metu.<\/p>","protected":false},"excerpt":{"rendered":"<p>Plotis (cm): 60<br \/>\n\u016agis (cm): 247<br \/>\nGylis (cm): 58<\/p>","protected":false},"featured_media":159137,"comment_status":"open","ping_status":"open","template":"","meta":[],"product_brand":[],"product_cat":[9436,4106],"product_tag":[],"class_list":{"0":"post-159136","1":"product","2":"type-product","3":"status-publish","4":"has-post-thumbnail","6":"product_cat-kitchen-system-sorento","7":"product_cat-gala-meble","9":"first","10":"instock","11":"purchasable","12":"product-type-simple"},"_links":{"self":[{"href":"https:\/\/baldumarket.lt\/lt\/wp-json\/wp\/v2\/product\/159136","targetHints":{"allow":["GET"]}}],"collection":[{"href":"https:\/\/baldumarket.lt\/lt\/wp-json\/wp\/v2\/product"}],"about":[{"href":"https:\/\/baldumarket.lt\/lt\/wp-json\/wp\/v2\/types\/product"}],"replies":[{"embeddable":true,"href":"https:\/\/baldumarket.lt\/lt\/wp-json\/wp\/v2\/comments?post=159136"}],"wp:featuredmedia":[{"embeddable":true,"href":"https:\/\/baldumarket.lt\/lt\/wp-json\/wp\/v2\/media\/159137"}],"wp:attachment":[{"href":"https:\/\/baldumarket.lt\/lt\/wp-json\/wp\/v2\/media?parent=159136"}],"wp:term":[{"taxonomy":"product_brand","embeddable":true,"href":"https:\/\/baldumarket.lt\/lt\/wp-json\/wp\/v2\/product_brand?post=159136"},{"taxonomy":"product_cat","embeddable":true,"href":"https:\/\/baldumarket.lt\/lt\/wp-json\/wp\/v2\/product_cat?post=159136"},{"taxonomy":"product_tag","embeddable":true,"href":"https:\/\/baldumarket.lt\/lt\/wp-json\/wp\/v2\/product_tag?post=159136"}],"curies":[{"name":"wp","href":"https:\/\/api.w.org\/{rel}","templated":true}]}}